{"id":9869,"date":"2014-06-27T15:48:53","date_gmt":"2014-06-27T15:48:53","guid":{"rendered":"http:\/\/192.168.100.222\/target_carts\/wordpress\/wordpress495\/wordpress\/?product=moniura-kiilahihnapyoran-ulosvedin"},"modified":"2024-09-30T09:52:58","modified_gmt":"2024-09-30T06:52:58","slug":"moniura-kiilahihnapyoran-ulosvedin","status":"publish","type":"product","link":"https:\/\/silikotek.sapartners.site\/index.php\/tuote\/moniura-kiilahihnapyoran-ulosvedin\/","title":{"rendered":"Kstools Moniura-kiilahihnapy\u00f6r\u00e4n ulosvedin 150.3170"},"content":{"rendered":"<p>Unboxing-video:<br \/>\n<iframe loading=\"lazy\" src=\"http:\/\/view.vzaar.com\/17610736\/video\" width=\"680\" height=\"510\"><\/iframe><br \/>\n<strong>Tekniset tiedot<\/strong><br \/>\nAkseli: 17 mm<br \/>\nLeuan syvyys B: 30mm<br \/>\nLeuan korkeus D: 10 mm<br \/>\nMax. v\u00e4\u00e4nt\u00f6: 35Nm<br \/>\nVarren k\u00e4rjen syvyys E: 9mm<br \/>\nVarren kokonainen syvyys F: 18 mm<br \/>\nVarren leveys G: 35 mm<br \/>\nPaino g: 1600g<br \/>\nMitat: 40 &#8211; 165mm<br \/>\nJakoavaimen koko SW: 17mm<br \/>\nKaran koko mm: M12 x 75<br \/>\nMax. kiristyksen leveys A: 40-165mm<\/p>\n<p>Esittelyvideo:<br \/>\n<iframe loading=\"lazy\" title=\"Anwendungsvideo Rillen-Riemenscheiben-Abzieher KS Tools 150.3170\" width=\"1080\" height=\"608\" src=\"https:\/\/www.youtube.com\/embed\/Pc1do4-4Gz4?feature=oembed\"  allow=\"accelerometer; autoplay; clipboard-write; encrypted-media; gyroscope; picture-in-picture\" allowfullscreen><\/iframe><\/p>\n","protected":false},"excerpt":{"rendered":"<ul>\n<li class=\"liste\">Urahihnapy\u00f6rille<\/li>\n<li class=\"liste\">Draw-off varsilla, lukitusmekanismi<\/li>\n<li class=\"liste\">Ehk\u00e4isee luisumista<\/li>\n<li class=\"liste\">Vaatii v\u00e4h\u00e4n tilaa kompaktin rakenteen takia<\/li>\n<\/ul>\n","protected":false},"featured_media":21352,"template":"","meta":{"_et_pb_use_builder":"","_et_pb_old_content":"","_et_gb_content_width":""},"pwb-brand":[1454],"product_brand":[],"product_cat":[751],"product_tag":[],"class_list":{"0":"post-9869","1":"product","2":"type-product","3":"status-publish","4":"has-post-thumbnail","6":"pwb-brand-kstools","7":"product_cat-moottori-tyokalut","9":"first","10":"instock","11":"taxable","12":"shipping-taxable","13":"purchasable","14":"product-type-simple"},"brands":[{"id":1454,"name":"Kstools","slug":"kstools"}],"_links":{"self":[{"href":"https:\/\/silikotek.sapartners.site\/index.php\/wp-json\/wp\/v2\/product\/9869","targetHints":{"allow":["GET"]}}],"collection":[{"href":"https:\/\/silikotek.sapartners.site\/index.php\/wp-json\/wp\/v2\/product"}],"about":[{"href":"https:\/\/silikotek.sapartners.site\/index.php\/wp-json\/wp\/v2\/types\/product"}],"wp:featuredmedia":[{"embeddable":true,"href":"https:\/\/silikotek.sapartners.site\/index.php\/wp-json\/wp\/v2\/media\/21352"}],"wp:attachment":[{"href":"https:\/\/silikotek.sapartners.site\/index.php\/wp-json\/wp\/v2\/media?parent=9869"}],"wp:term":[{"taxonomy":"pwb-brand","embeddable":true,"href":"https:\/\/silikotek.sapartners.site\/index.php\/wp-json\/wp\/v2\/pwb-brand?post=9869"},{"taxonomy":"product_brand","embeddable":true,"href":"https:\/\/silikotek.sapartners.site\/index.php\/wp-json\/wp\/v2\/product_brand?post=9869"},{"taxonomy":"product_cat","embeddable":true,"href":"https:\/\/silikotek.sapartners.site\/index.php\/wp-json\/wp\/v2\/product_cat?post=9869"},{"taxonomy":"product_tag","embeddable":true,"href":"https:\/\/silikotek.sapartners.site\/index.php\/wp-json\/wp\/v2\/product_tag?post=9869"}],"curies":[{"name":"wp","href":"https:\/\/api.w.org\/{rel}","templated":true}]}}