{"id":9865,"date":"2014-06-27T13:49:36","date_gmt":"2014-06-27T13:49:36","guid":{"rendered":"http:\/\/192.168.100.222\/target_carts\/wordpress\/wordpress495\/wordpress\/?product=yleiskayttoinen-kytkimen-keskitystyokalusarja"},"modified":"2018-09-12T14:31:41","modified_gmt":"2018-09-12T11:31:41","slug":"yleiskayttoinen-kytkimen-keskitystyokalusarja","status":"publish","type":"product","link":"https:\/\/silikotek.sapartners.site\/index.php\/tuote\/yleiskayttoinen-kytkimen-keskitystyokalusarja\/","title":{"rendered":"Yleisk\u00e4ytt\u00f6inen kytkimen keskitysty\u00f6kalusarja"},"content":{"rendered":"<ul>\n<li class=\"liste\">Oikeanlaiseen kytkimen asennukseen, sopii yksi- ja kaksilevyisille kytkimille<\/li>\n<li class=\"liste\">Sis. 10 adapteria joita voi k\u00e4ytt\u00e4\u00e4 p\u00e4\u00e4laakeriin \u00d8 10 &#8211; 30 mm<\/li>\n<li class=\"liste\">Mukana tule my\u00f6s kaksoiskartiotela kytkimille ilman p\u00e4\u00e4laakeria.<\/li>\n<li class=\"liste\">J\u00e4re\u00e4 toteutus<\/li>\n<\/ul>\n<div class=\"zeile1\"><strong>K\u00e4ytt\u00f6alue:<\/strong> Autot, SUV, ja kuljetus 3.5t asti<\/div>\n<p><strong>Tekniset tiedot<\/strong><br \/>\nPaino: 1910g<br \/>\nOsia: 19<br \/>\nPakkaus: Muovinen s\u00e4ilytyskotelo<\/p>\n","protected":false},"excerpt":{"rendered":"<p>Yleisk\u00e4ytt\u00f6inen kytkimen keskitysty\u00f6kalusarja<\/p>\n","protected":false},"featured_media":9864,"template":"","meta":{"_et_pb_use_builder":"","_et_pb_old_content":"","_et_gb_content_width":""},"pwb-brand":[],"product_brand":[],"product_cat":[769],"product_tag":[],"class_list":{"0":"post-9865","1":"product","2":"type-product","3":"status-publish","4":"has-post-thumbnail","6":"product_cat-vaihteisto-ja-voimansiirto","8":"first","9":"instock","10":"taxable","11":"shipping-taxable","12":"purchasable","13":"product-type-simple"},"brands":[],"_links":{"self":[{"href":"https:\/\/silikotek.sapartners.site\/index.php\/wp-json\/wp\/v2\/product\/9865","targetHints":{"allow":["GET"]}}],"collection":[{"href":"https:\/\/silikotek.sapartners.site\/index.php\/wp-json\/wp\/v2\/product"}],"about":[{"href":"https:\/\/silikotek.sapartners.site\/index.php\/wp-json\/wp\/v2\/types\/product"}],"wp:featuredmedia":[{"embeddable":true,"href":"https:\/\/silikotek.sapartners.site\/index.php\/wp-json\/wp\/v2\/media\/9864"}],"wp:attachment":[{"href":"https:\/\/silikotek.sapartners.site\/index.php\/wp-json\/wp\/v2\/media?parent=9865"}],"wp:term":[{"taxonomy":"pwb-brand","embeddable":true,"href":"https:\/\/silikotek.sapartners.site\/index.php\/wp-json\/wp\/v2\/pwb-brand?post=9865"},{"taxonomy":"product_brand","embeddable":true,"href":"https:\/\/silikotek.sapartners.site\/index.php\/wp-json\/wp\/v2\/product_brand?post=9865"},{"taxonomy":"product_cat","embeddable":true,"href":"https:\/\/silikotek.sapartners.site\/index.php\/wp-json\/wp\/v2\/product_cat?post=9865"},{"taxonomy":"product_tag","embeddable":true,"href":"https:\/\/silikotek.sapartners.site\/index.php\/wp-json\/wp\/v2\/product_tag?post=9865"}],"curies":[{"name":"wp","href":"https:\/\/api.w.org\/{rel}","templated":true}]}}