{"id":9861,"date":"2014-06-27T09:04:45","date_gmt":"2014-06-27T09:04:45","guid":{"rendered":"http:\/\/192.168.100.222\/target_carts\/wordpress\/wordpress495\/wordpress\/?product=kiristysruuvien-ulospainosarja-hydrauliikkakaralla"},"modified":"2018-09-19T13:47:06","modified_gmt":"2018-09-19T10:47:06","slug":"kiristysruuvien-ulospainosarja-hydrauliikkakaralla","status":"publish","type":"product","link":"https:\/\/silikotek.sapartners.site\/index.php\/tuote\/kiristysruuvien-ulospainosarja-hydrauliikkakaralla\/","title":{"rendered":"Kstools Kiristysruuvien ulospainosarja hydrauliikkakaralla 670.0075"},"content":{"rendered":"<p>Kiinnijuuttuneiden kiristysruuvien l\u00f6ysent\u00e4miseen (M10) 4-lenkki akseleilla<br \/>\nAlumiini- ja ter\u00e4sakseleille<br \/>\nIrrotusvoima jopa 12 t<br \/>\nHienos\u00e4\u00e4t\u00f6 optimaaliseen k\u00e4ytt\u00f6\u00f6n<strong><br \/>\nSopii n\u00e4ille automalleille:<\/strong> Audi A4, A6, VW Passat -97 ja uudemmat<\/p>\n<p><strong>Tekniset tiedot<\/strong><br \/>\nPaino: 4150g<br \/>\nOsia: 5<br \/>\nSuurin puristusleveys A: 65 &#8211; 125mm<br \/>\nPakkaus: Lujatekoinen muovinen s\u00e4ilytyslokero<\/p>\n<p><strong>Sis\u00e4lt\u00f6<\/strong><br \/>\n670.0074 Ulospainopuristin<br \/>\n670.0077 Litte\u00e4 painekappale<br \/>\n670.0078 Mandrel painekappale<br \/>\n670.0079 Kara M20x1,5 sis. mutterit ja renkaat nuts<br \/>\n980.1090 Erikoisrasva<\/p>\n","protected":false},"excerpt":{"rendered":"<p>Kiristysruuvien ulospainosarja hydrauliikkakaralla<\/p>\n","protected":false},"featured_media":9858,"template":"","meta":{"_et_pb_use_builder":"","_et_pb_old_content":"","_et_gb_content_width":""},"pwb-brand":[1454],"product_brand":[],"product_cat":[773],"product_tag":[],"class_list":{"0":"post-9861","1":"product","2":"type-product","3":"status-publish","4":"has-post-thumbnail","6":"pwb-brand-kstools","7":"product_cat-hydrauliset-puristimet","9":"first","10":"instock","11":"taxable","12":"shipping-taxable","13":"purchasable","14":"product-type-simple"},"brands":[{"id":1454,"name":"Kstools","slug":"kstools"}],"_links":{"self":[{"href":"https:\/\/silikotek.sapartners.site\/index.php\/wp-json\/wp\/v2\/product\/9861","targetHints":{"allow":["GET"]}}],"collection":[{"href":"https:\/\/silikotek.sapartners.site\/index.php\/wp-json\/wp\/v2\/product"}],"about":[{"href":"https:\/\/silikotek.sapartners.site\/index.php\/wp-json\/wp\/v2\/types\/product"}],"wp:featuredmedia":[{"embeddable":true,"href":"https:\/\/silikotek.sapartners.site\/index.php\/wp-json\/wp\/v2\/media\/9858"}],"wp:attachment":[{"href":"https:\/\/silikotek.sapartners.site\/index.php\/wp-json\/wp\/v2\/media?parent=9861"}],"wp:term":[{"taxonomy":"pwb-brand","embeddable":true,"href":"https:\/\/silikotek.sapartners.site\/index.php\/wp-json\/wp\/v2\/pwb-brand?post=9861"},{"taxonomy":"product_brand","embeddable":true,"href":"https:\/\/silikotek.sapartners.site\/index.php\/wp-json\/wp\/v2\/product_brand?post=9861"},{"taxonomy":"product_cat","embeddable":true,"href":"https:\/\/silikotek.sapartners.site\/index.php\/wp-json\/wp\/v2\/product_cat?post=9861"},{"taxonomy":"product_tag","embeddable":true,"href":"https:\/\/silikotek.sapartners.site\/index.php\/wp-json\/wp\/v2\/product_tag?post=9861"}],"curies":[{"name":"wp","href":"https:\/\/api.w.org\/{rel}","templated":true}]}}