{"id":9846,"date":"2014-06-25T16:04:51","date_gmt":"2014-06-25T16:04:51","guid":{"rendered":"http:\/\/192.168.100.222\/target_carts\/wordpress\/wordpress495\/wordpress\/?product=letkunkiristimien-lukkopihtisarja"},"modified":"2021-02-22T15:47:32","modified_gmt":"2021-02-22T13:47:32","slug":"letkunkiristimien-lukkopihtisarja","status":"publish","type":"product","link":"https:\/\/silikotek.sapartners.site\/index.php\/tuote\/letkunkiristimien-lukkopihtisarja\/","title":{"rendered":"Kstools Letkunkiristimien lukkopihtisarja 115.1125"},"content":{"rendered":"<p>[et_pb_section fb_built=&#8221;1&#8243; _builder_version=&#8221;3.22&#8243; custom_padding=&#8221;0px||||false|false&#8221;][et_pb_row _builder_version=&#8221;3.25&#8243; background_size=&#8221;initial&#8221; background_position=&#8221;top_left&#8221; background_repeat=&#8221;repeat&#8221; width=&#8221;100%&#8221; custom_padding=&#8221;0px||0px||false|false&#8221;][et_pb_column type=&#8221;4_4&#8243; _builder_version=&#8221;3.25&#8243; custom_padding=&#8221;|||&#8221; custom_padding__hover=&#8221;|||&#8221;][et_pb_wc_breadcrumb _builder_version=&#8221;3.0.47&#8243;][\/et_pb_wc_breadcrumb][et_pb_wc_cart_notice _builder_version=&#8221;3.0.47&#8243;][\/et_pb_wc_cart_notice][\/et_pb_column][\/et_pb_row][et_pb_row column_structure=&#8221;1_2,1_2&#8243; _builder_version=&#8221;3.25&#8243; background_size=&#8221;initial&#8221; background_position=&#8221;top_left&#8221; background_repeat=&#8221;repeat&#8221; width=&#8221;100%&#8221; custom_padding=&#8221;0px||||false|false&#8221;][et_pb_column type=&#8221;1_2&#8243; _builder_version=&#8221;3.25&#8243; custom_padding=&#8221;|||&#8221; custom_padding__hover=&#8221;|||&#8221;][et_pb_wc_images _builder_version=&#8221;3.0.47&#8243;][\/et_pb_wc_images][\/et_pb_column][et_pb_column type=&#8221;1_2&#8243; _builder_version=&#8221;3.25&#8243; custom_padding=&#8221;|||&#8221; custom_padding__hover=&#8221;|||&#8221;][et_pb_wc_title _builder_version=&#8221;3.0.47&#8243;][\/et_pb_wc_title][et_pb_wc_rating _builder_version=&#8221;3.0.47&#8243;][\/et_pb_wc_rating][et_pb_wc_price _builder_version=&#8221;3.0.47&#8243;][\/et_pb_wc_price][et_pb_wc_description _builder_version=&#8221;3.0.47&#8243;][\/et_pb_wc_description][et_pb_wc_add_to_cart _builder_version=&#8221;3.0.47&#8243;][\/et_pb_wc_add_to_cart][et_pb_wc_meta _builder_version=&#8221;3.0.47&#8243;][\/et_pb_wc_meta][\/et_pb_column][\/et_pb_row][et_pb_row _builder_version=&#8221;3.25&#8243; background_size=&#8221;initial&#8221; background_position=&#8221;top_left&#8221; background_repeat=&#8221;repeat&#8221; width=&#8221;100%&#8221;][et_pb_column type=&#8221;4_4&#8243; _builder_version=&#8221;3.25&#8243; custom_padding=&#8221;|||&#8221; custom_padding__hover=&#8221;|||&#8221;][et_pb_wc_tabs _builder_version=&#8221;3.0.47&#8243;]\t\t\t\t\t[\/et_pb_wc_tabs][et_pb_wc_upsells _builder_version=&#8221;3.0.47&#8243;][\/et_pb_wc_upsells][et_pb_wc_related_products _builder_version=&#8221;3.0.47&#8243;][\/et_pb_wc_related_products][\/et_pb_column][\/et_pb_row][\/et_pb_section][et_pb_section fb_built=&#8221;1&#8243; _builder_version=&#8221;3.22&#8243;][et_pb_row _builder_version=&#8221;3.25&#8243; background_size=&#8221;initial&#8221; background_position=&#8221;top_left&#8221; background_repeat=&#8221;repeat&#8221;][et_pb_column type=&#8221;4_4&#8243; _builder_version=&#8221;3.25&#8243; custom_padding=&#8221;|||&#8221; custom_padding__hover=&#8221;|||&#8221;][et_pb_video src=&#8221;https:\/\/www.youtube.com\/watch?v=hpZNC4HAnWs&#038;feature=youtu.be&#8221; _builder_version=&#8221;3.15&#8243;][\/et_pb_video][et_pb_text _builder_version=&#8221;3.27.4&#8243; background_size=&#8221;initial&#8221; background_position=&#8221;top_left&#8221; background_repeat=&#8221;repeat&#8221;]<\/p>\n<ul>\n<li class=\"liste\">Taotut pihtileuat<\/li>\n<li class=\"liste\">Sahalaiteinen toteutus<\/li>\n<li class=\"liste\">Koon s\u00e4\u00e4t\u00f6 s\u00e4\u00e4t\u00f6py\u00f6r\u00e4ll\u00e4<\/li>\n<li class=\"liste\">Pikalukitus vipu<\/li>\n<li class=\"liste\">Helppok\u00e4ytt\u00f6inen lukitus<\/li>\n<li class=\"liste\">Nikkelip\u00e4\u00e4llysteinen<\/li>\n<li class=\"liste\">Chrome vanadium<\/li>\n<\/ul>\n<p><strong>Tekniset tiedot<\/strong><br \/>\nMuoto: sahalaitainen<br \/>\npaino: 653g<br \/>\nMateriaali1: chrome vanadium ter\u00e4s<br \/>\nMateriaali2: nikkelip\u00e4\u00e4llyste<br \/>\nLiitinalue mm: 18-54<br \/>\nOsia: 2<\/p>\n<p><strong>Sis\u00e4lt\u00f6<\/strong><br \/>\n115.1126 Lukkopihti 150 mm<br \/>\n115.1127 Lukkopihti 230mm<br \/>\n[\/et_pb_text][\/et_pb_column][\/et_pb_row][\/et_pb_section]<\/p>\n","protected":false},"excerpt":{"rendered":"<p>Sis\u00e4lt\u00e4\u00e4 175 ja 230 mm pihdit letkunkiristimien asentamiseen.<\/p>\n","protected":false},"featured_media":24688,"template":"","meta":{"_et_pb_use_builder":"on","_et_pb_old_content":"<ul>\r\n \t<li class=\"liste\">Taotut pihtileuat<\/li>\r\n \t<li class=\"liste\">Sahalaiteinen toteutus<\/li>\r\n \t<li class=\"liste\">Koon s\u00e4\u00e4t\u00f6 s\u00e4\u00e4t\u00f6py\u00f6r\u00e4ll\u00e4<\/li>\r\n \t<li class=\"liste\">Pikalukitus vipu<\/li>\r\n \t<li class=\"liste\">Helppok\u00e4ytt\u00f6inen lukitus<\/li>\r\n \t<li class=\"liste\">Nikkelip\u00e4\u00e4llysteinen<\/li>\r\n \t<li class=\"liste\">Chrome vanadium<\/li>\r\n<\/ul>\r\n<strong>Tekniset tiedot<\/strong>\r\nMuoto: sahalaitainen\r\npaino: 653g\r\nMateriaali1: chrome vanadium ter\u00e4s\r\nMateriaali2: nikkelip\u00e4\u00e4llyste\r\nLiitinalue mm: 18-54\r\nOsia: 2\r\n\r\n<strong>Sis\u00e4lt\u00f6<\/strong>\r\n115.1126 Lukkopihti 175 mm\r\n115.1127 Lukkopihti 230mm","_et_gb_content_width":""},"pwb-brand":[1454],"product_brand":[],"product_cat":[479],"product_tag":[],"class_list":{"0":"post-9846","1":"product","2":"type-product","3":"status-publish","4":"has-post-thumbnail","6":"pwb-brand-kstools","7":"product_cat-lukkopihdit","9":"first","10":"instock","11":"taxable","12":"shipping-taxable","13":"purchasable","14":"product-type-simple"},"brands":[{"id":1454,"name":"Kstools","slug":"kstools"}],"_links":{"self":[{"href":"https:\/\/silikotek.sapartners.site\/index.php\/wp-json\/wp\/v2\/product\/9846","targetHints":{"allow":["GET"]}}],"collection":[{"href":"https:\/\/silikotek.sapartners.site\/index.php\/wp-json\/wp\/v2\/product"}],"about":[{"href":"https:\/\/silikotek.sapartners.site\/index.php\/wp-json\/wp\/v2\/types\/product"}],"wp:featuredmedia":[{"embeddable":true,"href":"https:\/\/silikotek.sapartners.site\/index.php\/wp-json\/wp\/v2\/media\/24688"}],"wp:attachment":[{"href":"https:\/\/silikotek.sapartners.site\/index.php\/wp-json\/wp\/v2\/media?parent=9846"}],"wp:term":[{"taxonomy":"pwb-brand","embeddable":true,"href":"https:\/\/silikotek.sapartners.site\/index.php\/wp-json\/wp\/v2\/pwb-brand?post=9846"},{"taxonomy":"product_brand","embeddable":true,"href":"https:\/\/silikotek.sapartners.site\/index.php\/wp-json\/wp\/v2\/product_brand?post=9846"},{"taxonomy":"product_cat","embeddable":true,"href":"https:\/\/silikotek.sapartners.site\/index.php\/wp-json\/wp\/v2\/product_cat?post=9846"},{"taxonomy":"product_tag","embeddable":true,"href":"https:\/\/silikotek.sapartners.site\/index.php\/wp-json\/wp\/v2\/product_tag?post=9846"}],"curies":[{"name":"wp","href":"https:\/\/api.w.org\/{rel}","templated":true}]}}