{"id":9830,"date":"2014-06-25T10:39:22","date_gmt":"2014-06-25T10:39:22","guid":{"rendered":"http:\/\/192.168.100.222\/target_carts\/wordpress\/wordpress495\/wordpress\/?product=kuumailmapistoolisarja"},"modified":"2024-09-30T09:53:16","modified_gmt":"2024-09-30T06:53:16","slug":"kuumailmapuhallin","status":"publish","type":"product","link":"https:\/\/silikotek.sapartners.site\/index.php\/tuote\/kuumailmapuhallin\/","title":{"rendered":"Kuumailmapuhallin Kstools 960.1190"},"content":{"rendered":"<p>[et_pb_section fb_built=&#8221;1&#8243; _builder_version=&#8221;3.22&#8243; custom_padding=&#8221;0px||||false|false&#8221; fb_built=&#8221;1&#8243; _i=&#8221;0&#8243; _address=&#8221;0&#8243;][et_pb_row _builder_version=&#8221;3.25&#8243; background_size=&#8221;initial&#8221; background_position=&#8221;top_left&#8221; background_repeat=&#8221;repeat&#8221; width=&#8221;100%&#8221; custom_padding=&#8221;0px||0px||false|false&#8221; _i=&#8221;0&#8243; _address=&#8221;0.0&#8243;][et_pb_column type=&#8221;4_4&#8243; _builder_version=&#8221;3.25&#8243; custom_padding=&#8221;|||&#8221; _i=&#8221;0&#8243; _address=&#8221;0.0.0&#8243; custom_padding__hover=&#8221;|||&#8221;][et_pb_wc_breadcrumb _builder_version=&#8221;3.0.47&#8243; _i=&#8221;0&#8243; _address=&#8221;0.0.0.0&#8243;][\/et_pb_wc_breadcrumb][et_pb_wc_cart_notice _builder_version=&#8221;3.0.47&#8243; _i=&#8221;1&#8243; _address=&#8221;0.0.0.1&#8243;][\/et_pb_wc_cart_notice][\/et_pb_column][\/et_pb_row][et_pb_row column_structure=&#8221;1_2,1_2&#8243; _builder_version=&#8221;3.25&#8243; background_size=&#8221;initial&#8221; background_position=&#8221;top_left&#8221; background_repeat=&#8221;repeat&#8221; width=&#8221;100%&#8221; custom_padding=&#8221;0px||||false|false&#8221; _i=&#8221;1&#8243; _address=&#8221;0.1&#8243;][et_pb_column type=&#8221;1_2&#8243; _builder_version=&#8221;3.25&#8243; custom_padding=&#8221;|||&#8221; _i=&#8221;0&#8243; _address=&#8221;0.1.0&#8243; custom_padding__hover=&#8221;|||&#8221;][et_pb_wc_images _builder_version=&#8221;3.0.47&#8243; _i=&#8221;0&#8243; _address=&#8221;0.1.0.0&#8243;][\/et_pb_wc_images][\/et_pb_column][et_pb_column type=&#8221;1_2&#8243; _builder_version=&#8221;3.25&#8243; custom_padding=&#8221;|||&#8221; _i=&#8221;1&#8243; _address=&#8221;0.1.1&#8243; custom_padding__hover=&#8221;|||&#8221;][et_pb_wc_title _builder_version=&#8221;3.0.47&#8243; _i=&#8221;0&#8243; _address=&#8221;0.1.1.0&#8243;][\/et_pb_wc_title][et_pb_wc_rating _builder_version=&#8221;3.0.47&#8243; _i=&#8221;1&#8243; _address=&#8221;0.1.1.1&#8243;][\/et_pb_wc_rating][et_pb_wc_price _builder_version=&#8221;3.0.47&#8243; _i=&#8221;2&#8243; _address=&#8221;0.1.1.2&#8243;][\/et_pb_wc_price][et_pb_wc_description _builder_version=&#8221;3.0.47&#8243; _i=&#8221;3&#8243; _address=&#8221;0.1.1.3&#8243;][\/et_pb_wc_description][et_pb_wc_add_to_cart _builder_version=&#8221;3.0.47&#8243; form_field_text_align=&#8221;center&#8221; form_field_background_color=&#8221;#cccccc&#8221; _i=&#8221;4&#8243; _address=&#8221;0.1.1.4&#8243;][\/et_pb_wc_add_to_cart][et_pb_wc_meta _builder_version=&#8221;3.0.47&#8243; _i=&#8221;5&#8243; _address=&#8221;0.1.1.5&#8243;][\/et_pb_wc_meta][\/et_pb_column][\/et_pb_row][et_pb_row _builder_version=&#8221;3.25&#8243; background_size=&#8221;initial&#8221; background_position=&#8221;top_left&#8221; background_repeat=&#8221;repeat&#8221; width=&#8221;100%&#8221; _i=&#8221;2&#8243; _address=&#8221;0.2&#8243;][et_pb_column type=&#8221;4_4&#8243; _builder_version=&#8221;3.25&#8243; custom_padding=&#8221;|||&#8221; _i=&#8221;0&#8243; _address=&#8221;0.2.0&#8243; custom_padding__hover=&#8221;|||&#8221;][et_pb_wc_tabs _builder_version=&#8221;3.0.47&#8243; _i=&#8221;0&#8243; _address=&#8221;0.2.0.0&#8243;]\t\t\t\t\t[\/et_pb_wc_tabs][et_pb_wc_upsells _builder_version=&#8221;3.0.47&#8243; _i=&#8221;1&#8243; _address=&#8221;0.2.0.1&#8243;][\/et_pb_wc_upsells][et_pb_wc_related_products _builder_version=&#8221;3.0.47&#8243; _i=&#8221;2&#8243; _address=&#8221;0.2.0.2&#8243;][\/et_pb_wc_related_products][\/et_pb_column][\/et_pb_row][\/et_pb_section][et_pb_section fb_built=&#8221;1&#8243; admin_label=&#8221;section&#8221; _builder_version=&#8221;3.22&#8243; fb_built=&#8221;1&#8243; bb_built=&#8221;1&#8243; _i=&#8221;1&#8243; _address=&#8221;1&#8243;][et_pb_row admin_label=&#8221;row&#8221; _builder_version=&#8221;3.25&#8243; background_size=&#8221;initial&#8221; background_position=&#8221;top_left&#8221; background_repeat=&#8221;repeat&#8221; _i=&#8221;0&#8243; _address=&#8221;1.0&#8243;][et_pb_column type=&#8221;4_4&#8243; _builder_version=&#8221;3.25&#8243; custom_padding=&#8221;|||&#8221; _i=&#8221;0&#8243; _address=&#8221;1.0.0&#8243; custom_padding__hover=&#8221;|||&#8221;][et_pb_video src=&#8221;http:\/\/video-premium.vzaar.com\/vzaar\/txz\/-cu\/target\/txz-cucDsPH0_640_360_730.mp4?response-content-disposition=inline&#038;AWSAccessKeyId=AKIAJ74MFWNVAFH6P7FQ&#038;Expires=1537188474&#038;Signature=ogU5EfMr3boGVVwgwaPMy%2FriQmw%3D&#8221; _builder_version=&#8221;3.13.1&#8243; _i=&#8221;0&#8243; _address=&#8221;1.0.0.0&#8243;][\/et_pb_video][et_pb_text admin_label=&#8221;Text&#8221; _builder_version=&#8221;3.27.4&#8243; background_size=&#8221;initial&#8221; background_position=&#8221;top_left&#8221; background_repeat=&#8221;repeat&#8221; _i=&#8221;1&#8243; _address=&#8221;1.0.0.1&#8243;]<strong>Tekniset tiedot:<\/strong><br \/>\nLeveys B: 80 mm<br \/>\nK\u00e4ytt\u00f6j\u00e4nnite: 220V-240V (50Hz)<br \/>\nPaino: 700g<br \/>\nKorkeus: 210 mm<br \/>\nKokonaispituus: 255mm<br \/>\nKapasiteetti: 2000 Watt<br \/>\nIlmankulutus: 500l\/min<br \/>\nOsia: 5<\/p>\n<p><strong>Sis\u00e4lt\u00f6<\/strong><br \/>\n960.1191 Kuumailmapistooli<br \/>\n960.1192 Laaja puhallusputki 75 mm<br \/>\n960.1193 Palauttava puhallusputki<br \/>\n960.1194 Rajoitin 45mm<br \/>\n960.1195 Rajoitin 14mm<br \/>\n[\/et_pb_text][\/et_pb_column][\/et_pb_row][\/et_pb_section]<\/p>\n","protected":false},"excerpt":{"rendered":"<div class=\"detail-middle--description\">\n<div class=\"product--description\">\n<ul>\n<li class=\"liste\">tehokas kaksitehoinen kuumailmapuhallin<\/li>\n<li class=\"liste\">portaaton l\u00e4mp\u00f6tilan s\u00e4\u00e4t\u00f6<\/li>\n<li class=\"liste\">s\u00e4\u00e4t\u00f6py\u00f6r\u00e4, jossa 6 l\u00e4mp\u00f6tila-alueen merkinn\u00e4t<\/li>\n<li class=\"liste\">tuki pystyyn asettamista varten<\/li>\n<li class=\"liste\">sis\u00e4lt\u00e4\u00e4 4 erilaista suutinta<\/li>\n<li class=\"liste\">Tehoasteen 1: 200\u2013300 l\/min (enint. 450 \u00b0C)<\/li>\n<li class=\"liste\">Tehoasteen 2: 350\u2013500 l\/min (enint. 650 \u00b0C)<\/li>\n<li class=\"liste\">L\u00e4mp\u00f6tilan s\u00e4\u00e4t\u00f6: 1\u224850 \u00b0C \/ 2\u2248100 \u00b0C \/ 3\u2248200 \u00b0C \/ 4\u2248350 \u00b0C \/ 5\u2248550 \u00b0C \/ 6\u2248650 \u00b0C<\/li>\n<\/ul>\n<div class=\"zeile1\"><b>K\u00e4ytt\u00f6kohteet:<\/b>\u00a0maalin poistaminen, putkien juottaminen, PVC:n kutistaminen, muovien hitsaaminen ja taivuttaminen, kuivaukset, sulatus jne.<\/div>\n<\/div>\n<\/div>\n<div class=\"detail-middle--properties\">\n<h2 class=\"h4\">OMINAISUUDET<\/h2>\n<div class=\"product--properties panel\">\n<table class=\"product--properties-table\">\n<tbody>\n<tr class=\"product--properties-item\">\n<td class=\"product--properties-label\">K\u00e4ytt\u00f6j\u00e4nnite:<\/td>\n<td><span class=\"product--properties-value\">220V-240V (50Hz)<\/span><\/td>\n<\/tr>\n<tr class=\"product--properties-item\">\n<td class=\"product--properties-label\">Teho (W):<\/td>\n<td><span class=\"product--properties-value\">2000 wattia<\/span><\/td>\n<\/tr>\n<tr class=\"product--properties-item\">\n<td class=\"product--properties-label\">Pakkauksen sis\u00e4lt\u00f6:<\/td>\n<td><span class=\"product--properties-value\">1<\/span><\/td>\n<\/tr>\n<tr class=\"product--properties-item\">\n<td class=\"product--properties-label\">Osia sarjassa:<\/td>\n<td><span class=\"product--properties-value\">5<\/span><\/td>\n<\/tr>\n<tr class=\"product--properties-item\">\n<td class=\"product--properties-label\">Kokonaispituus L (mm):<\/td>\n<td><span class=\"product--properties-value\">260.0<\/span><\/td>\n<\/tr>\n<tr class=\"product--properties-item\">\n<td class=\"product--properties-label\">Leveys B:<\/td>\n<td><span class=\"product--properties-value\">80.0<\/span><\/td>\n<\/tr>\n<tr class=\"product--properties-item\">\n<td class=\"product--properties-label\">Paino g:<\/td>\n<td><span class=\"product--properties-value\">1110<\/span><\/td>\n<\/tr>\n<tr class=\"product--properties-item\">\n<td class=\"product--properties-label\">Korkeus H:<\/td>\n<td><span class=\"product--properties-value\">210<\/span><\/td>\n<\/tr>\n<tr class=\"product--properties-item\">\n<td class=\"product--properties-label\">Ilmankulutus, l\/min:<\/td>\n<td><span class=\"product--properties-value\">500<\/span><\/td>\n<\/tr>\n<tr class=\"product--properties-item\">\n<td class=\"product--properties-label\">K\u00e4ytt\u00f6tapa:<\/td>\n<td><span class=\"product--properties-value\">Akkupakkaus<\/span><\/td>\n<\/tr>\n<tr class=\"product--properties-item\">\n<td class=\"product--properties-label\">K\u00e4ytt\u00f6virta:<\/td>\n<td><span class=\"product--properties-value\">8 A<\/span><\/td>\n<\/tr>\n<tr class=\"product--properties-item\">\n<td class=\"product--properties-label\">Unboxing link:<\/td>\n<\/tr>\n<\/tbody>\n<\/table>\n<\/div>\n<\/div>\n","protected":false},"featured_media":9829,"template":"","meta":{"_et_pb_use_builder":"on","_et_pb_old_content":"<strong>Tekniset tiedot:<\/strong>\r\nLeveys B: 80 mm\r\nK\u00e4ytt\u00f6j\u00e4nnite: 220V-240V (50Hz)\r\nPaino: 700g\r\nKorkeus: 210 mm\r\nKokonaispituus: 255mm\r\nKapasiteetti: 2000 Watt\r\nIlmankulutus: 500l\/min\r\nOsia: 5\r\n\r\n<strong>Sis\u00e4lt\u00f6<\/strong>\r\n960.1191 Kuumailmapistooli\r\n960.1192 Laaja puhallusputki 75 mm\r\n960.1193 Palauttava puhallusputki\r\n960.1194 Rajoitin 45mm\r\n960.1195 Rajoitin 14mm","_et_gb_content_width":""},"pwb-brand":[1454],"product_brand":[],"product_cat":[851,753],"product_tag":[1526],"class_list":{"0":"post-9830","1":"product","2":"type-product","3":"status-publish","4":"has-post-thumbnail","6":"pwb-brand-kstools","7":"product_cat-kuumailmapuhaltimet","8":"product_cat-autosahkotyokalut","9":"product_tag-kuumailmapistooli","11":"first","12":"instock","13":"taxable","14":"shipping-taxable","15":"purchasable","16":"product-type-simple"},"brands":[{"id":1454,"name":"Kstools","slug":"kstools"}],"_links":{"self":[{"href":"https:\/\/silikotek.sapartners.site\/index.php\/wp-json\/wp\/v2\/product\/9830","targetHints":{"allow":["GET"]}}],"collection":[{"href":"https:\/\/silikotek.sapartners.site\/index.php\/wp-json\/wp\/v2\/product"}],"about":[{"href":"https:\/\/silikotek.sapartners.site\/index.php\/wp-json\/wp\/v2\/types\/product"}],"wp:featuredmedia":[{"embeddable":true,"href":"https:\/\/silikotek.sapartners.site\/index.php\/wp-json\/wp\/v2\/media\/9829"}],"wp:attachment":[{"href":"https:\/\/silikotek.sapartners.site\/index.php\/wp-json\/wp\/v2\/media?parent=9830"}],"wp:term":[{"taxonomy":"pwb-brand","embeddable":true,"href":"https:\/\/silikotek.sapartners.site\/index.php\/wp-json\/wp\/v2\/pwb-brand?post=9830"},{"taxonomy":"product_brand","embeddable":true,"href":"https:\/\/silikotek.sapartners.site\/index.php\/wp-json\/wp\/v2\/product_brand?post=9830"},{"taxonomy":"product_cat","embeddable":true,"href":"https:\/\/silikotek.sapartners.site\/index.php\/wp-json\/wp\/v2\/product_cat?post=9830"},{"taxonomy":"product_tag","embeddable":true,"href":"https:\/\/silikotek.sapartners.site\/index.php\/wp-json\/wp\/v2\/product_tag?post=9830"}],"curies":[{"name":"wp","href":"https:\/\/api.w.org\/{rel}","templated":true}]}}