{"id":9806,"date":"2014-06-23T20:23:57","date_gmt":"2014-06-23T20:23:57","guid":{"rendered":"http:\/\/192.168.100.222\/target_carts\/wordpress\/wordpress495\/wordpress\/?product=piippuavaimet-sarjassa-517-0310-kstools"},"modified":"2014-06-23T20:29:56","modified_gmt":"2014-06-23T20:29:56","slug":"piippuavaimet-sarjassa-517-0310-kstools","status":"publish","type":"product","link":"https:\/\/silikotek.sapartners.site\/index.php\/tuote\/piippuavaimet-sarjassa-517-0310-kstools\/","title":{"rendered":"Piippuavaimet sarjassa 517.0310 Kstools"},"content":{"rendered":"<p>Sarja sis\u00e4lt\u00e4\u00e4 seuraavat avaimet.<\/p>\n<p>517.0301 CLASSIC Piippuavain, 8x9mm<br \/>517.0302 CLASSIC Piippuavain, 10x11mm<br \/>517.0303 CLASSIC Piippuavain, 12x13mm<br \/>517.0304 CLASSIC Piippuavain, 14x15mm<br \/>517.0305 CLASSIC Piippuavain, 16x17mm<br \/>517.0306 CLASSIC Piippuavain, 18x19mm<\/p>\n","protected":false},"excerpt":{"rendered":"<p>Piippuavain sarja 6-os, 12 kokoa<\/p>\n","protected":false},"featured_media":9805,"template":"","meta":{"_et_pb_use_builder":"","_et_pb_old_content":"","_et_gb_content_width":""},"pwb-brand":[],"product_brand":[],"product_cat":[767],"product_tag":[],"class_list":{"0":"post-9806","1":"product","2":"type-product","3":"status-publish","4":"has-post-thumbnail","6":"product_cat-piippuavaimet","8":"first","9":"instock","10":"sale","11":"taxable","12":"shipping-taxable","13":"purchasable","14":"product-type-simple"},"brands":[],"_links":{"self":[{"href":"https:\/\/silikotek.sapartners.site\/index.php\/wp-json\/wp\/v2\/product\/9806","targetHints":{"allow":["GET"]}}],"collection":[{"href":"https:\/\/silikotek.sapartners.site\/index.php\/wp-json\/wp\/v2\/product"}],"about":[{"href":"https:\/\/silikotek.sapartners.site\/index.php\/wp-json\/wp\/v2\/types\/product"}],"wp:featuredmedia":[{"embeddable":true,"href":"https:\/\/silikotek.sapartners.site\/index.php\/wp-json\/wp\/v2\/media\/9805"}],"wp:attachment":[{"href":"https:\/\/silikotek.sapartners.site\/index.php\/wp-json\/wp\/v2\/media?parent=9806"}],"wp:term":[{"taxonomy":"pwb-brand","embeddable":true,"href":"https:\/\/silikotek.sapartners.site\/index.php\/wp-json\/wp\/v2\/pwb-brand?post=9806"},{"taxonomy":"product_brand","embeddable":true,"href":"https:\/\/silikotek.sapartners.site\/index.php\/wp-json\/wp\/v2\/product_brand?post=9806"},{"taxonomy":"product_cat","embeddable":true,"href":"https:\/\/silikotek.sapartners.site\/index.php\/wp-json\/wp\/v2\/product_cat?post=9806"},{"taxonomy":"product_tag","embeddable":true,"href":"https:\/\/silikotek.sapartners.site\/index.php\/wp-json\/wp\/v2\/product_tag?post=9806"}],"curies":[{"name":"wp","href":"https:\/\/api.w.org\/{rel}","templated":true}]}}