{"id":9804,"date":"2014-06-23T19:49:17","date_gmt":"2014-06-23T19:49:17","guid":{"rendered":"http:\/\/192.168.100.222\/target_carts\/wordpress\/wordpress495\/wordpress\/?product=kiintolenkkiavaimet-chrome-11-os-8-22mm-kstools"},"modified":"2023-01-04T23:26:46","modified_gmt":"2023-01-04T21:26:46","slug":"kiintolenkkiavaimet-chrome-11-os-8-22mm-kstools","status":"publish","type":"product","link":"https:\/\/silikotek.sapartners.site\/index.php\/tuote\/kiintolenkkiavaimet-chrome-11-os-8-22mm-kstools\/","title":{"rendered":"Kstools Kiintolenkkiavaimet CHROME + 11-osaa 8-22mm 518.0641"},"content":{"rendered":"<p>&nbsp;<\/p>\n<p>Sis\u00e4lt\u00e4\u00e4 seuraavat avaimet<\/p>\n<ul>\n<li class=\"liste\">518.0608 CHROME+ Kiintolenkki, 8mm<br \/>\n518.0609 CHROME+ Kiintolenkki, 9mm<br \/>\n518.0610 CHROME+ Kiintolenkki, 10mm<br \/>\n518.0611 CHROME+ Kiintolenkki, 11mm<br \/>\n518.0612 CHROME+ Kiintolenkki, 12mm<br \/>\n518.0613 CHROME+ Kiintolenkki, 13mm<br \/>\n518.0614 CHROME+ Kiintolenkki, 14mm<br \/>\n518.0615 CHROME+ Kiintolenkki, 15mm<br \/>\n518.0617 CHROME+ Kiintolenkki, 17mm<br \/>\n518.0619 CHROME+ Kiintolenkki, 19mm<br \/>\n518.0622 CHROME+ Kiintolenkki, 22mm<\/li>\n<\/ul>\n","protected":false},"excerpt":{"rendered":"<p>Kstoolsin laadukas kiintolenkkisarja. Kromattu ja peilikiilottettu. Avaimet saatavana my\u00f6s yksitt\u00e4in jos vaikka hukkaat muutaman. 12 kulmaiinen profiili, DIN 3113 \/ ISO 3318 \/ ISO 7738, avolenkki 15\u00b0 offset, kiintoavain 15\u00b0 offset, Kromattu ja peilikiillotettu, Chrome vanadium<\/p>\n","protected":false},"featured_media":20927,"template":"","meta":{"_et_pb_use_builder":"","_et_pb_old_content":"","_et_gb_content_width":""},"pwb-brand":[1454],"product_brand":[],"product_cat":[500],"product_tag":[],"class_list":{"0":"post-9804","1":"product","2":"type-product","3":"status-publish","4":"has-post-thumbnail","6":"pwb-brand-kstools","7":"product_cat-kiintolenkkiavaimet","9":"first","10":"instock","11":"taxable","12":"shipping-taxable","13":"purchasable","14":"product-type-simple"},"brands":[{"id":1454,"name":"Kstools","slug":"kstools"}],"_links":{"self":[{"href":"https:\/\/silikotek.sapartners.site\/index.php\/wp-json\/wp\/v2\/product\/9804","targetHints":{"allow":["GET"]}}],"collection":[{"href":"https:\/\/silikotek.sapartners.site\/index.php\/wp-json\/wp\/v2\/product"}],"about":[{"href":"https:\/\/silikotek.sapartners.site\/index.php\/wp-json\/wp\/v2\/types\/product"}],"wp:featuredmedia":[{"embeddable":true,"href":"https:\/\/silikotek.sapartners.site\/index.php\/wp-json\/wp\/v2\/media\/20927"}],"wp:attachment":[{"href":"https:\/\/silikotek.sapartners.site\/index.php\/wp-json\/wp\/v2\/media?parent=9804"}],"wp:term":[{"taxonomy":"pwb-brand","embeddable":true,"href":"https:\/\/silikotek.sapartners.site\/index.php\/wp-json\/wp\/v2\/pwb-brand?post=9804"},{"taxonomy":"product_brand","embeddable":true,"href":"https:\/\/silikotek.sapartners.site\/index.php\/wp-json\/wp\/v2\/product_brand?post=9804"},{"taxonomy":"product_cat","embeddable":true,"href":"https:\/\/silikotek.sapartners.site\/index.php\/wp-json\/wp\/v2\/product_cat?post=9804"},{"taxonomy":"product_tag","embeddable":true,"href":"https:\/\/silikotek.sapartners.site\/index.php\/wp-json\/wp\/v2\/product_tag?post=9804"}],"curies":[{"name":"wp","href":"https:\/\/api.w.org\/{rel}","templated":true}]}}