{"id":9706,"date":"2014-06-09T19:38:50","date_gmt":"2014-06-09T19:38:50","guid":{"rendered":"http:\/\/192.168.100.222\/target_carts\/wordpress\/wordpress495\/wordpress\/?product=laser-lite-korvatulppia-ls-400-annostelijaan"},"modified":"2014-06-17T21:58:00","modified_gmt":"2014-06-17T21:58:00","slug":"laser-lite-korvatulppia-ls-400-annostelijaan","status":"publish","type":"product","link":"https:\/\/silikotek.sapartners.site\/index.php\/tuote\/laser-lite-korvatulppia-ls-400-annostelijaan\/","title":{"rendered":"Laser-Lite Korvatulppia LS 400 annostelijaan"},"content":{"rendered":"<p>Eritt\u00e4in laadukas itsest\u00e4\u00e4n muotoiltuva korvatulppa vaahtomuovista. T\u00e4ytt\u00f6pussi 200 paria<\/p>\n","protected":false},"excerpt":{"rendered":"<h3><span id=\"current_obj\" style=\"font-weight: normal;\"><span class=\"breadcrumb item-2 \">Laser-Lite Korvatulppa<\/span><\/span><\/h3>\n","protected":false},"featured_media":9705,"template":"","meta":{"_et_pb_use_builder":"","_et_pb_old_content":"","_et_gb_content_width":""},"pwb-brand":[],"product_brand":[],"product_cat":[316],"product_tag":[],"class_list":{"0":"post-9706","1":"product","2":"type-product","3":"status-publish","4":"has-post-thumbnail","6":"product_cat-korvatulpat-ja-sangalliset-korvatulpat","8":"first","9":"instock","10":"sale","11":"taxable","12":"shipping-taxable","13":"purchasable","14":"product-type-simple"},"brands":[],"_links":{"self":[{"href":"https:\/\/silikotek.sapartners.site\/index.php\/wp-json\/wp\/v2\/product\/9706","targetHints":{"allow":["GET"]}}],"collection":[{"href":"https:\/\/silikotek.sapartners.site\/index.php\/wp-json\/wp\/v2\/product"}],"about":[{"href":"https:\/\/silikotek.sapartners.site\/index.php\/wp-json\/wp\/v2\/types\/product"}],"wp:featuredmedia":[{"embeddable":true,"href":"https:\/\/silikotek.sapartners.site\/index.php\/wp-json\/wp\/v2\/media\/9705"}],"wp:attachment":[{"href":"https:\/\/silikotek.sapartners.site\/index.php\/wp-json\/wp\/v2\/media?parent=9706"}],"wp:term":[{"taxonomy":"pwb-brand","embeddable":true,"href":"https:\/\/silikotek.sapartners.site\/index.php\/wp-json\/wp\/v2\/pwb-brand?post=9706"},{"taxonomy":"product_brand","embeddable":true,"href":"https:\/\/silikotek.sapartners.site\/index.php\/wp-json\/wp\/v2\/product_brand?post=9706"},{"taxonomy":"product_cat","embeddable":true,"href":"https:\/\/silikotek.sapartners.site\/index.php\/wp-json\/wp\/v2\/product_cat?post=9706"},{"taxonomy":"product_tag","embeddable":true,"href":"https:\/\/silikotek.sapartners.site\/index.php\/wp-json\/wp\/v2\/product_tag?post=9706"}],"curies":[{"name":"wp","href":"https:\/\/api.w.org\/{rel}","templated":true}]}}