{"id":9663,"date":"2014-05-26T11:34:45","date_gmt":"2014-05-26T11:34:45","guid":{"rendered":"http:\/\/192.168.100.222\/target_carts\/wordpress\/wordpress495\/wordpress\/?product=visiiri-sundstrom-sr-540-ex"},"modified":"2021-06-15T14:04:49","modified_gmt":"2021-06-15T11:04:49","slug":"visiiri-sundstrom-sr-540-ex","status":"publish","type":"product","link":"https:\/\/silikotek.sapartners.site\/index.php\/tuote\/visiiri-sundstrom-sr-540-ex\/","title":{"rendered":"Visiiri SUNDSTR\u00d6M SR 540 EX"},"content":{"rendered":"<p>Visiiri SUNDSTR\u00d6M SR 540 EX. <a><img decoding=\"async\" src=\"http:\/\/192.168.100.222\/target_carts\/wordpress\/wordpress495\/wordpress\/wp-content\/uploads\/cm\/Content\/Images\/Articles\/v35\/FSIZE\/336601.jpg\" alt=\"\" border=\"0\" \/><\/a><\/p>\n<p>Ainutlaatuinen kasvonsuojus SR 540 EX on luokiteltu korkeimpaan suojaustasoon, jonka nimellinen suojauskerroin on 500. Kasvonsuojaimessa on kevyt yl\u00f6sk\u00e4\u00e4nnett\u00e4v\u00e4 visiiri, jossa on leve\u00e4 n\u00e4k\u00f6kentt\u00e4. Visiiri on helposti vaihdettavissa. Korkea suojauskerroin takaa turvallisuuden my\u00f6s sellaisissa t\u00f6iss\u00e4, joissa ei aiemmin ole voitu k\u00e4ytt\u00e4\u00e4 kasvonsuojainta. N\u00e4k\u00f6levyn materiaalina PC tai PETG.<br \/>\n<strong>Vastaa EN 12941:1998, luokan TH3 vaatimuksia.<\/strong><\/p>\n<p><strong>Yhdess\u00e4 SR 500 EX puhaltimen kanssa:<\/strong><\/p>\n<p><strong>EX luokka II 2 G EEx ib IIA T3.<br \/>\nEX luokka II 2 D Ex ibD T195.<\/strong><\/p>\n<p><strong>Todellinen suojauskerroin 200<\/strong><\/p>\n","protected":false},"excerpt":{"rendered":"<p>Visiiri SUNDSTR\u00d6M SR 540 EX<\/p>\n","protected":false},"featured_media":9662,"template":"","meta":{"_et_pb_use_builder":"","_et_pb_old_content":"","_et_gb_content_width":""},"pwb-brand":[],"product_brand":[],"product_cat":[325],"product_tag":[],"class_list":{"0":"post-9663","1":"product","2":"type-product","3":"status-publish","4":"has-post-thumbnail","6":"product_cat-moottoroidut-hengityssuojaimet","8":"first","9":"instock","10":"sale","11":"taxable","12":"shipping-taxable","13":"purchasable","14":"product-type-simple"},"brands":[],"_links":{"self":[{"href":"https:\/\/silikotek.sapartners.site\/index.php\/wp-json\/wp\/v2\/product\/9663","targetHints":{"allow":["GET"]}}],"collection":[{"href":"https:\/\/silikotek.sapartners.site\/index.php\/wp-json\/wp\/v2\/product"}],"about":[{"href":"https:\/\/silikotek.sapartners.site\/index.php\/wp-json\/wp\/v2\/types\/product"}],"wp:featuredmedia":[{"embeddable":true,"href":"https:\/\/silikotek.sapartners.site\/index.php\/wp-json\/wp\/v2\/media\/9662"}],"wp:attachment":[{"href":"https:\/\/silikotek.sapartners.site\/index.php\/wp-json\/wp\/v2\/media?parent=9663"}],"wp:term":[{"taxonomy":"pwb-brand","embeddable":true,"href":"https:\/\/silikotek.sapartners.site\/index.php\/wp-json\/wp\/v2\/pwb-brand?post=9663"},{"taxonomy":"product_brand","embeddable":true,"href":"https:\/\/silikotek.sapartners.site\/index.php\/wp-json\/wp\/v2\/product_brand?post=9663"},{"taxonomy":"product_cat","embeddable":true,"href":"https:\/\/silikotek.sapartners.site\/index.php\/wp-json\/wp\/v2\/product_cat?post=9663"},{"taxonomy":"product_tag","embeddable":true,"href":"https:\/\/silikotek.sapartners.site\/index.php\/wp-json\/wp\/v2\/product_tag?post=9663"}],"curies":[{"name":"wp","href":"https:\/\/api.w.org\/{rel}","templated":true}]}}