{"id":9572,"date":"2014-05-21T13:24:04","date_gmt":"2014-05-21T10:24:04","guid":{"rendered":"http:\/\/192.168.100.222\/target_carts\/wordpress\/wordpress495\/wordpress\/?product=sievi-talvikengat-frost"},"modified":"2020-01-16T07:41:26","modified_gmt":"2020-01-16T05:41:26","slug":"sievi-talvikengat-frost","status":"publish","type":"product","link":"https:\/\/silikotek.sapartners.site\/index.php\/tuote\/sievi-talvikengat-frost\/","title":{"rendered":"Sievi Frost Talvikeng\u00e4t"},"content":{"rendered":"<div class=\"mobile-hidden\">\n<div class=\"productdata\">\n<div class=\"label\">Turvaluokitus: EN ISO 20347: O1 SRB FO<\/div>\n<\/div>\n<div class=\"productdata\">\n<div class=\"label\">Pohjamateriaali: Kaksikerros PU\/RU<\/div>\n<\/div>\n<div class=\"productdata\">\n<div class=\"label\">P\u00e4\u00e4llismateriaali: Pintanahka<\/div>\n<\/div>\n<div class=\"productdata\">\n<div class=\"label\">Lesti: M-38 Normaali<\/div>\n<\/div>\n<\/div>\n","protected":false},"excerpt":{"rendered":"<p>L\u00e4mminvuorinen nilkkuri GripStep\u00ae-kitkapohjalla. GripStep\u00ae-pohjarakenteessa yhdistyv\u00e4t PU:n ja TR-kumin kitkaominaisuudet pidon maksimoinniksi. Nahkap\u00e4\u00e4llisen harkitut yksityiskohdat on toteutettu nupukilla ja koristetikkauksilla. Varrensuussa haljasnahkaa. Alumiinikalvolla varustettu pohjallinen pit\u00e4\u00e4 kylm\u00e4n jalkineen ulkopuolella ja l\u00e4mm\u00f6n sis\u00e4ll\u00e4. Nauhat ja vetoketju.<\/p>\n","protected":false},"featured_media":19081,"template":"","meta":{"_et_pb_use_builder":"","_et_pb_old_content":"","_et_gb_content_width":""},"pwb-brand":[1450],"product_brand":[],"product_cat":[760,729],"product_tag":[],"class_list":{"0":"post-9572","1":"product","2":"type-product","3":"status-publish","4":"has-post-thumbnail","6":"pwb-brand-sievin-jalkine","7":"product_cat-talvi-ammattikengat","8":"product_cat-nilkkurit-tyokengat","9":"pa_kenkakoko-1016","10":"pa_kenkakoko-1017","11":"pa_kenkakoko-1018","12":"pa_kenkakoko-1019","13":"pa_kenkakoko-1020","14":"pa_kenkakoko-1021","15":"pa_kenkakoko-1022","16":"pa_kenkakoko-1023","17":"pa_kenkakoko-1024","18":"pa_kenkakoko-1029","20":"first","21":"instock","22":"taxable","23":"shipping-taxable","24":"purchasable","25":"product-type-variable"},"brands":[{"id":1450,"name":"Sievin Jalkine","slug":"sievin-jalkine"}],"_links":{"self":[{"href":"https:\/\/silikotek.sapartners.site\/index.php\/wp-json\/wp\/v2\/product\/9572","targetHints":{"allow":["GET"]}}],"collection":[{"href":"https:\/\/silikotek.sapartners.site\/index.php\/wp-json\/wp\/v2\/product"}],"about":[{"href":"https:\/\/silikotek.sapartners.site\/index.php\/wp-json\/wp\/v2\/types\/product"}],"wp:featuredmedia":[{"embeddable":true,"href":"https:\/\/silikotek.sapartners.site\/index.php\/wp-json\/wp\/v2\/media\/19081"}],"wp:attachment":[{"href":"https:\/\/silikotek.sapartners.site\/index.php\/wp-json\/wp\/v2\/media?parent=9572"}],"wp:term":[{"taxonomy":"pwb-brand","embeddable":true,"href":"https:\/\/silikotek.sapartners.site\/index.php\/wp-json\/wp\/v2\/pwb-brand?post=9572"},{"taxonomy":"product_brand","embeddable":true,"href":"https:\/\/silikotek.sapartners.site\/index.php\/wp-json\/wp\/v2\/product_brand?post=9572"},{"taxonomy":"product_cat","embeddable":true,"href":"https:\/\/silikotek.sapartners.site\/index.php\/wp-json\/wp\/v2\/product_cat?post=9572"},{"taxonomy":"product_tag","embeddable":true,"href":"https:\/\/silikotek.sapartners.site\/index.php\/wp-json\/wp\/v2\/product_tag?post=9572"}],"curies":[{"name":"wp","href":"https:\/\/api.w.org\/{rel}","templated":true}]}}