{"id":9355,"date":"2014-05-19T20:02:15","date_gmt":"2014-05-19T20:02:15","guid":{"rendered":"http:\/\/192.168.100.222\/target_carts\/wordpress\/wordpress495\/wordpress\/?product=suojalasi-zekler-90-pc-hc-af"},"modified":"2018-12-11T15:31:53","modified_gmt":"2018-12-11T13:31:53","slug":"suojalasi-zekler-90-pc-hc-af","status":"publish","type":"product","link":"https:\/\/silikotek.sapartners.site\/index.php\/tuote\/suojalasi-zekler-90-pc-hc-af\/","title":{"rendered":"Zekler 90 HC\/AF Suojalasi (PC tai AC)"},"content":{"rendered":"<p>Suojalasi ZEKLER 90.<br \/>\nKirkas polykarbonaatti- tai asetaattilinssi. Kest\u00e4\u00e4 hyvin kemikaaleja.<\/p>\n<p>Kehykset PVC, joka mukailee kasvojen muotoja.<\/p>\n<ul>\n<li>Tehokas ilmanvaihto.<\/li>\n<li>S\u00e4\u00e4dett\u00e4v\u00e4t kuminauhat mahdollistavat kasvonsuojan samanaikaisen k\u00e4yt\u00f6n.<\/li>\n<li>Helposti vaihdettavat linssit.<\/li>\n<li>UV-suoja.<\/li>\n<li>HC\/AF = Huurtumisen- ja naarmuuntumisenesto<\/li>\n<\/ul>\n<p><strong>Vastaa vaatimuksia EN 166, klass 1BT34N. (polykarbonaattilinssi), luokka 1FT34 (asetaattilinssi) sek\u00e4 EN 170.<\/strong><\/p>\n","protected":false},"excerpt":{"rendered":"<p>Suojalasi ZEKLER 90<\/p>\n","protected":false},"featured_media":9354,"template":"","meta":{"_et_pb_use_builder":"","_et_pb_old_content":"","_et_gb_content_width":""},"pwb-brand":[1544],"product_brand":[],"product_cat":[1542],"product_tag":[],"class_list":{"0":"post-9355","1":"product","2":"type-product","3":"status-publish","4":"has-post-thumbnail","6":"pwb-brand-zekler","7":"product_cat-suojalasit","8":"pa_vari-ac","9":"pa_vari-pc","11":"first","12":"outofstock","13":"taxable","14":"shipping-taxable","15":"purchasable","16":"product-type-variable"},"brands":[{"id":1544,"name":"Zekler","slug":"zekler"}],"_links":{"self":[{"href":"https:\/\/silikotek.sapartners.site\/index.php\/wp-json\/wp\/v2\/product\/9355","targetHints":{"allow":["GET"]}}],"collection":[{"href":"https:\/\/silikotek.sapartners.site\/index.php\/wp-json\/wp\/v2\/product"}],"about":[{"href":"https:\/\/silikotek.sapartners.site\/index.php\/wp-json\/wp\/v2\/types\/product"}],"wp:featuredmedia":[{"embeddable":true,"href":"https:\/\/silikotek.sapartners.site\/index.php\/wp-json\/wp\/v2\/media\/9354"}],"wp:attachment":[{"href":"https:\/\/silikotek.sapartners.site\/index.php\/wp-json\/wp\/v2\/media?parent=9355"}],"wp:term":[{"taxonomy":"pwb-brand","embeddable":true,"href":"https:\/\/silikotek.sapartners.site\/index.php\/wp-json\/wp\/v2\/pwb-brand?post=9355"},{"taxonomy":"product_brand","embeddable":true,"href":"https:\/\/silikotek.sapartners.site\/index.php\/wp-json\/wp\/v2\/product_brand?post=9355"},{"taxonomy":"product_cat","embeddable":true,"href":"https:\/\/silikotek.sapartners.site\/index.php\/wp-json\/wp\/v2\/product_cat?post=9355"},{"taxonomy":"product_tag","embeddable":true,"href":"https:\/\/silikotek.sapartners.site\/index.php\/wp-json\/wp\/v2\/product_tag?post=9355"}],"curies":[{"name":"wp","href":"https:\/\/api.w.org\/{rel}","templated":true}]}}