{"id":9344,"date":"2014-05-19T16:21:28","date_gmt":"2014-05-19T13:21:28","guid":{"rendered":"http:\/\/192.168.100.222\/target_carts\/wordpress\/wordpress495\/wordpress\/?product=sievi-riff-sbae-hollannikkaat-koot-39-47"},"modified":"2020-05-14T10:01:24","modified_gmt":"2020-05-14T07:01:24","slug":"sievi-riff-sbae-hollannikkaat-koot-39-47","status":"publish","type":"product","link":"https:\/\/silikotek.sapartners.site\/index.php\/tuote\/sievi-riff-sbae-hollannikkaat-koot-39-47\/","title":{"rendered":"Sievi Riff SBAE Hollannikkaat"},"content":{"rendered":"<div class=\"mobile-hidden\">\n<div class=\"productdata\">\n<div class=\"label\">Turvaluokitus: EN ISO 20345: SB SRC A E FO<\/div>\n<\/div>\n<div class=\"productdata\">\n<div class=\"label\">Varvassuoja: Ter\u00e4s<\/div>\n<\/div>\n<div class=\"productdata\">\n<div class=\"label\">Pohjamateriaali: 1-kerros PU<\/div>\n<\/div>\n<div class=\"productdata\">\n<div class=\"label\">P\u00e4\u00e4llismateriaali: PU-nahka<\/div>\n<\/div>\n<div class=\"productdata\">\n<div class=\"label\">Lesti: M-50 Normaali<\/div>\n<\/div>\n<\/div>\n","protected":false},"excerpt":{"rendered":"<p>Varvassuojalla ja joustavalla kantahihnalla varustetut, mukavat ja helppok\u00e4ytt\u00f6iset hollannikkaat sopivat moniin eri ty\u00f6teht\u00e4viin. P\u00e4\u00e4llismateriaali on kest\u00e4v\u00e4\u00e4 ja vett\u00e4 hylkiv\u00e4\u00e4 nahkaa. Pit\u00e4v\u00e4, joustava sek\u00e4 \u00f6ljy\u00e4 ja useita kemikaaleja kest\u00e4v\u00e4 pohja. ESD-hyv\u00e4ksytty.<\/p>\n","protected":false},"featured_media":19772,"template":"","meta":{"_et_pb_use_builder":"","_et_pb_old_content":"","_et_gb_content_width":""},"pwb-brand":[1450],"product_brand":[],"product_cat":[723,720],"product_tag":[1566,1567],"class_list":{"0":"post-9344","1":"product","2":"type-product","3":"status-publish","4":"has-post-thumbnail","6":"pwb-brand-sievin-jalkine","7":"product_cat-sandaalit-turva","8":"product_cat-turvakengat","9":"product_tag-pistokkaat","10":"product_tag-turvasandaalit","11":"pa_kenkakoko-1025","12":"pa_kenkakoko-1026","13":"pa_kenkakoko-1027","14":"pa_kenkakoko-1028","15":"pa_kenkakoko-1016","16":"pa_kenkakoko-1017","17":"pa_kenkakoko-1018","18":"pa_kenkakoko-1019","19":"pa_kenkakoko-1020","20":"pa_kenkakoko-1021","21":"pa_kenkakoko-1022","22":"pa_kenkakoko-1023","23":"pa_kenkakoko-1024","24":"pa_kenkakoko-1029","26":"first","27":"instock","28":"taxable","29":"shipping-taxable","30":"purchasable","31":"product-type-variable"},"brands":[{"id":1450,"name":"Sievin Jalkine","slug":"sievin-jalkine"}],"_links":{"self":[{"href":"https:\/\/silikotek.sapartners.site\/index.php\/wp-json\/wp\/v2\/product\/9344","targetHints":{"allow":["GET"]}}],"collection":[{"href":"https:\/\/silikotek.sapartners.site\/index.php\/wp-json\/wp\/v2\/product"}],"about":[{"href":"https:\/\/silikotek.sapartners.site\/index.php\/wp-json\/wp\/v2\/types\/product"}],"wp:featuredmedia":[{"embeddable":true,"href":"https:\/\/silikotek.sapartners.site\/index.php\/wp-json\/wp\/v2\/media\/19772"}],"wp:attachment":[{"href":"https:\/\/silikotek.sapartners.site\/index.php\/wp-json\/wp\/v2\/media?parent=9344"}],"wp:term":[{"taxonomy":"pwb-brand","embeddable":true,"href":"https:\/\/silikotek.sapartners.site\/index.php\/wp-json\/wp\/v2\/pwb-brand?post=9344"},{"taxonomy":"product_brand","embeddable":true,"href":"https:\/\/silikotek.sapartners.site\/index.php\/wp-json\/wp\/v2\/product_brand?post=9344"},{"taxonomy":"product_cat","embeddable":true,"href":"https:\/\/silikotek.sapartners.site\/index.php\/wp-json\/wp\/v2\/product_cat?post=9344"},{"taxonomy":"product_tag","embeddable":true,"href":"https:\/\/silikotek.sapartners.site\/index.php\/wp-json\/wp\/v2\/product_tag?post=9344"}],"curies":[{"name":"wp","href":"https:\/\/api.w.org\/{rel}","templated":true}]}}