{"id":9290,"date":"2014-05-19T15:17:09","date_gmt":"2014-05-19T12:17:09","guid":{"rendered":"http:\/\/192.168.100.222\/target_carts\/wordpress\/wordpress495\/wordpress\/?product=suoja-lukulasi-zekler-55-bifocal"},"modified":"2018-12-04T11:36:48","modified_gmt":"2018-12-04T09:36:48","slug":"suoja-lukulasi-zekler-55-bifocal","status":"publish","type":"product","link":"https:\/\/silikotek.sapartners.site\/index.php\/tuote\/suoja-lukulasi-zekler-55-bifocal\/","title":{"rendered":"Zekler 55 Bifocal Suoja-\/Lukulasi"},"content":{"rendered":"<ul>\n<li>S\u00e4\u00e4dett\u00e4v\u00e4 linssien kulma.<\/li>\n<li>Pehme\u00e4 nen\u00e4tuki.<\/li>\n<li>Kirkas= UV-Suoja.<\/li>\n<li>Kaksiosainen linssi, lukulasialue hiottu plusvoimakkuuksille +1,0\/+1,5\/+2,0\/+2,5.<\/li>\n<li>HC = Suojattu naarmuuntumista vastaan<\/li>\n<\/ul>\n<p><strong>Vastaa EN 166, luokka 1F sek\u00e4 EN 170 vaatimuksia.<\/strong><\/p>\n","protected":false},"excerpt":{"rendered":"<p>Suojalasit vahvuuksilla\u00a0 ZEKLER 55 Bifocal<\/p>\n<p>Suoja-\/lukulasi nelj\u00e4ll\u00e4 eri voimakkuudella.<\/p>\n<p>Kirkas polykarbonaattilinssi. S\u00e4\u00e4dett\u00e4v\u00e4t sangat ovat kovan ja pehme\u00e4n muovin seosta.<\/p>\n","protected":false},"featured_media":18542,"template":"","meta":{"_et_pb_use_builder":"","_et_pb_old_content":"","_et_gb_content_width":""},"pwb-brand":[1544],"product_brand":[],"product_cat":[1542],"product_tag":[],"class_list":{"0":"post-9290","1":"product","2":"type-product","3":"status-publish","4":"has-post-thumbnail","6":"pwb-brand-zekler","7":"product_cat-suojalasit","8":"pa_vahvuudet-1203","9":"pa_vahvuudet-1204","10":"pa_vahvuudet-1205","11":"pa_vahvuudet-1206","13":"first","14":"instock","15":"taxable","16":"shipping-taxable","17":"product-type-variable"},"brands":[{"id":1544,"name":"Zekler","slug":"zekler"}],"_links":{"self":[{"href":"https:\/\/silikotek.sapartners.site\/index.php\/wp-json\/wp\/v2\/product\/9290","targetHints":{"allow":["GET"]}}],"collection":[{"href":"https:\/\/silikotek.sapartners.site\/index.php\/wp-json\/wp\/v2\/product"}],"about":[{"href":"https:\/\/silikotek.sapartners.site\/index.php\/wp-json\/wp\/v2\/types\/product"}],"wp:featuredmedia":[{"embeddable":true,"href":"https:\/\/silikotek.sapartners.site\/index.php\/wp-json\/wp\/v2\/media\/18542"}],"wp:attachment":[{"href":"https:\/\/silikotek.sapartners.site\/index.php\/wp-json\/wp\/v2\/media?parent=9290"}],"wp:term":[{"taxonomy":"pwb-brand","embeddable":true,"href":"https:\/\/silikotek.sapartners.site\/index.php\/wp-json\/wp\/v2\/pwb-brand?post=9290"},{"taxonomy":"product_brand","embeddable":true,"href":"https:\/\/silikotek.sapartners.site\/index.php\/wp-json\/wp\/v2\/product_brand?post=9290"},{"taxonomy":"product_cat","embeddable":true,"href":"https:\/\/silikotek.sapartners.site\/index.php\/wp-json\/wp\/v2\/product_cat?post=9290"},{"taxonomy":"product_tag","embeddable":true,"href":"https:\/\/silikotek.sapartners.site\/index.php\/wp-json\/wp\/v2\/product_tag?post=9290"}],"curies":[{"name":"wp","href":"https:\/\/api.w.org\/{rel}","templated":true}]}}