{"id":911,"date":"2014-03-31T10:48:09","date_gmt":"2014-03-31T10:48:09","guid":{"rendered":"http:\/\/192.168.100.222\/target_carts\/wordpress\/wordpress495\/wordpress\/?product=puukkosaha-sspe-1300-sx"},"modified":"2020-07-02T13:02:21","modified_gmt":"2020-07-02T10:02:21","slug":"puukkosaha-sspe-1300-sx","status":"publish","type":"product","link":"https:\/\/silikotek.sapartners.site\/index.php\/tuote\/puukkosaha-sspe-1300-sx\/","title":{"rendered":"Milwaukee Puukkosaha SSPE  1300 SX"},"content":{"rendered":"<table class=\"table product__detail-table js-responsive-table\">\n<tbody>\n<tr>\n<th class=\"product__detail-table--no-border table-area-heading\">Tekniset tiedot<\/th>\n<th class=\"product__detail-table--no-border product__detail-table--centered\">\u00a0SSPE 1300 SX<\/th>\n<\/tr>\n<tr>\n<th>AVS-t\u00e4rin\u00e4nestoj\u00e4rjestelm\u00e4<\/th>\n<td data-th=\"AVS-t\u00e4rin\u00e4nestoj\u00e4rjestelm\u00e4\">Kyll\u00e4<\/td>\n<\/tr>\n<tr>\n<th>Iskun pituus (mm)<\/th>\n<td data-th=\"Iskun pituus (mm)\">32<\/td>\n<\/tr>\n<tr>\n<th>Kuormittamaton iskuluku (isk.\/min.)<\/th>\n<td data-th=\"Kuormittamaton iskuluku (isk.\/min.)\">0 &#8211; 2800<\/td>\n<\/tr>\n<tr>\n<th>Paino (kg)<\/th>\n<td data-th=\"Paino (kg)\">3.9<\/td>\n<\/tr>\n<tr>\n<th>Sis\u00e4\u00e4nottoteho (W)<\/th>\n<td data-th=\"Sis\u00e4\u00e4nottoteho (W)\">1300<\/td>\n<\/tr>\n<tr>\n<th>T\u00e4rin\u00e4taso levyj\u00e4 leikatessa: ep\u00e4varmuus (m\/s\u00b2)<\/th>\n<td data-th=\"T\u00e4rin\u00e4taso levyj\u00e4 leikatessa: ep\u00e4varmuus (m\/s\u00b2)\">1,5<\/td>\n<\/tr>\n<tr>\n<th>T\u00e4rin\u00e4taso levyj\u00e4 sahatessa (m\/s\u00b2)<\/th>\n<td data-th=\"T\u00e4rin\u00e4taso levyj\u00e4 sahatessa (m\/s\u00b2)\">14,5<\/td>\n<\/tr>\n<tr>\n<th>T\u00e4rin\u00e4taso palkkeja sahatessa (m\/s\u00b2)<\/th>\n<td data-th=\"T\u00e4rin\u00e4taso palkkeja sahatessa (m\/s\u00b2)\">22,5<\/td>\n<\/tr>\n<tr>\n<th>T\u00e4rin\u00e4taso palkkeja sahatessa: ep\u00e4varmuus (m\/s\u00b2)<\/th>\n<td data-th=\"T\u00e4rin\u00e4taso palkkeja sahatessa: ep\u00e4varmuus (m\/s\u00b2)\">1,5<\/td>\n<\/tr>\n<tr>\n<th>Ter\u00e4n nopeus (r\/min)<\/th>\n<td data-th=\"Ter\u00e4n nopeus (r\/min)\">0-3.00<\/td>\n<\/tr>\n<tr>\n<th>Toimitetaan<\/th>\n<td data-th=\"Toimitetaan\">Muovilaatikko<\/td>\n<\/tr>\n<tr>\n<th>Tuotenumero<\/th>\n<td data-th=\"Tuotenumero\">4933428520<\/td>\n<\/tr>\n<tr>\n<th>Ulosottoteho (W)<\/th>\n<td data-th=\"Ulosottoteho (W)\">600<\/td>\n<\/tr>\n<tr>\n<th>Vakiovarustus<\/th>\n<td data-th=\"Vakiovarustus\">1 x SAWZALL&#x2122;-sahanter\u00e4, avaimellinen lis\u00e4ter\u00e4npidike, 4 m johto<\/td>\n<\/tr>\n<tr class=\"table__accordion-btn\">\n<th colspan=\"2\"><\/th>\n<\/tr>\n<\/tbody>\n<\/table>\n<table class=\"table product__detail-table js-responsive-table\">\n<tbody>\n<tr class=\"table__hidden-area js-hidden-table-area is-active\">\n<th>\u00c4\u00e4nen tehotaso (dB(A))<\/th>\n<td data-th=\"\u00c4\u00e4nen tehotaso (dB(A))\">102<\/td>\n<\/tr>\n<tr class=\"table__hidden-area js-hidden-table-area is-active\">\n<th>\u00c4\u00e4nentehotason ep\u00e4varmuus (dB(A))<\/th>\n<td data-th=\"\u00c4\u00e4nentehotason ep\u00e4varmuus (dB(A))\">3<\/td>\n<\/tr>\n<tr class=\"table__hidden-area js-hidden-table-area is-active\">\n<th>Akustinen paine &#8211; ep\u00e4varmuus (dB(A))<\/th>\n<td data-th=\"Akustinen paine - ep\u00e4varmuus (dB(A))\">3<\/td>\n<\/tr>\n<tr class=\"table__hidden-area js-hidden-table-area is-active\">\n<th>Akustinen paine (dB(A))<\/th>\n<td data-th=\"Akustinen paine (dB(A))\">91<\/td>\n<\/tr>\n<\/tbody>\n<\/table>\n<p>&nbsp;<\/p>\n","protected":false},"excerpt":{"rendered":"<div class=\"product__description-content js-product-content\">\n<p>1300 W moottori ja 32 mm iskunpituus. Patentoitu vaihteensuojakytkin pident\u00e4\u00e4 vaihteiston ja moottorin k\u00e4ytt\u00f6ik\u00e4\u00e4 absorboimalla \u00e4killisten ter\u00e4n lukkiutumisen aiheuttamia iskuja. FIXTEC&#x2122;-ter\u00e4npidin mahdollistaa helpot ja nopeat ter\u00e4n vaihdot. Patentoitu AVS-t\u00e4rin\u00e4nvaimennusj\u00e4rjestelm\u00e4 v\u00e4hent\u00e4\u00e4 vahingoittavaa t\u00e4rin\u00e4\u00e4 ja takaa alle 14,5 m\/s\u00b2 t\u00e4rin\u00e4tason.<br \/>\nPortaaton nopeuden s\u00e4\u00e4t\u00f6 ja nopeudens\u00e4\u00e4d\u00f6n valitsin tuottavat maksimaalisen nopeuden hallinnan. Avaimeton sahaussyvyyden s\u00e4\u00e4t\u00f6 terien optimoituun k\u00e4ytt\u00f6\u00f6n.<\/p>\n<p>Mukana toimitetaan SAWZALL&#x2122;-sahanter\u00e4, avaimellinen lis\u00e4ter\u00e4npidike ja 4 m johto.<\/p>\n<\/div>\n","protected":false},"featured_media":23020,"template":"","meta":{"_et_pb_use_builder":"","_et_pb_old_content":"","_et_gb_content_width":""},"pwb-brand":[1452],"product_brand":[],"product_cat":[803],"product_tag":[],"class_list":{"0":"post-911","1":"product","2":"type-product","3":"status-publish","4":"has-post-thumbnail","6":"pwb-brand-milwaukee","7":"product_cat-puukkosahat","9":"first","10":"instock","11":"taxable","12":"shipping-taxable","13":"purchasable","14":"product-type-simple"},"brands":[{"id":1452,"name":"Milwaukee","slug":"milwaukee"}],"_links":{"self":[{"href":"https:\/\/silikotek.sapartners.site\/index.php\/wp-json\/wp\/v2\/product\/911","targetHints":{"allow":["GET"]}}],"collection":[{"href":"https:\/\/silikotek.sapartners.site\/index.php\/wp-json\/wp\/v2\/product"}],"about":[{"href":"https:\/\/silikotek.sapartners.site\/index.php\/wp-json\/wp\/v2\/types\/product"}],"wp:featuredmedia":[{"embeddable":true,"href":"https:\/\/silikotek.sapartners.site\/index.php\/wp-json\/wp\/v2\/media\/23020"}],"wp:attachment":[{"href":"https:\/\/silikotek.sapartners.site\/index.php\/wp-json\/wp\/v2\/media?parent=911"}],"wp:term":[{"taxonomy":"pwb-brand","embeddable":true,"href":"https:\/\/silikotek.sapartners.site\/index.php\/wp-json\/wp\/v2\/pwb-brand?post=911"},{"taxonomy":"product_brand","embeddable":true,"href":"https:\/\/silikotek.sapartners.site\/index.php\/wp-json\/wp\/v2\/product_brand?post=911"},{"taxonomy":"product_cat","embeddable":true,"href":"https:\/\/silikotek.sapartners.site\/index.php\/wp-json\/wp\/v2\/product_cat?post=911"},{"taxonomy":"product_tag","embeddable":true,"href":"https:\/\/silikotek.sapartners.site\/index.php\/wp-json\/wp\/v2\/product_tag?post=911"}],"curies":[{"name":"wp","href":"https:\/\/api.w.org\/{rel}","templated":true}]}}