{"id":907,"date":"2014-03-31T10:48:09","date_gmt":"2014-03-31T10:48:09","guid":{"rendered":"http:\/\/192.168.100.222\/target_carts\/wordpress\/wordpress495\/wordpress\/?product=ruuvinvaannin-dwse-4000-q-milwaukee"},"modified":"2017-08-22T08:49:29","modified_gmt":"2017-08-22T08:49:29","slug":"ruuvinvaannin-dwse-4000-q-milwaukee","status":"publish","type":"product","link":"https:\/\/silikotek.sapartners.site\/index.php\/tuote\/ruuvinvaannin-dwse-4000-q-milwaukee\/","title":{"rendered":"RUUVINV\u00c4\u00c4NNIN  DWSE 4000 Q MILWAUKEE"},"content":{"rendered":"<p>Eritt\u00e4in tehokas ja nopea 725 W:n ruuvinv\u00e4\u00e4nnin sein\u00e4levyjen kiinnitykseen.Metallinen vaihdepes\u00e4.<br \/>Hiljainen sulkukytkin. Helposti irroitettava &#8221;snap-on&#8221; etuosan syvyysrajoitin. Softgrip. QUIK-LOK nopeaan<br \/>viallisen kaapelin vaihtoon. Tyhj\u00e4k\u00e4yntikierrosluku. Helppo ruuvaussyvyyden s\u00e4\u00e4t\u00f6. Hiljainen sulkukytkin.<br \/>Paino 1,3 kg. 4 m kaapeli, ter\u00e4npidin, Phillips nro 2, vy\u00f6pidin<\/p>\n","protected":false},"excerpt":{"rendered":"<p>RUUVINV\u00c4\u00c4NNIN\u00a0 DWSE 4000 Q MILWAUKEE. Kolmen vuoden takuulla rekister\u00f6im\u00e4ll\u00e4 kone.<\/p>\n","protected":false},"featured_media":906,"template":"","meta":{"_et_pb_use_builder":"","_et_pb_old_content":"","_et_gb_content_width":""},"pwb-brand":[],"product_brand":[],"product_cat":[382],"product_tag":[],"class_list":{"0":"post-907","1":"product","2":"type-product","3":"status-publish","4":"has-post-thumbnail","6":"product_cat-ruuvinkiertimet-mutterinvaantime","8":"first","9":"instock","10":"taxable","11":"shipping-taxable","12":"purchasable","13":"product-type-simple"},"brands":[],"_links":{"self":[{"href":"https:\/\/silikotek.sapartners.site\/index.php\/wp-json\/wp\/v2\/product\/907","targetHints":{"allow":["GET"]}}],"collection":[{"href":"https:\/\/silikotek.sapartners.site\/index.php\/wp-json\/wp\/v2\/product"}],"about":[{"href":"https:\/\/silikotek.sapartners.site\/index.php\/wp-json\/wp\/v2\/types\/product"}],"wp:featuredmedia":[{"embeddable":true,"href":"https:\/\/silikotek.sapartners.site\/index.php\/wp-json\/wp\/v2\/media\/906"}],"wp:attachment":[{"href":"https:\/\/silikotek.sapartners.site\/index.php\/wp-json\/wp\/v2\/media?parent=907"}],"wp:term":[{"taxonomy":"pwb-brand","embeddable":true,"href":"https:\/\/silikotek.sapartners.site\/index.php\/wp-json\/wp\/v2\/pwb-brand?post=907"},{"taxonomy":"product_brand","embeddable":true,"href":"https:\/\/silikotek.sapartners.site\/index.php\/wp-json\/wp\/v2\/product_brand?post=907"},{"taxonomy":"product_cat","embeddable":true,"href":"https:\/\/silikotek.sapartners.site\/index.php\/wp-json\/wp\/v2\/product_cat?post=907"},{"taxonomy":"product_tag","embeddable":true,"href":"https:\/\/silikotek.sapartners.site\/index.php\/wp-json\/wp\/v2\/product_tag?post=907"}],"curies":[{"name":"wp","href":"https:\/\/api.w.org\/{rel}","templated":true}]}}