{"id":9028,"date":"2014-05-15T15:32:53","date_gmt":"2014-05-15T12:32:53","guid":{"rendered":"http:\/\/192.168.100.222\/target_carts\/wordpress\/wordpress495\/wordpress\/?product=sievi-roller-high-xl-s3-koot-39-47"},"modified":"2020-01-22T07:41:26","modified_gmt":"2020-01-22T05:41:26","slug":"sievi-roller-high-xl-s3-koot-39-47","status":"publish","type":"product","link":"https:\/\/silikotek.sapartners.site\/index.php\/tuote\/sievi-roller-high-xl-s3-koot-39-47\/","title":{"rendered":"Sievi Roller High XL+ S3"},"content":{"rendered":"<div class=\"mobile-hidden\">\n<div class=\"productdata\">\n<div class=\"label\">Turvaluokitus: EN ISO 20345: S3 SRC<\/div>\n<\/div>\n<div class=\"productdata\">\n<div class=\"label\">Varvassuoja: Komposiitti<\/div>\n<\/div>\n<div class=\"productdata\">\n<div class=\"label\">Naulaanastumissuoja: Ter\u00e4s<\/div>\n<\/div>\n<div class=\"productdata\">\n<div class=\"label\">Pohjamateriaali: 1-kerros PU<\/div>\n<\/div>\n<div class=\"productdata\">\n<div class=\"label\">P\u00e4\u00e4llismateriaali: PU-nahka<\/div>\n<\/div>\n<div class=\"productdata\">\n<div class=\"label\">Lesti: M-49 XL<\/div>\n<\/div>\n<\/div>\n","protected":false},"excerpt":{"rendered":"<p>Sievi Roller on varustettu helppok\u00e4ytt\u00f6isell\u00e4 ja kest\u00e4v\u00e4ll\u00e4, patentoidulla Boa\u00ae-kiristysmekanismilla. Boa\u00ae-mekanismi antaa mukavuutta turvajalkineiden k\u00e4ytt\u00e4jille: vain rullan py\u00f6r\u00e4ytys ja saat s\u00e4\u00e4detty\u00e4 jalkineiden istuvuuden juuri sinun jaloillesi sopivaksi. Jalkineet ovat my\u00f6s nopeat ja helpot riisua: nauhoitus vapautuu vaivattomasti nostamalla rullaa. Leve\u00e4 XL-lesti.<\/p>\n","protected":false},"featured_media":19211,"template":"","meta":{"_et_pb_use_builder":"","_et_pb_old_content":"","_et_gb_content_width":""},"pwb-brand":[1450],"product_brand":[],"product_cat":[720,725],"product_tag":[],"class_list":{"0":"post-9028","1":"product","2":"type-product","3":"status-publish","4":"has-post-thumbnail","6":"pwb-brand-sievin-jalkine","7":"product_cat-turvakengat","8":"product_cat-nilkkurit-turvakengat","9":"pa_kenkakoko-1016","10":"pa_kenkakoko-1017","11":"pa_kenkakoko-1018","12":"pa_kenkakoko-1019","13":"pa_kenkakoko-1020","14":"pa_kenkakoko-1021","15":"pa_kenkakoko-1022","16":"pa_kenkakoko-1023","17":"pa_kenkakoko-1024","19":"first","20":"instock","21":"taxable","22":"shipping-taxable","23":"purchasable","24":"product-type-variable"},"brands":[{"id":1450,"name":"Sievin Jalkine","slug":"sievin-jalkine"}],"_links":{"self":[{"href":"https:\/\/silikotek.sapartners.site\/index.php\/wp-json\/wp\/v2\/product\/9028","targetHints":{"allow":["GET"]}}],"collection":[{"href":"https:\/\/silikotek.sapartners.site\/index.php\/wp-json\/wp\/v2\/product"}],"about":[{"href":"https:\/\/silikotek.sapartners.site\/index.php\/wp-json\/wp\/v2\/types\/product"}],"wp:featuredmedia":[{"embeddable":true,"href":"https:\/\/silikotek.sapartners.site\/index.php\/wp-json\/wp\/v2\/media\/19211"}],"wp:attachment":[{"href":"https:\/\/silikotek.sapartners.site\/index.php\/wp-json\/wp\/v2\/media?parent=9028"}],"wp:term":[{"taxonomy":"pwb-brand","embeddable":true,"href":"https:\/\/silikotek.sapartners.site\/index.php\/wp-json\/wp\/v2\/pwb-brand?post=9028"},{"taxonomy":"product_brand","embeddable":true,"href":"https:\/\/silikotek.sapartners.site\/index.php\/wp-json\/wp\/v2\/product_brand?post=9028"},{"taxonomy":"product_cat","embeddable":true,"href":"https:\/\/silikotek.sapartners.site\/index.php\/wp-json\/wp\/v2\/product_cat?post=9028"},{"taxonomy":"product_tag","embeddable":true,"href":"https:\/\/silikotek.sapartners.site\/index.php\/wp-json\/wp\/v2\/product_tag?post=9028"}],"curies":[{"name":"wp","href":"https:\/\/api.w.org\/{rel}","templated":true}]}}