{"id":902,"date":"2014-03-31T10:48:09","date_gmt":"2014-03-31T10:48:09","guid":{"rendered":"http:\/\/192.168.100.222\/target_carts\/wordpress\/wordpress495\/wordpress\/?product=porakone-hde-13-rqx-milwaukee"},"modified":"2015-12-01T20:29:58","modified_gmt":"2015-12-01T20:29:58","slug":"porakone-hde-13-rqx-milwaukee","status":"publish","type":"product","link":"https:\/\/silikotek.sapartners.site\/index.php\/tuote\/porakone-hde-13-rqx-milwaukee\/","title":{"rendered":"PORAKONE HDE 13  RQX MILWAUKEE"},"content":{"rendered":"<p>Tehokas Heavy-Duty porakone FIXTEC karanlukituksella.\u00a0 Momentti 68 Nm. Kevyt ergonominen rakenne.<br \/>Softgrip kahvat. Teollisuusk\u00e4ytt\u00f6\u00f6n tarkoitettu, yksivaippainen, avaimeton istukka. Automaattinen<br \/>karanlukitus.\u00a0 Mukava kahden sormen liipasin.\u00a0 Kierrosluku t\u00e4ydell\u00e4 kuormalla\u00a0 0-525 r\/min. Suunnanvaihto.<br \/>Nopeasti vaihdettava QUIK-LOK kaapeli. Poraus \u00d8 puu 38 mm. Paino 2,0 kg.\u00a0 4 m QUIK-LOK kaapeli,<br \/>tukikahva ja 13 mm FIXTEC pikaistukka<\/p>\n","protected":false},"excerpt":{"rendered":"<p>PORAKONE HDE 13\u00a0 RQX MILWAUKEE.<\/p>\n","protected":false},"featured_media":901,"template":"","meta":{"_et_pb_use_builder":"","_et_pb_old_content":"","_et_gb_content_width":""},"pwb-brand":[],"product_brand":[],"product_cat":[369],"product_tag":[],"class_list":{"0":"post-902","1":"product","2":"type-product","3":"status-publish","4":"has-post-thumbnail","6":"product_cat-porakoneet-13-16-mm","8":"first","9":"instock","10":"taxable","11":"shipping-taxable","12":"purchasable","13":"product-type-simple"},"brands":[],"_links":{"self":[{"href":"https:\/\/silikotek.sapartners.site\/index.php\/wp-json\/wp\/v2\/product\/902","targetHints":{"allow":["GET"]}}],"collection":[{"href":"https:\/\/silikotek.sapartners.site\/index.php\/wp-json\/wp\/v2\/product"}],"about":[{"href":"https:\/\/silikotek.sapartners.site\/index.php\/wp-json\/wp\/v2\/types\/product"}],"wp:featuredmedia":[{"embeddable":true,"href":"https:\/\/silikotek.sapartners.site\/index.php\/wp-json\/wp\/v2\/media\/901"}],"wp:attachment":[{"href":"https:\/\/silikotek.sapartners.site\/index.php\/wp-json\/wp\/v2\/media?parent=902"}],"wp:term":[{"taxonomy":"pwb-brand","embeddable":true,"href":"https:\/\/silikotek.sapartners.site\/index.php\/wp-json\/wp\/v2\/pwb-brand?post=902"},{"taxonomy":"product_brand","embeddable":true,"href":"https:\/\/silikotek.sapartners.site\/index.php\/wp-json\/wp\/v2\/product_brand?post=902"},{"taxonomy":"product_cat","embeddable":true,"href":"https:\/\/silikotek.sapartners.site\/index.php\/wp-json\/wp\/v2\/product_cat?post=902"},{"taxonomy":"product_tag","embeddable":true,"href":"https:\/\/silikotek.sapartners.site\/index.php\/wp-json\/wp\/v2\/product_tag?post=902"}],"curies":[{"name":"wp","href":"https:\/\/api.w.org\/{rel}","templated":true}]}}