{"id":900,"date":"2014-03-31T10:48:09","date_gmt":"2014-03-31T10:48:09","guid":{"rendered":"http:\/\/192.168.100.222\/target_carts\/wordpress\/wordpress495\/wordpress\/?product=iskuporakone-t-tec-201-milwaukee"},"modified":"2016-11-02T15:56:18","modified_gmt":"2016-11-02T15:56:18","slug":"iskuporakone-t-tec-201-milwaukee","status":"publish","type":"product","link":"https:\/\/silikotek.sapartners.site\/index.php\/tuote\/iskuporakone-t-tec-201-milwaukee\/","title":{"rendered":"ISKUPORAKONE T- TEC 201 MILWAUKEE"},"content":{"rendered":"<p>T\u00e4m\u00e4 on &#8217;t\u00e4ydellinen&#8217; porakone, joka on tarkoin tasapainoitettu. Se soveltuu poraukseen betoniin, kiveen,<br \/>ter\u00e4kseen ja puuhun. 750 W ja 2 vaihdetta. K\u00e4densijan muunneltavuus tarjoaa optimaaliset<br \/>k\u00e4ytt\u00f6mahdollisuudet.\u00a0 13 mm metallinen FIXTEC istukka karanlukituksella. Planeettavaihteisto antaa<br \/>korkean momentin. 750\/2200 r\/min. Poraus \u00d8 betoniin 20 mm.\u00a0 Suunnanvaihto. Talttapidin suoraan<br \/>karanp\u00e4\u00e4ss\u00e4. IMB-lohkorakenne merkitsee optimaalista tukevuutta. Iskutoiminnon lukitus normaaliporausta<br \/>varten. Paino 2,7 kg.\u00a0\u00a0 4 m kaapeli, tukikahva syvyysrajoittimella, kuljetuslaukku<\/p>\n","protected":false},"excerpt":{"rendered":"<p>ISKUPORAKONE T- TEC 201 MILWAUKEE. MONITOIMIKONE NIIN BETONIIN, PUUHUN, TER\u00c4KSEEN KUIN KIVEEN.<\/p>\n","protected":false},"featured_media":898,"template":"","meta":{"_et_pb_use_builder":"","_et_pb_old_content":"","_et_gb_content_width":""},"pwb-brand":[],"product_brand":[],"product_cat":[366],"product_tag":[],"class_list":{"0":"post-900","1":"product","2":"type-product","3":"status-publish","4":"has-post-thumbnail","6":"product_cat-t-kahva-iskuporakoneet","8":"first","9":"instock","10":"taxable","11":"shipping-taxable","12":"purchasable","13":"product-type-simple"},"brands":[],"_links":{"self":[{"href":"https:\/\/silikotek.sapartners.site\/index.php\/wp-json\/wp\/v2\/product\/900","targetHints":{"allow":["GET"]}}],"collection":[{"href":"https:\/\/silikotek.sapartners.site\/index.php\/wp-json\/wp\/v2\/product"}],"about":[{"href":"https:\/\/silikotek.sapartners.site\/index.php\/wp-json\/wp\/v2\/types\/product"}],"wp:featuredmedia":[{"embeddable":true,"href":"https:\/\/silikotek.sapartners.site\/index.php\/wp-json\/wp\/v2\/media\/898"}],"wp:attachment":[{"href":"https:\/\/silikotek.sapartners.site\/index.php\/wp-json\/wp\/v2\/media?parent=900"}],"wp:term":[{"taxonomy":"pwb-brand","embeddable":true,"href":"https:\/\/silikotek.sapartners.site\/index.php\/wp-json\/wp\/v2\/pwb-brand?post=900"},{"taxonomy":"product_brand","embeddable":true,"href":"https:\/\/silikotek.sapartners.site\/index.php\/wp-json\/wp\/v2\/product_brand?post=900"},{"taxonomy":"product_cat","embeddable":true,"href":"https:\/\/silikotek.sapartners.site\/index.php\/wp-json\/wp\/v2\/product_cat?post=900"},{"taxonomy":"product_tag","embeddable":true,"href":"https:\/\/silikotek.sapartners.site\/index.php\/wp-json\/wp\/v2\/product_tag?post=900"}],"curies":[{"name":"wp","href":"https:\/\/api.w.org\/{rel}","templated":true}]}}