{"id":8720,"date":"2014-05-13T15:10:52","date_gmt":"2014-05-13T12:10:52","guid":{"rendered":"http:\/\/192.168.100.222\/target_carts\/wordpress\/wordpress495\/wordpress\/?product=sievi-elixir-xl-s3-metalliton-turvakenka"},"modified":"2020-01-22T10:59:52","modified_gmt":"2020-01-22T08:59:52","slug":"sievi-elixir-xl-s3-metalliton-turvakenka","status":"publish","type":"product","link":"https:\/\/silikotek.sapartners.site\/index.php\/tuote\/sievi-elixir-xl-s3-metalliton-turvakenka\/","title":{"rendered":"Sievi Elixir XL+ S3 Metallittomat turvakeng\u00e4t"},"content":{"rendered":"<div class=\"mobile-hidden\">\n<div class=\"productdata\">\n<div class=\"label\">Turvaluokitus: EN ISO 20345: S3 SRC<\/div>\n<\/div>\n<div class=\"productdata\">\n<div class=\"label\">Varvassuoja: Komposiitti<\/div>\n<\/div>\n<div class=\"productdata\">\n<div class=\"label\">Naulaanastumissuoja: Komposiittitekstiili<\/div>\n<\/div>\n<div class=\"productdata\">\n<div class=\"label\">Pohjamateriaali: 1-kerros PU<\/div>\n<\/div>\n<div class=\"productdata\">\n<div class=\"label\">P\u00e4\u00e4llismateriaali: PU-nahka, Nupukki<\/div>\n<\/div>\n<div class=\"productdata\">\n<div class=\"label\">Lesti: M-49 XL<\/div>\n<\/div>\n<\/div>\n","protected":false},"excerpt":{"rendered":"<p>Puolikenk\u00e4 metallittomalla varvassuojalla ja naulaanastumissuojalla. Lis\u00e4suojaa tuo PU-k\u00e4rkikuppi. Kest\u00e4v\u00e4t p\u00e4\u00e4llismateriaalit s\u00e4ilytt\u00e4v\u00e4t hyvin muotonsa ja 3D-dry\u00ae-vuori hengitt\u00e4\u00e4 pit\u00e4en jalat kuivina. SieviBalance-kiertoj\u00e4ykiste parantaa jalan kontrollia v\u00e4hent\u00e4en tapaturma-alttiutta. FlexStep\u00ae-joustopohja on hyvin joustava ja pit\u00e4v\u00e4. Dual-pohjalliset lis\u00e4\u00e4v\u00e4t k\u00e4ytt\u00f6mukavuutta. Laaja XL-lesti.<\/p>\n","protected":false},"featured_media":19435,"template":"","meta":{"_et_pb_use_builder":"","_et_pb_old_content":"","_et_gb_content_width":""},"pwb-brand":[1450],"product_brand":[],"product_cat":[1556],"product_tag":[],"class_list":{"0":"post-8720","1":"product","2":"type-product","3":"status-publish","4":"has-post-thumbnail","6":"pwb-brand-sievin-jalkine","7":"product_cat-turvapuolikengat-s3","8":"pa_kenkakoko-1016","9":"pa_kenkakoko-1017","10":"pa_kenkakoko-1018","11":"pa_kenkakoko-1019","12":"pa_kenkakoko-1020","13":"pa_kenkakoko-1021","14":"pa_kenkakoko-1022","15":"pa_kenkakoko-1023","16":"pa_kenkakoko-1024","18":"first","19":"instock","20":"taxable","21":"shipping-taxable","22":"purchasable","23":"product-type-variable"},"brands":[{"id":1450,"name":"Sievin Jalkine","slug":"sievin-jalkine"}],"_links":{"self":[{"href":"https:\/\/silikotek.sapartners.site\/index.php\/wp-json\/wp\/v2\/product\/8720","targetHints":{"allow":["GET"]}}],"collection":[{"href":"https:\/\/silikotek.sapartners.site\/index.php\/wp-json\/wp\/v2\/product"}],"about":[{"href":"https:\/\/silikotek.sapartners.site\/index.php\/wp-json\/wp\/v2\/types\/product"}],"wp:featuredmedia":[{"embeddable":true,"href":"https:\/\/silikotek.sapartners.site\/index.php\/wp-json\/wp\/v2\/media\/19435"}],"wp:attachment":[{"href":"https:\/\/silikotek.sapartners.site\/index.php\/wp-json\/wp\/v2\/media?parent=8720"}],"wp:term":[{"taxonomy":"pwb-brand","embeddable":true,"href":"https:\/\/silikotek.sapartners.site\/index.php\/wp-json\/wp\/v2\/pwb-brand?post=8720"},{"taxonomy":"product_brand","embeddable":true,"href":"https:\/\/silikotek.sapartners.site\/index.php\/wp-json\/wp\/v2\/product_brand?post=8720"},{"taxonomy":"product_cat","embeddable":true,"href":"https:\/\/silikotek.sapartners.site\/index.php\/wp-json\/wp\/v2\/product_cat?post=8720"},{"taxonomy":"product_tag","embeddable":true,"href":"https:\/\/silikotek.sapartners.site\/index.php\/wp-json\/wp\/v2\/product_tag?post=8720"}],"curies":[{"name":"wp","href":"https:\/\/api.w.org\/{rel}","templated":true}]}}