{"id":8623,"date":"2014-05-12T14:07:56","date_gmt":"2014-05-12T11:07:56","guid":{"rendered":"http:\/\/192.168.100.222\/target_carts\/wordpress\/wordpress495\/wordpress\/?product=sievi-al-hit-6-xl-s3hro-turvakenka-koot-39-48"},"modified":"2020-01-28T08:37:56","modified_gmt":"2020-01-28T06:37:56","slug":"sievi-al-hit-6-xl-s3hro-turvakenka-koot-39-48","status":"publish","type":"product","link":"https:\/\/silikotek.sapartners.site\/index.php\/tuote\/sievi-al-hit-6-xl-s3hro-turvakenka-koot-39-48\/","title":{"rendered":"Sievi AL Hit 6+ S3HRO Talviturvakenk\u00e4 (isommat koot XL-lestill\u00e4)"},"content":{"rendered":"<div class=\"mobile-hidden\">\n<div class=\"label\">Turvaluokitus: EN ISO 20345: S3 SRC HRO CI<\/div>\n<div class=\"label\">Varvassuoja: Alumiini<\/div>\n<div class=\"label\">Naulaanastumissuoja: Ter\u00e4s<\/div>\n<div class=\"label\">Pohjamateriaali: Kaksikerros (PU\/RU)<\/div>\n<div class=\"label\">P\u00e4\u00e4llismateriaali: PU-nahka<\/div>\n<div class=\"label\">Lesti: Koot 35 &#8211; 38: M-48 Normaali, Koot 39 &#8211; 50 M-48 XL<\/div>\n<\/div>\n","protected":false},"excerpt":{"rendered":"<p>AL Hit 6-maiharissa jalka on suojattu alumiinivarvassuojalla ja ter\u00e4ksisell\u00e4 naulaanastumissuojalla sek\u00e4 p\u00e4\u00e4llisnahka tyylikk\u00e4\u00e4ll\u00e4 k\u00e4rkikupilla. Jalkine sopii erinomaisesti vaihteleviin olosuhteisiin, sill\u00e4 se on varustettu pit\u00e4v\u00e4ll\u00e4 ja kovaa kulutusta kest\u00e4v\u00e4ll\u00e4 kumikitkapohjalla. L\u00e4mmin vuori pit\u00e4\u00e4 kylm\u00e4n ulkona ja l\u00e4mm\u00f6n jalkineen sis\u00e4ll\u00e4. Kitkapohja kest\u00e4\u00e4 my\u00f6s kuumuutta 300 \u00b0C asti.<\/p>\n","protected":false},"featured_media":18813,"template":"","meta":{"_et_pb_use_builder":"","_et_pb_old_content":"","_et_gb_content_width":""},"pwb-brand":[1450],"product_brand":[],"product_cat":[761,759,726],"product_tag":[1585,1584,1564,1582,1563,1583],"class_list":{"0":"post-8623","1":"product","2":"type-product","3":"status-publish","4":"has-post-thumbnail","6":"pwb-brand-sievin-jalkine","7":"product_cat-kuumankestopohja","8":"product_cat-talvi-turvakengat","9":"product_cat-saappaat-turvakengat","10":"product_tag-kuumankestopohja","11":"product_tag-lampimat-saappaat","12":"product_tag-talvikengat","13":"product_tag-talvisaappaat","14":"product_tag-turvakengat","15":"product_tag-turvasaappaat","16":"pa_kenkakoko-1025","17":"pa_kenkakoko-1026","18":"pa_kenkakoko-1027","19":"pa_kenkakoko-1028","20":"pa_kenkakoko-1016","21":"pa_kenkakoko-1017","22":"pa_kenkakoko-1018","23":"pa_kenkakoko-1019","24":"pa_kenkakoko-1020","25":"pa_kenkakoko-1021","26":"pa_kenkakoko-1022","27":"pa_kenkakoko-1023","28":"pa_kenkakoko-1024","29":"pa_kenkakoko-1029","30":"pa_kenkakoko-1189","31":"pa_kenkakoko-1190","33":"first","34":"instock","35":"taxable","36":"shipping-taxable","37":"purchasable","38":"product-type-variable"},"brands":[{"id":1450,"name":"Sievin Jalkine","slug":"sievin-jalkine"}],"_links":{"self":[{"href":"https:\/\/silikotek.sapartners.site\/index.php\/wp-json\/wp\/v2\/product\/8623","targetHints":{"allow":["GET"]}}],"collection":[{"href":"https:\/\/silikotek.sapartners.site\/index.php\/wp-json\/wp\/v2\/product"}],"about":[{"href":"https:\/\/silikotek.sapartners.site\/index.php\/wp-json\/wp\/v2\/types\/product"}],"wp:featuredmedia":[{"embeddable":true,"href":"https:\/\/silikotek.sapartners.site\/index.php\/wp-json\/wp\/v2\/media\/18813"}],"wp:attachment":[{"href":"https:\/\/silikotek.sapartners.site\/index.php\/wp-json\/wp\/v2\/media?parent=8623"}],"wp:term":[{"taxonomy":"pwb-brand","embeddable":true,"href":"https:\/\/silikotek.sapartners.site\/index.php\/wp-json\/wp\/v2\/pwb-brand?post=8623"},{"taxonomy":"product_brand","embeddable":true,"href":"https:\/\/silikotek.sapartners.site\/index.php\/wp-json\/wp\/v2\/product_brand?post=8623"},{"taxonomy":"product_cat","embeddable":true,"href":"https:\/\/silikotek.sapartners.site\/index.php\/wp-json\/wp\/v2\/product_cat?post=8623"},{"taxonomy":"product_tag","embeddable":true,"href":"https:\/\/silikotek.sapartners.site\/index.php\/wp-json\/wp\/v2\/product_tag?post=8623"}],"curies":[{"name":"wp","href":"https:\/\/api.w.org\/{rel}","templated":true}]}}