{"id":8621,"date":"2014-05-12T12:45:21","date_gmt":"2014-05-12T12:45:21","guid":{"rendered":"http:\/\/192.168.100.222\/target_carts\/wordpress\/wordpress495\/wordpress\/?product=suorahiomakone-dg-7-e"},"modified":"2019-10-02T09:02:20","modified_gmt":"2019-10-02T06:02:20","slug":"suorahiomakone-dg-7-e","status":"publish","type":"product","link":"https:\/\/silikotek.sapartners.site\/index.php\/tuote\/suorahiomakone-dg-7-e\/","title":{"rendered":"Milwaukee Suorahiomakone DG 7 E"},"content":{"rendered":"<table class=\"table product__detail-table js-responsive-table\">\n<tbody>\n<tr>\n<th class=\"product__detail-table--no-border table-area-heading\">Tekniset tiedot<\/th>\n<th class=\"product__detail-table--no-border product__detail-table--centered\">DG 7 E<\/th>\n<\/tr>\n<tr>\n<th>Kiristysholkki (mm)<\/th>\n<td data-th=\"Kiristysholkki (mm)\">6 + 8<\/td>\n<\/tr>\n<tr>\n<th>Kuormittamaton nopeus (r\/min)<\/th>\n<td data-th=\"Kuormittamaton nopeus (r\/min)\">3000 &#8211; 7000<\/td>\n<\/tr>\n<tr>\n<th>Maks. laikan halkaisija (mm)<\/th>\n<td data-th=\"Maks. laikan halkaisija (mm)\">45<\/td>\n<\/tr>\n<tr>\n<th>Paino (kg)<\/th>\n<td data-th=\"Paino (kg)\">1.5<\/td>\n<\/tr>\n<tr>\n<th>Sis\u00e4\u00e4nottoteho (W)<\/th>\n<td data-th=\"Sis\u00e4\u00e4nottoteho (W)\">600<\/td>\n<\/tr>\n<tr>\n<th>Toimitetaan<\/th>\n<td data-th=\"Toimitetaan\">\u2212<\/td>\n<\/tr>\n<tr>\n<th>Tuotenumero<\/th>\n<td data-th=\"Tuotenumero\">4933391200<\/td>\n<\/tr>\n<tr>\n<th>Vakiovarustus<\/th>\n<td data-th=\"Vakiovarustus\">Avain SW 17 \/ SW 15, 4 m johto, 6 mm kiristysholkki<\/td>\n<\/tr>\n<tr class=\"table__accordion-btn\">\n<th colspan=\"2\"><\/th>\n<\/tr>\n<\/tbody>\n<\/table>\n<table class=\"table product__detail-table js-responsive-table\">\n<tbody>\n<tr class=\"table__hidden-area js-hidden-table-area is-active\">\n<th>\u00c4\u00e4nen tehotaso (dB(A))<\/th>\n<td data-th=\"\u00c4\u00e4nen tehotaso (dB(A))\">96<\/td>\n<\/tr>\n<tr class=\"table__hidden-area js-hidden-table-area is-active\">\n<th>\u00c4\u00e4nentehotaso ep\u00e4varmuus (dB(A))<\/th>\n<td data-th=\"\u00c4\u00e4nentehotaso ep\u00e4varmuus (dB(A))\">3<\/td>\n<\/tr>\n<tr class=\"table__hidden-area js-hidden-table-area is-active\">\n<th>Akustinen paine (dB(A))<\/th>\n<td data-th=\"Akustinen paine (dB(A))\">85<\/td>\n<\/tr>\n<tr class=\"table__hidden-area js-hidden-table-area is-active\">\n<th>Akustinen paine ep\u00e4varmuus (dB(A))<\/th>\n<td data-th=\"Akustinen paine ep\u00e4varmuus (dB(A))\">3<\/td>\n<\/tr>\n<tr class=\"table__hidden-area js-hidden-table-area is-active\">\n<th>T\u00e4rin\u00e4taso hionta (m\/s\u00b2)<\/th>\n<td data-th=\"T\u00e4rin\u00e4taso hionta (m\/s\u00b2)\">&lt;&gt;<\/td>\n<\/tr>\n<tr class=\"table__hidden-area js-hidden-table-area is-active\">\n<th>T\u00e4rin\u00e4taso hionta: ep\u00e4varmuus (m\/s\u00b2)<\/th>\n<td data-th=\"T\u00e4rin\u00e4taso hionta: ep\u00e4varmuus (m\/s\u00b2)\">1.5<\/td>\n<\/tr>\n<\/tbody>\n<\/table>\n","protected":false},"excerpt":{"rendered":"<div id=\"p_lt_ctl01_pageplaceholder_p_lt_ctl01_MilwaukeeProductFeatures_pnlFeatues\" class=\"product__description js-description-mask is-active\">\n<div class=\"product__description-content js-product-content\">\n<p>Pidennetty kara helpottaa p\u00e4\u00e4sy\u00e4 ahtaisiin paikkoihin. Elektroninen nopeuden s\u00e4\u00e4t\u00f6.\u00a0 Alennettu kierrosluku maks. 7000 r\/min metallin hiontaan ja jyrsint\u00e4\u00e4n.<br \/>\nMetallinen Heavy Duty -vaihdelaatikko. Mukana toimitetaan avain SW 17\/SW 15, 4 m johto ja 6 mm kiristysholkki.<\/p>\n<\/div>\n<\/div>\n","protected":false},"featured_media":20993,"template":"","meta":{"_et_pb_use_builder":"","_et_pb_old_content":"","_et_gb_content_width":""},"pwb-brand":[1452],"product_brand":[],"product_cat":[809],"product_tag":[],"class_list":{"0":"post-8621","1":"product","2":"type-product","3":"status-publish","4":"has-post-thumbnail","6":"pwb-brand-milwaukee","7":"product_cat-suorahiomakoneet","9":"first","10":"instock","11":"taxable","12":"shipping-taxable","13":"purchasable","14":"product-type-simple"},"brands":[{"id":1452,"name":"Milwaukee","slug":"milwaukee"}],"_links":{"self":[{"href":"https:\/\/silikotek.sapartners.site\/index.php\/wp-json\/wp\/v2\/product\/8621","targetHints":{"allow":["GET"]}}],"collection":[{"href":"https:\/\/silikotek.sapartners.site\/index.php\/wp-json\/wp\/v2\/product"}],"about":[{"href":"https:\/\/silikotek.sapartners.site\/index.php\/wp-json\/wp\/v2\/types\/product"}],"wp:featuredmedia":[{"embeddable":true,"href":"https:\/\/silikotek.sapartners.site\/index.php\/wp-json\/wp\/v2\/media\/20993"}],"wp:attachment":[{"href":"https:\/\/silikotek.sapartners.site\/index.php\/wp-json\/wp\/v2\/media?parent=8621"}],"wp:term":[{"taxonomy":"pwb-brand","embeddable":true,"href":"https:\/\/silikotek.sapartners.site\/index.php\/wp-json\/wp\/v2\/pwb-brand?post=8621"},{"taxonomy":"product_brand","embeddable":true,"href":"https:\/\/silikotek.sapartners.site\/index.php\/wp-json\/wp\/v2\/product_brand?post=8621"},{"taxonomy":"product_cat","embeddable":true,"href":"https:\/\/silikotek.sapartners.site\/index.php\/wp-json\/wp\/v2\/product_cat?post=8621"},{"taxonomy":"product_tag","embeddable":true,"href":"https:\/\/silikotek.sapartners.site\/index.php\/wp-json\/wp\/v2\/product_tag?post=8621"}],"curies":[{"name":"wp","href":"https:\/\/api.w.org\/{rel}","templated":true}]}}