{"id":8603,"date":"2014-05-09T14:55:48","date_gmt":"2014-05-09T11:55:48","guid":{"rendered":"http:\/\/192.168.100.222\/target_carts\/wordpress\/wordpress495\/wordpress\/?product=sievi-al-hit-4-xl-s3hro-turvakenka-koot-39-48"},"modified":"2021-01-19T11:32:58","modified_gmt":"2021-01-19T09:32:58","slug":"sievi-al-hit-4-xl-s3hro-turvakenka-koot-39-48","status":"publish","type":"product","link":"https:\/\/silikotek.sapartners.site\/index.php\/tuote\/sievi-al-hit-4-xl-s3hro-turvakenka-koot-39-48\/","title":{"rendered":"Sievi AL Hit 4 XL+ S3HRO Turvakenk\u00e4 (koot 39-50 leve\u00e4ll\u00e4 XL-lestill\u00e4)"},"content":{"rendered":"<div class=\"mobile-hidden\">\n<div class=\"productdata\">\n<div class=\"label\">Turvaluokitus: EN ISO 20345: S3 SRC HRO<\/div>\n<\/div>\n<div class=\"productdata\">\n<div class=\"label\">Varvassuoja: Alumiini<\/div>\n<\/div>\n<div class=\"productdata\">\n<div class=\"label\">Naulaanastumissuoja: Ter\u00e4s<\/div>\n<\/div>\n<div class=\"productdata\">\n<div class=\"label\">Pohjamateriaali: Kaksikerros PU\/RU<\/div>\n<\/div>\n<div class=\"productdata\">\n<div class=\"label\">P\u00e4\u00e4llismateriaali: PU-nahka<\/div>\n<\/div>\n<div class=\"productdata\">\n<div class=\"label\">Lesti: Koot: 34 &#8211; 38: M-48 Normaali, Koot: 39 &#8211; 50: M-48 XL<\/div>\n<\/div>\n<\/div>\n","protected":false},"excerpt":{"rendered":"<p>AL Hit on varma valinta kovaa kulutusta ja korkeaa kuumuutta vaativiin olosuhteisiin. L\u00e4mm\u00f6nkestopohja kest\u00e4\u00e4 kuumuutta 300\u00b0C saakka ja uudistettu pohja takaa entist\u00e4 paremman pidon ja kulutuksenkeston. Jalka on suojattu alumiinivarvassuojalla ja ter\u00e4ksisell\u00e4 naulaanastumissuojalla sek\u00e4 p\u00e4\u00e4llisnahka tyylikk\u00e4\u00e4ll\u00e4 k\u00e4rkikupilla. 3D-dry\u00ae-vuori ja Dual-pohjalliset lis\u00e4\u00e4v\u00e4t k\u00e4ytt\u00f6mukavuutta.<br \/>\nKoossa 39 &#8211; 50 leve\u00e4 XL-lesti<\/p>\n","protected":false},"featured_media":19365,"template":"","meta":{"_et_pb_use_builder":"","_et_pb_old_content":"","_et_gb_content_width":""},"pwb-brand":[1450],"product_brand":[],"product_cat":[761,720,725],"product_tag":[],"class_list":{"0":"post-8603","1":"product","2":"type-product","3":"status-publish","4":"has-post-thumbnail","6":"pwb-brand-sievin-jalkine","7":"product_cat-kuumankestopohja","8":"product_cat-turvakengat","9":"product_cat-nilkkurit-turvakengat","10":"pa_kenkakoko-1039","11":"pa_kenkakoko-1025","12":"pa_kenkakoko-1026","13":"pa_kenkakoko-1027","14":"pa_kenkakoko-1028","15":"pa_kenkakoko-1016","16":"pa_kenkakoko-1017","17":"pa_kenkakoko-1018","18":"pa_kenkakoko-1019","19":"pa_kenkakoko-1020","20":"pa_kenkakoko-1021","21":"pa_kenkakoko-1022","22":"pa_kenkakoko-1023","23":"pa_kenkakoko-1024","24":"pa_kenkakoko-1029","25":"pa_kenkakoko-1189","26":"pa_kenkakoko-1190","28":"first","29":"instock","30":"taxable","31":"shipping-taxable","32":"purchasable","33":"product-type-variable"},"brands":[{"id":1450,"name":"Sievin Jalkine","slug":"sievin-jalkine"}],"_links":{"self":[{"href":"https:\/\/silikotek.sapartners.site\/index.php\/wp-json\/wp\/v2\/product\/8603","targetHints":{"allow":["GET"]}}],"collection":[{"href":"https:\/\/silikotek.sapartners.site\/index.php\/wp-json\/wp\/v2\/product"}],"about":[{"href":"https:\/\/silikotek.sapartners.site\/index.php\/wp-json\/wp\/v2\/types\/product"}],"wp:featuredmedia":[{"embeddable":true,"href":"https:\/\/silikotek.sapartners.site\/index.php\/wp-json\/wp\/v2\/media\/19365"}],"wp:attachment":[{"href":"https:\/\/silikotek.sapartners.site\/index.php\/wp-json\/wp\/v2\/media?parent=8603"}],"wp:term":[{"taxonomy":"pwb-brand","embeddable":true,"href":"https:\/\/silikotek.sapartners.site\/index.php\/wp-json\/wp\/v2\/pwb-brand?post=8603"},{"taxonomy":"product_brand","embeddable":true,"href":"https:\/\/silikotek.sapartners.site\/index.php\/wp-json\/wp\/v2\/product_brand?post=8603"},{"taxonomy":"product_cat","embeddable":true,"href":"https:\/\/silikotek.sapartners.site\/index.php\/wp-json\/wp\/v2\/product_cat?post=8603"},{"taxonomy":"product_tag","embeddable":true,"href":"https:\/\/silikotek.sapartners.site\/index.php\/wp-json\/wp\/v2\/product_tag?post=8603"}],"curies":[{"name":"wp","href":"https:\/\/api.w.org\/{rel}","templated":true}]}}