{"id":8575,"date":"2014-05-09T10:48:11","date_gmt":"2014-05-09T10:48:11","guid":{"rendered":"http:\/\/192.168.100.222\/target_carts\/wordpress\/wordpress495\/wordpress\/?product=tyontomitta-0-150-mm-300-0547"},"modified":"2014-05-09T10:55:18","modified_gmt":"2014-05-09T10:55:18","slug":"tyontomitta-0-150-mm-300-0547","status":"publish","type":"product","link":"https:\/\/silikotek.sapartners.site\/index.php\/tuote\/tyontomitta-0-150-mm-300-0547\/","title":{"rendered":"Ty\u00f6nt\u00f6mitta 0-150 mm 300.0547"},"content":{"rendered":"<p>Ty\u00f6nt\u00f6mitta tarkkaan mittaamiseen.Mittaa ulkopuolista ja sis\u00e4puolista halkaisijaa ja syvyytt\u00e4.<\/p>\n<p><strong>Tekniset tiedot:<\/strong><br \/>DIN: DIN 862<br \/>Paino: 215 g<br \/>Kokonaispituus: 236 mm<br \/>materiaali: Ruostumaton ter\u00e4s<br \/>Mittausalue: 0 &#8211; 150 mm<br \/>Mittaustarkkuus mm: +\/- 0,01 mm<br \/>Lukojen pituus(A): 40.0mm<br \/>Pakattu muivisallkuun<br \/>\u00a0<\/p>\n","protected":false},"excerpt":{"rendered":"<p>Ty\u00f6nt\u00f6mitta 0-150 mm<\/p>\n","protected":false},"featured_media":8574,"template":"","meta":{"_et_pb_use_builder":"","_et_pb_old_content":"","_et_gb_content_width":""},"pwb-brand":[],"product_brand":[],"product_cat":[805],"product_tag":[],"class_list":{"0":"post-8575","1":"product","2":"type-product","3":"status-publish","4":"has-post-thumbnail","6":"product_cat-tyontomitat","8":"first","9":"instock","10":"sale","11":"taxable","12":"shipping-taxable","13":"purchasable","14":"product-type-simple"},"brands":[],"_links":{"self":[{"href":"https:\/\/silikotek.sapartners.site\/index.php\/wp-json\/wp\/v2\/product\/8575","targetHints":{"allow":["GET"]}}],"collection":[{"href":"https:\/\/silikotek.sapartners.site\/index.php\/wp-json\/wp\/v2\/product"}],"about":[{"href":"https:\/\/silikotek.sapartners.site\/index.php\/wp-json\/wp\/v2\/types\/product"}],"wp:featuredmedia":[{"embeddable":true,"href":"https:\/\/silikotek.sapartners.site\/index.php\/wp-json\/wp\/v2\/media\/8574"}],"wp:attachment":[{"href":"https:\/\/silikotek.sapartners.site\/index.php\/wp-json\/wp\/v2\/media?parent=8575"}],"wp:term":[{"taxonomy":"pwb-brand","embeddable":true,"href":"https:\/\/silikotek.sapartners.site\/index.php\/wp-json\/wp\/v2\/pwb-brand?post=8575"},{"taxonomy":"product_brand","embeddable":true,"href":"https:\/\/silikotek.sapartners.site\/index.php\/wp-json\/wp\/v2\/product_brand?post=8575"},{"taxonomy":"product_cat","embeddable":true,"href":"https:\/\/silikotek.sapartners.site\/index.php\/wp-json\/wp\/v2\/product_cat?post=8575"},{"taxonomy":"product_tag","embeddable":true,"href":"https:\/\/silikotek.sapartners.site\/index.php\/wp-json\/wp\/v2\/product_tag?post=8575"}],"curies":[{"name":"wp","href":"https:\/\/api.w.org\/{rel}","templated":true}]}}