{"id":8573,"date":"2014-05-09T10:33:55","date_gmt":"2014-05-09T10:33:55","guid":{"rendered":"http:\/\/192.168.100.222\/target_carts\/wordpress\/wordpress495\/wordpress\/?product=tyontomitta-0-500-mm-300-0546"},"modified":"2014-05-09T10:40:24","modified_gmt":"2014-05-09T10:40:24","slug":"tyontomitta-0-500-mm-300-0546","status":"publish","type":"product","link":"https:\/\/silikotek.sapartners.site\/index.php\/tuote\/tyontomitta-0-500-mm-300-0546\/","title":{"rendered":"Ty\u00f6nt\u00f6mitta 0-500 mm, 300.0546"},"content":{"rendered":"<p>Ty\u00f6nt\u00f6mitta 0-500 mm.<\/p>\n<p><strong>Tekniset tiedot<\/strong><br \/>\u00a0<br \/>DIN: DIN 862 Paino: 1980 g<br \/>Kokonaispituus: 650.0mm<br \/>materiaali: Ruostumaton ter\u00e4s<br \/>Mittausalue: 0 &#8211; 500mm<br \/>Tarkkuus: +\/- 0,05mm<br \/>Leukojen pituus (A): 200 mm<br \/>Muovisalkussa<\/p>\n","protected":false},"excerpt":{"rendered":"<p>Ty\u00f6nt\u00f6mitta 0-500 mm<\/p>\n","protected":false},"featured_media":8572,"template":"","meta":{"_et_pb_use_builder":"","_et_pb_old_content":"","_et_gb_content_width":""},"pwb-brand":[],"product_brand":[],"product_cat":[805],"product_tag":[],"class_list":{"0":"post-8573","1":"product","2":"type-product","3":"status-publish","4":"has-post-thumbnail","6":"product_cat-tyontomitat","8":"first","9":"instock","10":"sale","11":"taxable","12":"shipping-taxable","13":"purchasable","14":"product-type-simple"},"brands":[],"_links":{"self":[{"href":"https:\/\/silikotek.sapartners.site\/index.php\/wp-json\/wp\/v2\/product\/8573","targetHints":{"allow":["GET"]}}],"collection":[{"href":"https:\/\/silikotek.sapartners.site\/index.php\/wp-json\/wp\/v2\/product"}],"about":[{"href":"https:\/\/silikotek.sapartners.site\/index.php\/wp-json\/wp\/v2\/types\/product"}],"wp:featuredmedia":[{"embeddable":true,"href":"https:\/\/silikotek.sapartners.site\/index.php\/wp-json\/wp\/v2\/media\/8572"}],"wp:attachment":[{"href":"https:\/\/silikotek.sapartners.site\/index.php\/wp-json\/wp\/v2\/media?parent=8573"}],"wp:term":[{"taxonomy":"pwb-brand","embeddable":true,"href":"https:\/\/silikotek.sapartners.site\/index.php\/wp-json\/wp\/v2\/pwb-brand?post=8573"},{"taxonomy":"product_brand","embeddable":true,"href":"https:\/\/silikotek.sapartners.site\/index.php\/wp-json\/wp\/v2\/product_brand?post=8573"},{"taxonomy":"product_cat","embeddable":true,"href":"https:\/\/silikotek.sapartners.site\/index.php\/wp-json\/wp\/v2\/product_cat?post=8573"},{"taxonomy":"product_tag","embeddable":true,"href":"https:\/\/silikotek.sapartners.site\/index.php\/wp-json\/wp\/v2\/product_tag?post=8573"}],"curies":[{"name":"wp","href":"https:\/\/api.w.org\/{rel}","templated":true}]}}