{"id":8571,"date":"2014-05-09T10:15:08","date_gmt":"2014-05-09T10:15:08","guid":{"rendered":"http:\/\/192.168.100.222\/target_carts\/wordpress\/wordpress495\/wordpress\/?product=digitaalinen-tyontomitta-0-1000-mm-300-0563"},"modified":"2021-12-07T15:38:31","modified_gmt":"2021-12-07T13:38:31","slug":"digitaalinen-tyontomitta-0-1000-mm-300-0563","status":"publish","type":"product","link":"https:\/\/silikotek.sapartners.site\/index.php\/tuote\/digitaalinen-tyontomitta-0-1000-mm-300-0563\/","title":{"rendered":"Digitaalinen ty\u00f6nt\u00f6mitta 0-1000 mm 300.0563"},"content":{"rendered":"<p>T\u00e4ss\u00e4 ty\u00f6nt\u00f6mitta v\u00e4h\u00e4n isompaan mittaamiseen. Oikea kunnon mauseri. Standar DIN 862, kokonaispituus 1220 mm, mittausalue 0-1000 mm, mittaustarkkuus +\/- 0,01mm, paino 4900 g, leukojen pituus 150 mm<\/p>\n","protected":false},"excerpt":{"rendered":"<p>Ty\u00f6nt\u00f6mitta digitaalinen 0-1000 mm mauseri<\/p>\n","protected":false},"featured_media":8570,"template":"","meta":{"_et_pb_use_builder":"","_et_pb_old_content":"","_et_gb_content_width":""},"pwb-brand":[],"product_brand":[],"product_cat":[805],"product_tag":[],"class_list":{"0":"post-8571","1":"product","2":"type-product","3":"status-publish","4":"has-post-thumbnail","6":"product_cat-tyontomitat","8":"first","9":"instock","10":"sale","11":"taxable","12":"shipping-taxable","13":"purchasable","14":"product-type-simple"},"brands":[],"_links":{"self":[{"href":"https:\/\/silikotek.sapartners.site\/index.php\/wp-json\/wp\/v2\/product\/8571","targetHints":{"allow":["GET"]}}],"collection":[{"href":"https:\/\/silikotek.sapartners.site\/index.php\/wp-json\/wp\/v2\/product"}],"about":[{"href":"https:\/\/silikotek.sapartners.site\/index.php\/wp-json\/wp\/v2\/types\/product"}],"wp:featuredmedia":[{"embeddable":true,"href":"https:\/\/silikotek.sapartners.site\/index.php\/wp-json\/wp\/v2\/media\/8570"}],"wp:attachment":[{"href":"https:\/\/silikotek.sapartners.site\/index.php\/wp-json\/wp\/v2\/media?parent=8571"}],"wp:term":[{"taxonomy":"pwb-brand","embeddable":true,"href":"https:\/\/silikotek.sapartners.site\/index.php\/wp-json\/wp\/v2\/pwb-brand?post=8571"},{"taxonomy":"product_brand","embeddable":true,"href":"https:\/\/silikotek.sapartners.site\/index.php\/wp-json\/wp\/v2\/product_brand?post=8571"},{"taxonomy":"product_cat","embeddable":true,"href":"https:\/\/silikotek.sapartners.site\/index.php\/wp-json\/wp\/v2\/product_cat?post=8571"},{"taxonomy":"product_tag","embeddable":true,"href":"https:\/\/silikotek.sapartners.site\/index.php\/wp-json\/wp\/v2\/product_tag?post=8571"}],"curies":[{"name":"wp","href":"https:\/\/api.w.org\/{rel}","templated":true}]}}