{"id":8539,"date":"2014-05-06T13:22:17","date_gmt":"2014-05-06T13:22:17","guid":{"rendered":"http:\/\/192.168.100.222\/target_carts\/wordpress\/wordpress495\/wordpress\/?product=pyorosahan-tera-katkaisu-ja-jiirisahalle-305-mm-100-hammasta"},"modified":"2014-05-06T13:26:41","modified_gmt":"2014-05-06T13:26:41","slug":"pyorosahan-tera-katkaisu-ja-jiirisahalle-305-mm-100-hammasta","status":"publish","type":"product","link":"https:\/\/silikotek.sapartners.site\/index.php\/tuote\/pyorosahan-tera-katkaisu-ja-jiirisahalle-305-mm-100-hammasta\/","title":{"rendered":"Py\u00f6r\u00f6sahan ter\u00e4 katkaisu ja jiirisahalle 305 mm 100 hammasta"},"content":{"rendered":"<p>Py\u00f6r\u00f6sahan ter\u00e4 katkaisu ja jiirisahalle MS 305DB original ter\u00e4 305 mm 100 hammasta, keskireik\u00e4 30 mm<\/p>\n","protected":false},"excerpt":{"rendered":"<p>Sirkkelin ter\u00e4 305 mm 100 hammasta\u00a0 reik\u00e4 30 mm <span style=\"color: #ff0000;\">(Sopii KATKAISU&amp;JA JIIRISAHAAN MS 305DB )<\/span><\/p>\n","protected":false},"featured_media":8538,"template":"","meta":{"_et_pb_use_builder":"","_et_pb_old_content":"","_et_gb_content_width":""},"pwb-brand":[],"product_brand":[],"product_cat":[804],"product_tag":[],"class_list":{"0":"post-8539","1":"product","2":"type-product","3":"status-publish","4":"has-post-thumbnail","6":"product_cat-pyorosahan-terat-katkaisu-jiirisahoille","8":"first","9":"instock","10":"sale","11":"taxable","12":"shipping-taxable","13":"purchasable","14":"product-type-simple"},"brands":[],"_links":{"self":[{"href":"https:\/\/silikotek.sapartners.site\/index.php\/wp-json\/wp\/v2\/product\/8539","targetHints":{"allow":["GET"]}}],"collection":[{"href":"https:\/\/silikotek.sapartners.site\/index.php\/wp-json\/wp\/v2\/product"}],"about":[{"href":"https:\/\/silikotek.sapartners.site\/index.php\/wp-json\/wp\/v2\/types\/product"}],"wp:featuredmedia":[{"embeddable":true,"href":"https:\/\/silikotek.sapartners.site\/index.php\/wp-json\/wp\/v2\/media\/8538"}],"wp:attachment":[{"href":"https:\/\/silikotek.sapartners.site\/index.php\/wp-json\/wp\/v2\/media?parent=8539"}],"wp:term":[{"taxonomy":"pwb-brand","embeddable":true,"href":"https:\/\/silikotek.sapartners.site\/index.php\/wp-json\/wp\/v2\/pwb-brand?post=8539"},{"taxonomy":"product_brand","embeddable":true,"href":"https:\/\/silikotek.sapartners.site\/index.php\/wp-json\/wp\/v2\/product_brand?post=8539"},{"taxonomy":"product_cat","embeddable":true,"href":"https:\/\/silikotek.sapartners.site\/index.php\/wp-json\/wp\/v2\/product_cat?post=8539"},{"taxonomy":"product_tag","embeddable":true,"href":"https:\/\/silikotek.sapartners.site\/index.php\/wp-json\/wp\/v2\/product_tag?post=8539"}],"curies":[{"name":"wp","href":"https:\/\/api.w.org\/{rel}","templated":true}]}}