{"id":8410,"date":"2014-04-25T16:04:32","date_gmt":"2014-04-25T16:04:32","guid":{"rendered":"http:\/\/192.168.100.222\/target_carts\/wordpress\/wordpress495\/wordpress\/?product=haarukka-250kpl"},"modified":"2022-05-24T14:51:58","modified_gmt":"2022-05-24T11:51:58","slug":"kertakayttohaarukka-100kpl","status":"publish","type":"product","link":"https:\/\/silikotek.sapartners.site\/index.php\/tuote\/kertakayttohaarukka-100kpl\/","title":{"rendered":"Kertak\u00e4ytt\u00f6haarukka Bio 100 kpl"},"content":{"rendered":"<p>Kertak\u00e4ytt\u00f6haarukka, biohajoava ja kompostoitava, valkoinen 100 kpl\/pss<\/p>\n<p>Laatikossa 20 x 100 kpl\/pss<\/p>\n","protected":false},"excerpt":{"rendered":"<p>Valkoinen biohajoava kertak\u00e4ytt\u00f6 haarukka<\/p>\n","protected":false},"featured_media":18353,"template":"","meta":{"_et_pb_use_builder":"","_et_pb_old_content":"","_et_gb_content_width":""},"pwb-brand":[],"product_brand":[],"product_cat":[770,778,337],"product_tag":[1926,1767,1928,1929],"class_list":{"0":"post-8410","1":"product","2":"type-product","3":"status-publish","4":"has-post-thumbnail","6":"product_cat-kertakayttoastiat","7":"product_cat-aterimet","8":"product_cat-taloustavara","9":"product_tag-aterimet","10":"product_tag-biohajoava-haarukka","11":"product_tag-haarukka","12":"product_tag-kertis","13":"pa_pakkauskoko-972","14":"pa_pakkauskoko-973","16":"first","17":"instock","18":"taxable","19":"shipping-taxable","20":"purchasable","21":"product-type-simple"},"brands":[],"_links":{"self":[{"href":"https:\/\/silikotek.sapartners.site\/index.php\/wp-json\/wp\/v2\/product\/8410","targetHints":{"allow":["GET"]}}],"collection":[{"href":"https:\/\/silikotek.sapartners.site\/index.php\/wp-json\/wp\/v2\/product"}],"about":[{"href":"https:\/\/silikotek.sapartners.site\/index.php\/wp-json\/wp\/v2\/types\/product"}],"wp:featuredmedia":[{"embeddable":true,"href":"https:\/\/silikotek.sapartners.site\/index.php\/wp-json\/wp\/v2\/media\/18353"}],"wp:attachment":[{"href":"https:\/\/silikotek.sapartners.site\/index.php\/wp-json\/wp\/v2\/media?parent=8410"}],"wp:term":[{"taxonomy":"pwb-brand","embeddable":true,"href":"https:\/\/silikotek.sapartners.site\/index.php\/wp-json\/wp\/v2\/pwb-brand?post=8410"},{"taxonomy":"product_brand","embeddable":true,"href":"https:\/\/silikotek.sapartners.site\/index.php\/wp-json\/wp\/v2\/product_brand?post=8410"},{"taxonomy":"product_cat","embeddable":true,"href":"https:\/\/silikotek.sapartners.site\/index.php\/wp-json\/wp\/v2\/product_cat?post=8410"},{"taxonomy":"product_tag","embeddable":true,"href":"https:\/\/silikotek.sapartners.site\/index.php\/wp-json\/wp\/v2\/product_tag?post=8410"}],"curies":[{"name":"wp","href":"https:\/\/api.w.org\/{rel}","templated":true}]}}