{"id":8390,"date":"2014-04-25T10:24:24","date_gmt":"2014-04-25T10:24:24","guid":{"rendered":"http:\/\/192.168.100.222\/target_carts\/wordpress\/wordpress495\/wordpress\/?product=kaapelileikkuri-1000v-korkeajannite"},"modified":"2023-01-04T23:26:23","modified_gmt":"2023-01-04T21:26:23","slug":"kaapelileikkuri-1000v-korkeajannite","status":"publish","type":"product","link":"https:\/\/silikotek.sapartners.site\/index.php\/tuote\/kaapelileikkuri-1000v-korkeajannite\/","title":{"rendered":"Kstools Kaapelileikkuri 1000V korkeaj\u00e4nnite 117.1248"},"content":{"rendered":"<p>Kaapelileikkuri r\u00e4ik\u00e4ll\u00e4. Eristetyt kahvat IEC 60900. Leikkaa kupari ja alumiinikaapeleita 840 mm2. Leikattavan kaapelin suurin halkaisija 62 mm. Kokonaispituus 400 mm. Paino 2200 g<\/p>\n","protected":false},"excerpt":{"rendered":"<p>aapelileikkuri 1000V korkeaj\u00e4nnite.<\/p>\n<div class=\"product--description\">\n<ul>\n<li class=\"liste\">standardin IEC 60900 mukainen upotuseristys<\/li>\n<li class=\"liste\">yksi- ja monilankaiselle kupari- ja alumiinikaapelille<\/li>\n<li class=\"liste\">kaksoislaakeroitu ep\u00e4keskomekanismi<\/li>\n<li class=\"liste\">l\u00e4hes murtumaton hammastus<\/li>\n<li class=\"liste\">katkaisee ohuen ter\u00e4slevykuoren<\/li>\n<li class=\"liste\">r\u00e4ikk\u00e4toiminto<\/li>\n<li class=\"liste\">ei sovellu kovetetulle ter\u00e4slangalle<\/li>\n<li class=\"liste\">fosfatoitu<\/li>\n<li class=\"liste\">erikoisty\u00f6kaluter\u00e4st\u00e4<\/li>\n<\/ul>\n<\/div>\n","protected":false},"featured_media":23367,"template":"","meta":{"_et_pb_use_builder":"","_et_pb_old_content":"","_et_gb_content_width":""},"pwb-brand":[1454],"product_brand":[],"product_cat":[922,464],"product_tag":[],"class_list":{"0":"post-8390","1":"product","2":"type-product","3":"status-publish","4":"has-post-thumbnail","6":"pwb-brand-kstools","7":"product_cat-kaapeli-ja-vaijerileikkurit","8":"product_cat-1000v-korkeajannitetyokalut","10":"first","11":"instock","12":"taxable","13":"shipping-taxable","14":"purchasable","15":"product-type-simple"},"brands":[{"id":1454,"name":"Kstools","slug":"kstools"}],"_links":{"self":[{"href":"https:\/\/silikotek.sapartners.site\/index.php\/wp-json\/wp\/v2\/product\/8390","targetHints":{"allow":["GET"]}}],"collection":[{"href":"https:\/\/silikotek.sapartners.site\/index.php\/wp-json\/wp\/v2\/product"}],"about":[{"href":"https:\/\/silikotek.sapartners.site\/index.php\/wp-json\/wp\/v2\/types\/product"}],"wp:featuredmedia":[{"embeddable":true,"href":"https:\/\/silikotek.sapartners.site\/index.php\/wp-json\/wp\/v2\/media\/23367"}],"wp:attachment":[{"href":"https:\/\/silikotek.sapartners.site\/index.php\/wp-json\/wp\/v2\/media?parent=8390"}],"wp:term":[{"taxonomy":"pwb-brand","embeddable":true,"href":"https:\/\/silikotek.sapartners.site\/index.php\/wp-json\/wp\/v2\/pwb-brand?post=8390"},{"taxonomy":"product_brand","embeddable":true,"href":"https:\/\/silikotek.sapartners.site\/index.php\/wp-json\/wp\/v2\/product_brand?post=8390"},{"taxonomy":"product_cat","embeddable":true,"href":"https:\/\/silikotek.sapartners.site\/index.php\/wp-json\/wp\/v2\/product_cat?post=8390"},{"taxonomy":"product_tag","embeddable":true,"href":"https:\/\/silikotek.sapartners.site\/index.php\/wp-json\/wp\/v2\/product_tag?post=8390"}],"curies":[{"name":"wp","href":"https:\/\/api.w.org\/{rel}","templated":true}]}}