{"id":8265,"date":"2014-04-16T13:18:03","date_gmt":"2014-04-16T13:18:03","guid":{"rendered":"http:\/\/192.168.100.222\/target_carts\/wordpress\/wordpress495\/wordpress\/?product=katkaisulaikka-100x16x16-mm-25-kpl-pak"},"modified":"2021-11-19T10:18:32","modified_gmt":"2021-11-19T08:18:32","slug":"katkaisulaikka-100x16x16-mm-25-kpl-pak","status":"publish","type":"product","link":"https:\/\/silikotek.sapartners.site\/index.php\/tuote\/katkaisulaikka-100x16x16-mm-25-kpl-pak\/","title":{"rendered":"Katkaisulaikka 100&#215;1,6&#215;16 mm, 25 kpl\/pak"},"content":{"rendered":"<div class=\"container\">\n<div class=\"detail-middle--description\">\n<div class=\"product--description\">\n<ul>\n<li class=\"liste\">tarkka ja siisti leikkaus<\/li>\n<li class=\"liste\">purseenpoistoa ei tarvita<\/li>\n<li class=\"liste\">eritt\u00e4in lyhyt katkaisuaika<\/li>\n<li class=\"liste\">v\u00e4h\u00e4isempi koneenrasitus<\/li>\n<li class=\"liste\">ruostumatonta Inox-ter\u00e4st\u00e4<\/li>\n<\/ul>\n<p>Ihanteellinen eritt\u00e4in ohuissa materiaaleissa, jotka ovat korkeintaan 2,5 mm paksuja: ty\u00f6kaluter\u00e4s, pelti, kaikenlaiset ohutsein\u00e4iset putket ja profiilit. Sopivat viilaamoihin, korinrakentamiseen, saniteetti- ja l\u00e4mmitysrakentamiseen, putkit\u00f6ihin, peltisep\u00e4nliikkeisiin, puusep\u00e4nliikkeisiin, kirvesmiest\u00f6ihin, katet\u00f6ihin, metallin ty\u00f6st\u00e4miseen ja kaikkiin autoliikkeisiin.<\/p><\/div>\n<\/div>\n<div class=\"detail-middle--properties\">\n<h2 class=\"h4\">OMINAISUUDET<\/h2>\n<div class=\"product--properties panel\">\n<table class=\"product--properties-table\">\n<tbody>\n<tr class=\"product--properties-item\">\n<td class=\"product--properties-label\">K\u00e4ytt\u00f6alue, yleinen:<\/td>\n<td><span class=\"product--properties-value\">Ohutsein\u00e4isille materiaaleille<\/span><\/td>\n<\/tr>\n<tr class=\"product--properties-item\">\n<td class=\"product--properties-label\">Muoto:<\/td>\n<td><span class=\"product--properties-value\">Suora<\/span><\/td>\n<\/tr>\n<tr class=\"product--properties-item\">\n<td class=\"product--properties-label\">Raekoko:<\/td>\n<td><span class=\"product--properties-value\">sonstige<\/span><\/td>\n<\/tr>\n<tr class=\"product--properties-item\">\n<td class=\"product--properties-label\">Materiaali1:<\/td>\n<td><span class=\"product--properties-value\">Ruostumaton ter\u00e4s<\/span><\/td>\n<\/tr>\n<tr class=\"product--properties-item\">\n<td class=\"product--properties-label\">Laatu:<\/td>\n<td><span class=\"product--properties-value\">Tehokas<\/span><\/td>\n<\/tr>\n<tr class=\"product--properties-item\">\n<td class=\"product--properties-label\">Pakkauksen sis\u00e4lt\u00f6:<\/td>\n<td><span class=\"product--properties-value\">25<\/span><\/td>\n<\/tr>\n<\/tbody>\n<\/table>\n<\/div>\n<\/div>\n<\/div>\n<div class=\"toggle-overlay\">\n<div class=\"toggle-hint\"><\/div>\n<\/div>\n","protected":false},"excerpt":{"rendered":"<p>Katkaisulakka metallille, my\u00f6s Inox<\/p>\n","protected":false},"featured_media":26280,"template":"","meta":{"_et_pb_use_builder":"","_et_pb_old_content":"","_et_gb_content_width":""},"pwb-brand":[],"product_brand":[],"product_cat":[746],"product_tag":[],"class_list":{"0":"post-8265","1":"product","2":"type-product","3":"status-publish","4":"has-post-thumbnail","6":"product_cat-katkaisu-ja-hionta","8":"first","9":"instock","10":"sale","11":"taxable","12":"shipping-taxable","13":"purchasable","14":"product-type-simple"},"brands":[],"_links":{"self":[{"href":"https:\/\/silikotek.sapartners.site\/index.php\/wp-json\/wp\/v2\/product\/8265","targetHints":{"allow":["GET"]}}],"collection":[{"href":"https:\/\/silikotek.sapartners.site\/index.php\/wp-json\/wp\/v2\/product"}],"about":[{"href":"https:\/\/silikotek.sapartners.site\/index.php\/wp-json\/wp\/v2\/types\/product"}],"wp:featuredmedia":[{"embeddable":true,"href":"https:\/\/silikotek.sapartners.site\/index.php\/wp-json\/wp\/v2\/media\/26280"}],"wp:attachment":[{"href":"https:\/\/silikotek.sapartners.site\/index.php\/wp-json\/wp\/v2\/media?parent=8265"}],"wp:term":[{"taxonomy":"pwb-brand","embeddable":true,"href":"https:\/\/silikotek.sapartners.site\/index.php\/wp-json\/wp\/v2\/pwb-brand?post=8265"},{"taxonomy":"product_brand","embeddable":true,"href":"https:\/\/silikotek.sapartners.site\/index.php\/wp-json\/wp\/v2\/product_brand?post=8265"},{"taxonomy":"product_cat","embeddable":true,"href":"https:\/\/silikotek.sapartners.site\/index.php\/wp-json\/wp\/v2\/product_cat?post=8265"},{"taxonomy":"product_tag","embeddable":true,"href":"https:\/\/silikotek.sapartners.site\/index.php\/wp-json\/wp\/v2\/product_tag?post=8265"}],"curies":[{"name":"wp","href":"https:\/\/api.w.org\/{rel}","templated":true}]}}