{"id":8077,"date":"2014-04-15T08:30:39","date_gmt":"2014-04-15T08:30:39","guid":{"rendered":"http:\/\/192.168.100.222\/target_carts\/wordpress\/wordpress495\/wordpress\/?product=ulosvetaja-2-leveaa-jalkaa-u-35p-facom"},"modified":"2014-04-15T10:57:05","modified_gmt":"2014-04-15T10:57:05","slug":"ulosvetaja-2-leveaa-jalkaa-u-35p-facom","status":"publish","type":"product","link":"https:\/\/silikotek.sapartners.site\/index.php\/tuote\/ulosvetaja-2-leveaa-jalkaa-u-35p-facom\/","title":{"rendered":"Ulosvet\u00e4j\u00e4, 2 leve\u00e4\u00e4 jalkaa U.35P Facom"},"content":{"rendered":"<p>&#8211; Kuulalaakereiden, hammaspy\u00f6rien ja py\u00f6r\u00e4nnapojen ulosvet\u00e4miseen. &#8211; Suositellaan k\u00e4ytt\u00e4m\u00e4\u00e4n ristikk\u00e4isasennossa. &#8211; K\u00e4ytt\u00f6alue kaksinkertaistuu, kun jalat eiv\u00e4t ole ristikk\u00e4isasennossa.\u00a0<\/p>\n","protected":false},"excerpt":{"rendered":"<p>Facom U.35P ulosvet\u00e4j\u00e4.<span style=\"color: #800000;\">L x I x H = 65 x 110 x 140 mm. 10-55 mm laakereille. Vetovoima 1T<br \/><\/span><\/p>\n","protected":false},"featured_media":8075,"template":"","meta":{"_et_pb_use_builder":"","_et_pb_old_content":"","_et_gb_content_width":""},"pwb-brand":[],"product_brand":[],"product_cat":[478],"product_tag":[],"class_list":{"0":"post-8077","1":"product","2":"type-product","3":"status-publish","4":"has-post-thumbnail","6":"product_cat-ulosvetajat","8":"first","9":"instock","10":"sale","11":"taxable","12":"shipping-taxable","13":"purchasable","14":"product-type-simple"},"brands":[],"_links":{"self":[{"href":"https:\/\/silikotek.sapartners.site\/index.php\/wp-json\/wp\/v2\/product\/8077","targetHints":{"allow":["GET"]}}],"collection":[{"href":"https:\/\/silikotek.sapartners.site\/index.php\/wp-json\/wp\/v2\/product"}],"about":[{"href":"https:\/\/silikotek.sapartners.site\/index.php\/wp-json\/wp\/v2\/types\/product"}],"wp:featuredmedia":[{"embeddable":true,"href":"https:\/\/silikotek.sapartners.site\/index.php\/wp-json\/wp\/v2\/media\/8075"}],"wp:attachment":[{"href":"https:\/\/silikotek.sapartners.site\/index.php\/wp-json\/wp\/v2\/media?parent=8077"}],"wp:term":[{"taxonomy":"pwb-brand","embeddable":true,"href":"https:\/\/silikotek.sapartners.site\/index.php\/wp-json\/wp\/v2\/pwb-brand?post=8077"},{"taxonomy":"product_brand","embeddable":true,"href":"https:\/\/silikotek.sapartners.site\/index.php\/wp-json\/wp\/v2\/product_brand?post=8077"},{"taxonomy":"product_cat","embeddable":true,"href":"https:\/\/silikotek.sapartners.site\/index.php\/wp-json\/wp\/v2\/product_cat?post=8077"},{"taxonomy":"product_tag","embeddable":true,"href":"https:\/\/silikotek.sapartners.site\/index.php\/wp-json\/wp\/v2\/product_tag?post=8077"}],"curies":[{"name":"wp","href":"https:\/\/api.w.org\/{rel}","templated":true}]}}