{"id":8063,"date":"2014-04-14T19:32:58","date_gmt":"2014-04-14T19:32:58","guid":{"rendered":"http:\/\/192.168.100.222\/target_carts\/wordpress\/wordpress495\/wordpress\/?product=pitkat-vetonivelen-varret-ulosvetajalle-u-27as3"},"modified":"2014-04-22T11:20:57","modified_gmt":"2014-04-22T11:20:57","slug":"pitkat-vetonivelen-varret-ulosvetajalle-u-27as3","status":"publish","type":"product","link":"https:\/\/silikotek.sapartners.site\/index.php\/tuote\/pitkat-vetonivelen-varret-ulosvetajalle-u-27as3\/","title":{"rendered":"Pitk\u00e4t vetonivelen varret Ulosvet\u00e4j\u00e4lle U.27AS3"},"content":{"rendered":"<p>Kiristys syvyys P kasvaa 460 mm aina 600 mm ja kiristysleveytt\u00e4 460 mm aina 800 mm<\/p>\n","protected":false},"excerpt":{"rendered":"<p>Kolmen pitk\u00e4n nivelvarren sarja<\/p>\n","protected":false},"featured_media":8061,"template":"","meta":{"_et_pb_use_builder":"","_et_pb_old_content":"","_et_gb_content_width":""},"pwb-brand":[],"product_brand":[],"product_cat":[478],"product_tag":[],"class_list":{"0":"post-8063","1":"product","2":"type-product","3":"status-publish","4":"has-post-thumbnail","6":"product_cat-ulosvetajat","8":"first","9":"instock","10":"sale","11":"taxable","12":"shipping-taxable","13":"purchasable","14":"product-type-simple"},"brands":[],"_links":{"self":[{"href":"https:\/\/silikotek.sapartners.site\/index.php\/wp-json\/wp\/v2\/product\/8063","targetHints":{"allow":["GET"]}}],"collection":[{"href":"https:\/\/silikotek.sapartners.site\/index.php\/wp-json\/wp\/v2\/product"}],"about":[{"href":"https:\/\/silikotek.sapartners.site\/index.php\/wp-json\/wp\/v2\/types\/product"}],"wp:featuredmedia":[{"embeddable":true,"href":"https:\/\/silikotek.sapartners.site\/index.php\/wp-json\/wp\/v2\/media\/8061"}],"wp:attachment":[{"href":"https:\/\/silikotek.sapartners.site\/index.php\/wp-json\/wp\/v2\/media?parent=8063"}],"wp:term":[{"taxonomy":"pwb-brand","embeddable":true,"href":"https:\/\/silikotek.sapartners.site\/index.php\/wp-json\/wp\/v2\/pwb-brand?post=8063"},{"taxonomy":"product_brand","embeddable":true,"href":"https:\/\/silikotek.sapartners.site\/index.php\/wp-json\/wp\/v2\/product_brand?post=8063"},{"taxonomy":"product_cat","embeddable":true,"href":"https:\/\/silikotek.sapartners.site\/index.php\/wp-json\/wp\/v2\/product_cat?post=8063"},{"taxonomy":"product_tag","embeddable":true,"href":"https:\/\/silikotek.sapartners.site\/index.php\/wp-json\/wp\/v2\/product_tag?post=8063"}],"curies":[{"name":"wp","href":"https:\/\/api.w.org\/{rel}","templated":true}]}}