{"id":8005,"date":"2014-04-14T12:58:19","date_gmt":"2014-04-14T12:58:19","guid":{"rendered":"http:\/\/192.168.100.222\/target_carts\/wordpress\/wordpress495\/wordpress\/?product=vaihtojalat-sisapuoliset-ulosvetajalle-u-306a140-ja-u-306a130n"},"modified":"2014-04-14T13:27:10","modified_gmt":"2014-04-14T13:27:10","slug":"vaihtojalat-sisapuoliset-ulosvetajalle-u-306a140-ja-u-306a130n","status":"publish","type":"product","link":"https:\/\/silikotek.sapartners.site\/index.php\/tuote\/vaihtojalat-sisapuoliset-ulosvetajalle-u-306a140-ja-u-306a130n\/","title":{"rendered":"Vaihtojalat sis\u00e4puoliset, ulosvet\u00e4j\u00e4lle U.306A140 ja U.306A130N"},"content":{"rendered":"<p>Ulosvet\u00e4j\u00e4n sis\u00e4puoliset vaihtojalat. Sopii Ulosvet\u00e4j\u00e4\u00e4n U.306A140 ja U.306A130N<\/p>\n","protected":false},"excerpt":{"rendered":"<p>Ulosvet\u00e4j\u00e4n U.306 sis\u00e4puoliset vaihtojalat U.306G2. Huom ! myyd\u00e4\u00e4n kappaleittain.<\/p>\n","protected":false},"featured_media":8004,"template":"","meta":{"_et_pb_use_builder":"","_et_pb_old_content":"","_et_gb_content_width":""},"pwb-brand":[],"product_brand":[],"product_cat":[478],"product_tag":[],"class_list":{"0":"post-8005","1":"product","2":"type-product","3":"status-publish","4":"has-post-thumbnail","6":"product_cat-ulosvetajat","8":"first","9":"instock","10":"sale","11":"taxable","12":"shipping-taxable","13":"purchasable","14":"product-type-simple"},"brands":[],"_links":{"self":[{"href":"https:\/\/silikotek.sapartners.site\/index.php\/wp-json\/wp\/v2\/product\/8005","targetHints":{"allow":["GET"]}}],"collection":[{"href":"https:\/\/silikotek.sapartners.site\/index.php\/wp-json\/wp\/v2\/product"}],"about":[{"href":"https:\/\/silikotek.sapartners.site\/index.php\/wp-json\/wp\/v2\/types\/product"}],"wp:featuredmedia":[{"embeddable":true,"href":"https:\/\/silikotek.sapartners.site\/index.php\/wp-json\/wp\/v2\/media\/8004"}],"wp:attachment":[{"href":"https:\/\/silikotek.sapartners.site\/index.php\/wp-json\/wp\/v2\/media?parent=8005"}],"wp:term":[{"taxonomy":"pwb-brand","embeddable":true,"href":"https:\/\/silikotek.sapartners.site\/index.php\/wp-json\/wp\/v2\/pwb-brand?post=8005"},{"taxonomy":"product_brand","embeddable":true,"href":"https:\/\/silikotek.sapartners.site\/index.php\/wp-json\/wp\/v2\/product_brand?post=8005"},{"taxonomy":"product_cat","embeddable":true,"href":"https:\/\/silikotek.sapartners.site\/index.php\/wp-json\/wp\/v2\/product_cat?post=8005"},{"taxonomy":"product_tag","embeddable":true,"href":"https:\/\/silikotek.sapartners.site\/index.php\/wp-json\/wp\/v2\/product_tag?post=8005"}],"curies":[{"name":"wp","href":"https:\/\/api.w.org\/{rel}","templated":true}]}}