{"id":7960,"date":"2014-04-12T12:19:17","date_gmt":"2014-04-12T09:19:17","guid":{"rendered":"http:\/\/192.168.100.222\/target_carts\/wordpress\/wordpress495\/wordpress\/?product=lamellilaikka-125-mm-abra"},"modified":"2021-11-28T00:00:39","modified_gmt":"2021-11-27T22:00:39","slug":"lamellilaikka-125-mm-abra","status":"publish","type":"product","link":"https:\/\/silikotek.sapartners.site\/index.php\/tuote\/lamellilaikka-125-mm-abra\/","title":{"rendered":"Lamellilaikka 125 mm abra"},"content":{"rendered":"<p>Lamellilaikka 936-125 mm, 80 liuskaa keh\u00e4ll\u00e4. Lasikuiturungolla teollisuuslaatua.<\/p>\n","protected":false},"excerpt":{"rendered":"<p>Lamellilaikka 125 mm joka on suunniteltu raskaaseen ammattik\u00e4ytt\u00f6\u00f6n. Sopii niin ruostumattoman kuin mustankin ter\u00e4ksen hiontaan. Pitk\u00e4t lamellit takaavat kustannustehokkaan hiomatuloksen. Yksi markkinoiden kustannustehokkaimmista lamellilaikoista.<\/p>\n","protected":false},"featured_media":26244,"template":"","meta":{"_et_pb_use_builder":"","_et_pb_old_content":"","_et_gb_content_width":""},"pwb-brand":[1790],"product_brand":[],"product_cat":[746],"product_tag":[],"class_list":{"0":"post-7960","1":"product","2":"type-product","3":"status-publish","4":"has-post-thumbnail","6":"pwb-brand-i-co-mec","7":"product_cat-katkaisu-ja-hionta","8":"pa_karkeus-p120","9":"pa_karkeus-p40","10":"pa_karkeus-p60","11":"pa_karkeus-p80","13":"first","14":"instock","15":"taxable","16":"shipping-taxable","17":"purchasable","18":"product-type-variable"},"brands":[{"id":1790,"name":"I.CO.MEC","slug":"i-co-mec"}],"_links":{"self":[{"href":"https:\/\/silikotek.sapartners.site\/index.php\/wp-json\/wp\/v2\/product\/7960","targetHints":{"allow":["GET"]}}],"collection":[{"href":"https:\/\/silikotek.sapartners.site\/index.php\/wp-json\/wp\/v2\/product"}],"about":[{"href":"https:\/\/silikotek.sapartners.site\/index.php\/wp-json\/wp\/v2\/types\/product"}],"wp:featuredmedia":[{"embeddable":true,"href":"https:\/\/silikotek.sapartners.site\/index.php\/wp-json\/wp\/v2\/media\/26244"}],"wp:attachment":[{"href":"https:\/\/silikotek.sapartners.site\/index.php\/wp-json\/wp\/v2\/media?parent=7960"}],"wp:term":[{"taxonomy":"pwb-brand","embeddable":true,"href":"https:\/\/silikotek.sapartners.site\/index.php\/wp-json\/wp\/v2\/pwb-brand?post=7960"},{"taxonomy":"product_brand","embeddable":true,"href":"https:\/\/silikotek.sapartners.site\/index.php\/wp-json\/wp\/v2\/product_brand?post=7960"},{"taxonomy":"product_cat","embeddable":true,"href":"https:\/\/silikotek.sapartners.site\/index.php\/wp-json\/wp\/v2\/product_cat?post=7960"},{"taxonomy":"product_tag","embeddable":true,"href":"https:\/\/silikotek.sapartners.site\/index.php\/wp-json\/wp\/v2\/product_tag?post=7960"}],"curies":[{"name":"wp","href":"https:\/\/api.w.org\/{rel}","templated":true}]}}