{"id":7903,"date":"2014-04-08T13:48:28","date_gmt":"2014-04-08T10:48:28","guid":{"rendered":"http:\/\/192.168.100.222\/target_carts\/wordpress\/wordpress495\/wordpress\/?product=sieviair-galaxy-1-xl-s1-turvakenka"},"modified":"2021-01-19T15:08:47","modified_gmt":"2021-01-19T13:08:47","slug":"sieviair-galaxy-1-xl-s1-turvakenka","status":"publish","type":"product","link":"https:\/\/silikotek.sapartners.site\/index.php\/tuote\/sieviair-galaxy-1-xl-s1-turvakenka\/","title":{"rendered":"SieviAir Galaxy 1 S1 Turvakeng\u00e4t (XL-lesti koossa 39 &#8211; 47)"},"content":{"rendered":"<div class=\"productdata\">\n<div class=\"label\">Turvaluokitus: EN ISO 20345: S1 SRC<\/div>\n<\/div>\n<div class=\"productdata\">\n<div class=\"label\">Varvassuoja: Komposiitti<\/div>\n<\/div>\n<div class=\"productdata\">\n<div class=\"label\">Pohjamateriaali: 1-kerros PU<\/div>\n<\/div>\n<div class=\"productdata\">\n<div class=\"label\">P\u00e4\u00e4llismateriaali: Mikrokuitu<br \/>\nLesti: Koot: 36 &#8211; 38: M-43 Normaali, Koot: 39 &#8211; 47: M-49 XL<\/div>\n<\/div>\n","protected":false},"excerpt":{"rendered":"<p>Metallittomat turvakeng\u00e4t, joiden SieviAir\u00ae-pohjaratkaisu parantaa tehokkaasti jalkineiden ilmanvaihtoa. 3D-dry\u00ae-vuori lis\u00e4\u00e4 hengitt\u00e4vyytt\u00e4 siirt\u00e4m\u00e4ll\u00e4 kosteutta pois jalan pinnasta. P\u00e4\u00e4llinen on kest\u00e4v\u00e4\u00e4 mikrokuitua ja jalkineen k\u00e4rkiosa on suojattu harjatulla PU-nahalla. Joustava FlexStep\u00ae-pohja yhdess\u00e4 Dual Comfort -pohjallisten kanssa auttaa jalkoja jaksamaan paremmin.<\/p>\n","protected":false},"featured_media":19392,"template":"","meta":{"_et_pb_use_builder":"","_et_pb_old_content":"","_et_gb_content_width":""},"pwb-brand":[1450],"product_brand":[],"product_cat":[723,720],"product_tag":[],"class_list":{"0":"post-7903","1":"product","2":"type-product","3":"status-publish","4":"has-post-thumbnail","6":"pwb-brand-sievin-jalkine","7":"product_cat-sandaalit-turva","8":"product_cat-turvakengat","9":"pa_kenkakoko-1026","10":"pa_kenkakoko-1027","11":"pa_kenkakoko-1028","12":"pa_kenkakoko-1016","13":"pa_kenkakoko-1017","14":"pa_kenkakoko-1018","15":"pa_kenkakoko-1019","16":"pa_kenkakoko-1020","17":"pa_kenkakoko-1021","18":"pa_kenkakoko-1022","19":"pa_kenkakoko-1023","20":"pa_kenkakoko-1024","22":"first","23":"instock","24":"taxable","25":"shipping-taxable","26":"purchasable","27":"product-type-variable"},"brands":[{"id":1450,"name":"Sievin Jalkine","slug":"sievin-jalkine"}],"_links":{"self":[{"href":"https:\/\/silikotek.sapartners.site\/index.php\/wp-json\/wp\/v2\/product\/7903","targetHints":{"allow":["GET"]}}],"collection":[{"href":"https:\/\/silikotek.sapartners.site\/index.php\/wp-json\/wp\/v2\/product"}],"about":[{"href":"https:\/\/silikotek.sapartners.site\/index.php\/wp-json\/wp\/v2\/types\/product"}],"wp:featuredmedia":[{"embeddable":true,"href":"https:\/\/silikotek.sapartners.site\/index.php\/wp-json\/wp\/v2\/media\/19392"}],"wp:attachment":[{"href":"https:\/\/silikotek.sapartners.site\/index.php\/wp-json\/wp\/v2\/media?parent=7903"}],"wp:term":[{"taxonomy":"pwb-brand","embeddable":true,"href":"https:\/\/silikotek.sapartners.site\/index.php\/wp-json\/wp\/v2\/pwb-brand?post=7903"},{"taxonomy":"product_brand","embeddable":true,"href":"https:\/\/silikotek.sapartners.site\/index.php\/wp-json\/wp\/v2\/product_brand?post=7903"},{"taxonomy":"product_cat","embeddable":true,"href":"https:\/\/silikotek.sapartners.site\/index.php\/wp-json\/wp\/v2\/product_cat?post=7903"},{"taxonomy":"product_tag","embeddable":true,"href":"https:\/\/silikotek.sapartners.site\/index.php\/wp-json\/wp\/v2\/product_tag?post=7903"}],"curies":[{"name":"wp","href":"https:\/\/api.w.org\/{rel}","templated":true}]}}