{"id":7703,"date":"2014-04-04T21:11:51","date_gmt":"2014-04-04T18:11:51","guid":{"rendered":"http:\/\/192.168.100.222\/target_carts\/wordpress\/wordpress495\/wordpress\/?product=sievi-planar-3-s3-turvakenka-koot-39-48"},"modified":"2019-01-16T10:48:01","modified_gmt":"2019-01-16T08:48:01","slug":"sievi-planar-3-s3-turvakenka-koot-39-48","status":"publish","type":"product","link":"https:\/\/silikotek.sapartners.site\/index.php\/tuote\/sievi-planar-3-s3-turvakenka-koot-39-48\/","title":{"rendered":"Sievi Planar 3 S3 Turvakenk\u00e4"},"content":{"rendered":"<div class=\"mobile-hidden\">\n<div class=\"productdata\">\n<div class=\"label\">Turvaluokitus: EN ISO 20345: S3 SRC<\/div>\n<\/div>\n<div class=\"productdata\">\n<div class=\"label\">Varvassuoja: Ter\u00e4s<\/div>\n<\/div>\n<div class=\"productdata\">\n<div class=\"label\">Naulaanastumissuoja: Ter\u00e4s<\/div>\n<\/div>\n<div class=\"productdata\">\n<div class=\"label\">Pohjamateriaali: 1-kerros PU<\/div>\n<\/div>\n<div class=\"productdata\">\n<div class=\"label\">P\u00e4\u00e4llismateriaali: PU-nahka, Haljas, Tekstiili<\/div>\n<\/div>\n<div class=\"productdata\">\n<div class=\"label\">Lesti: M-42 Normaali<\/div>\n<\/div>\n<\/div>\n","protected":false},"excerpt":{"rendered":"<p>Ulkomuodoltaan retrosti nykyaikainen Planar 3 S3 laajentaa k\u00e4ytt\u00f6mukavuuden uusiin ulottuvuuksiin memory foam -nilkkasuojansa ansiosta: yksil\u00f6llisesti jalan muotoja mukaileva memory foam tukee miellytt\u00e4v\u00e4sti auttaen ehk\u00e4isem\u00e4\u00e4n nilkkavammoja. Mukavuuden maksimoivat 3D-dry\u00ae-vuori sek\u00e4 kaksoisvaimennetut Dual-pohjalliset. Ter\u00e4ksiset varvas- ja naulaanastumissuoja suojaavat vaativissakin olosuhteissa.<\/p>\n","protected":false},"featured_media":19192,"template":"","meta":{"_et_pb_use_builder":"","_et_pb_old_content":"","_et_gb_content_width":""},"pwb-brand":[1450],"product_brand":[],"product_cat":[720,725,719],"product_tag":[],"class_list":{"0":"post-7703","1":"product","2":"type-product","3":"status-publish","4":"has-post-thumbnail","6":"pwb-brand-sievin-jalkine","7":"product_cat-turvakengat","8":"product_cat-nilkkurit-turvakengat","9":"product_cat-kengat","10":"pa_kenkakoko-1025","11":"pa_kenkakoko-1026","12":"pa_kenkakoko-1027","13":"pa_kenkakoko-1028","14":"pa_kenkakoko-1016","15":"pa_kenkakoko-1017","16":"pa_kenkakoko-1018","17":"pa_kenkakoko-1019","18":"pa_kenkakoko-1020","19":"pa_kenkakoko-1021","20":"pa_kenkakoko-1022","21":"pa_kenkakoko-1023","22":"pa_kenkakoko-1024","23":"pa_kenkakoko-1029","25":"first","26":"instock","27":"taxable","28":"shipping-taxable","29":"purchasable","30":"product-type-variable"},"brands":[{"id":1450,"name":"Sievin Jalkine","slug":"sievin-jalkine"}],"_links":{"self":[{"href":"https:\/\/silikotek.sapartners.site\/index.php\/wp-json\/wp\/v2\/product\/7703","targetHints":{"allow":["GET"]}}],"collection":[{"href":"https:\/\/silikotek.sapartners.site\/index.php\/wp-json\/wp\/v2\/product"}],"about":[{"href":"https:\/\/silikotek.sapartners.site\/index.php\/wp-json\/wp\/v2\/types\/product"}],"wp:featuredmedia":[{"embeddable":true,"href":"https:\/\/silikotek.sapartners.site\/index.php\/wp-json\/wp\/v2\/media\/19192"}],"wp:attachment":[{"href":"https:\/\/silikotek.sapartners.site\/index.php\/wp-json\/wp\/v2\/media?parent=7703"}],"wp:term":[{"taxonomy":"pwb-brand","embeddable":true,"href":"https:\/\/silikotek.sapartners.site\/index.php\/wp-json\/wp\/v2\/pwb-brand?post=7703"},{"taxonomy":"product_brand","embeddable":true,"href":"https:\/\/silikotek.sapartners.site\/index.php\/wp-json\/wp\/v2\/product_brand?post=7703"},{"taxonomy":"product_cat","embeddable":true,"href":"https:\/\/silikotek.sapartners.site\/index.php\/wp-json\/wp\/v2\/product_cat?post=7703"},{"taxonomy":"product_tag","embeddable":true,"href":"https:\/\/silikotek.sapartners.site\/index.php\/wp-json\/wp\/v2\/product_tag?post=7703"}],"curies":[{"name":"wp","href":"https:\/\/api.w.org\/{rel}","templated":true}]}}