{"id":7665,"date":"2014-04-04T12:30:44","date_gmt":"2014-04-04T12:30:44","guid":{"rendered":"http:\/\/192.168.100.222\/target_carts\/wordpress\/wordpress495\/wordpress\/?product=kuorma-auton-renkaan-nostin"},"modified":"2020-03-31T01:00:46","modified_gmt":"2020-03-30T22:00:46","slug":"kuorma-auton-renkaan-nostin","status":"publish","type":"product","link":"https:\/\/silikotek.sapartners.site\/index.php\/tuote\/kuorma-auton-renkaan-nostin\/","title":{"rendered":"Kstools Kuorma-auton renkaan nostin"},"content":{"rendered":"<p>T\u00e4ss\u00e4 k\u00e4tev\u00e4 raskaan kaluston py\u00f6r\u00e4nnostin. T\u00e4ll\u00e4 nostimella asennat renkaat k\u00e4tev\u00e4sti yksin. Nostokapasiteetti 250 kg.<\/p>\n<table class=\"product--properties-table\">\n<tbody>\n<tr class=\"product--properties-item\">\n<td class=\"product--properties-label\">Materiaali1:<\/td>\n<td><span class=\"product--properties-value\">Ter\u00e4sputki<\/span><\/td>\n<\/tr>\n<tr class=\"product--properties-item\">\n<td class=\"product--properties-label\">Rullapy\u00f6rien m\u00e4\u00e4r\u00e4:<\/td>\n<td><span class=\"product--properties-value\">2<\/span><\/td>\n<\/tr>\n<tr class=\"product--properties-item\">\n<td class=\"product--properties-label\">Rengastustyyppi:<\/td>\n<td><span class=\"product--properties-value\">Kumi<\/span><\/td>\n<\/tr>\n<tr class=\"product--properties-item\">\n<td class=\"product--properties-label\">Enimm\u00e4isj\u00e4nnev\u00e4li:<\/td>\n<td><span class=\"product--properties-value\">620,0 mm<\/span><\/td>\n<\/tr>\n<tr class=\"product--properties-item\">\n<td class=\"product--properties-label\">Rullattava:<\/td>\n<td><span class=\"product--properties-value\">Kyll\u00e4<\/span><\/td>\n<\/tr>\n<tr class=\"product--properties-item\">\n<td class=\"product--properties-label\">Renkaiden kiinnitys:<\/td>\n<td><span class=\"product--properties-value\">6,5&#8243; &#8211; 22,5&#8243;<\/span><\/td>\n<\/tr>\n<tr class=\"product--properties-item\">\n<td class=\"product--properties-label\">Py\u00f6r\u00e4n suurin l\u00e4pimitta:<\/td>\n<td><span class=\"product--properties-value\">1100,0 mm<\/span><\/td>\n<\/tr>\n<tr class=\"product--properties-item\">\n<td class=\"product--properties-label\">Py\u00f6r\u00e4n suurin paino:<\/td>\n<td><span class=\"product--properties-value\">250 kg<\/span><\/td>\n<\/tr>\n<tr class=\"product--properties-item\">\n<td class=\"product--properties-label\">Py\u00f6r\u00e4n v\u00e4himm\u00e4isl\u00e4pimitta:<\/td>\n<td><span class=\"product--properties-value\">600,0 mm<\/span><\/td>\n<\/tr>\n<tr class=\"product--properties-item\">\n<td class=\"product--properties-label\">Pienin j\u00e4nnev\u00e4li:<\/td>\n<td><span class=\"product--properties-value\">290,0 mm<\/span><\/td>\n<\/tr>\n<tr class=\"product--properties-item\">\n<td class=\"product--properties-label\">Keskisuuri j\u00e4nnev\u00e4li:<\/td>\n<td><span class=\"product--properties-value\">450,0 mm<\/span><\/td>\n<\/tr>\n<tr class=\"product--properties-item\">\n<td class=\"product--properties-label\">Hy\u00f6tyisku:<\/td>\n<td><span class=\"product--properties-value\">100,0 mm<\/span><\/td>\n<\/tr>\n<tr class=\"product--properties-item\">\n<td class=\"product--properties-label\">Py\u00f6r\u00e4n kannattimen pituus:<\/td>\n<td><span class=\"product--properties-value\">220,0 mm<\/span><\/td>\n<\/tr>\n<tr class=\"product--properties-item\">\n<td class=\"product--properties-label\">Pakkauksen sis\u00e4lt\u00f6:<\/td>\n<td><span class=\"product--properties-value\">1<\/span><\/td>\n<\/tr>\n<tr class=\"product--properties-item\">\n<td class=\"product--properties-label\">Paino g:<\/td>\n<td><span class=\"product--properties-value\">13500<\/span><\/td>\n<\/tr>\n<\/tbody>\n<\/table>\n","protected":false},"excerpt":{"rendered":"<p>Rengask\u00e4rry kuorma-auton renkaille. Isotkin renkaat siirtyv\u00e4t kevyesti yhden miehen toimesta.<\/p>\n<div class=\"product--description\">\n<ul>\n<li class=\"liste\">ter\u00e4sputkirakenne syv\u00e4hitsatuilla saumoilla<\/li>\n<li class=\"liste\">kevyt ja ketter\u00e4, sopii pieniinkin tiloihin<\/li>\n<li class=\"liste\">py\u00f6rien ja vanteiden helppoon irrottamiseen ja kuljetukseen<\/li>\n<li class=\"liste\">valmistettu py\u00f6reist\u00e4 putkista ja hitsattu kest\u00e4v\u00e4sti<\/li>\n<li class=\"liste\">kaksi t\u00e4yskumista ohjauspy\u00f6r\u00e4\u00e4<\/li>\n<li class=\"liste\">paremmat seisomis- ja kaatumisvarmuudet<\/li>\n<li class=\"liste\">ihanteellinen vaihdettaessa kuorma-autojen, bussien ja haarukkatrukkien renkaita<\/li>\n<li class=\"liste\">3-kertaisesti s\u00e4\u00e4dett\u00e4v\u00e4t py\u00f6r\u00e4koot<\/li>\n<li class=\"liste\">t\u00e4ydellisesti k\u00e4ytett\u00e4viss\u00e4 rengasliikkeess\u00e4, kuorma-autokorjaamoissa ja huolintaliikkeiss\u00e4<\/li>\n<\/ul>\n<\/div>\n<p>&nbsp;<\/p>\n","protected":false},"featured_media":20851,"template":"","meta":{"_et_pb_use_builder":"","_et_pb_old_content":"","_et_gb_content_width":""},"pwb-brand":[1454],"product_brand":[],"product_cat":[277,449,752],"product_tag":[],"class_list":{"0":"post-7665","1":"product","2":"type-product","3":"status-publish","4":"has-post-thumbnail","6":"pwb-brand-kstools","7":"product_cat-tyokalut","8":"product_cat-autokorjaamon-tyokalut","9":"product_cat-rengas-tyokalut","11":"first","12":"instock","13":"taxable","14":"shipping-taxable","15":"purchasable","16":"product-type-simple"},"brands":[{"id":1454,"name":"Kstools","slug":"kstools"}],"_links":{"self":[{"href":"https:\/\/silikotek.sapartners.site\/index.php\/wp-json\/wp\/v2\/product\/7665","targetHints":{"allow":["GET"]}}],"collection":[{"href":"https:\/\/silikotek.sapartners.site\/index.php\/wp-json\/wp\/v2\/product"}],"about":[{"href":"https:\/\/silikotek.sapartners.site\/index.php\/wp-json\/wp\/v2\/types\/product"}],"wp:featuredmedia":[{"embeddable":true,"href":"https:\/\/silikotek.sapartners.site\/index.php\/wp-json\/wp\/v2\/media\/20851"}],"wp:attachment":[{"href":"https:\/\/silikotek.sapartners.site\/index.php\/wp-json\/wp\/v2\/media?parent=7665"}],"wp:term":[{"taxonomy":"pwb-brand","embeddable":true,"href":"https:\/\/silikotek.sapartners.site\/index.php\/wp-json\/wp\/v2\/pwb-brand?post=7665"},{"taxonomy":"product_brand","embeddable":true,"href":"https:\/\/silikotek.sapartners.site\/index.php\/wp-json\/wp\/v2\/product_brand?post=7665"},{"taxonomy":"product_cat","embeddable":true,"href":"https:\/\/silikotek.sapartners.site\/index.php\/wp-json\/wp\/v2\/product_cat?post=7665"},{"taxonomy":"product_tag","embeddable":true,"href":"https:\/\/silikotek.sapartners.site\/index.php\/wp-json\/wp\/v2\/product_tag?post=7665"}],"curies":[{"name":"wp","href":"https:\/\/api.w.org\/{rel}","templated":true}]}}