{"id":7558,"date":"2014-03-31T10:48:09","date_gmt":"2014-03-31T10:48:09","guid":{"rendered":"http:\/\/192.168.100.222\/target_carts\/wordpress\/wordpress495\/wordpress\/?product=laajennustyokalu-c12-pxpi10-202c"},"modified":"2020-04-27T08:26:53","modified_gmt":"2020-04-27T05:26:53","slug":"laajennustyokalu-c12-pxpi10-202c","status":"publish","type":"product","link":"https:\/\/silikotek.sapartners.site\/index.php\/tuote\/laajennustyokalu-c12-pxpi10-202c\/","title":{"rendered":"Milwaukee C12 PXPI10 202C Laajennusty\u00f6kalu"},"content":{"rendered":"<table class=\"table product__detail-table js-responsive-table\">\n<tbody>\n<tr>\n<th class=\"product__detail-table--no-border table-area-heading\">Tekniset tiedot<\/th>\n<th class=\"product__detail-table--no-border product__detail-table--centered\">\u00a0C12 PXP-I10202C<\/th>\n<\/tr>\n<tr>\n<th>Akkutyyppi<\/th>\n<td data-th=\"Akkutyyppi\">Li-ion<\/td>\n<\/tr>\n<tr>\n<th>Akun kapasiteetti (Ah)<\/th>\n<td data-th=\"Akun kapasiteetti (Ah)\">2.0<\/td>\n<\/tr>\n<tr>\n<th>Iskun pituus (mm)<\/th>\n<td data-th=\"Iskun pituus (mm)\">14<\/td>\n<\/tr>\n<tr>\n<th>Maks. putkenhalkaisija 10 baaria (mm)<\/th>\n<td data-th=\"Maks. putkenhalkaisija 10 baaria (mm)\">25 x 3.5<\/td>\n<\/tr>\n<tr>\n<th>Maks. putkenhalkaisija 6 baaria (mm)<\/th>\n<td data-th=\"Maks. putkenhalkaisija 6 baaria (mm)\">\u2212<\/td>\n<\/tr>\n<tr>\n<th>Mukana laturi<\/th>\n<td data-th=\"Mukana laturi\">40 min<\/td>\n<\/tr>\n<tr>\n<th>Mukana p\u00e4\u00e4t<\/th>\n<td data-th=\"Mukana p\u00e4\u00e4t\">16\/ 20\/ 25 mm<\/td>\n<\/tr>\n<tr>\n<th>Mukana tulevien akkujen m\u00e4\u00e4r\u00e4<\/th>\n<td data-th=\"Mukana tulevien akkujen m\u00e4\u00e4r\u00e4\">2<\/td>\n<\/tr>\n<tr>\n<th>Nopeus (isk.\/min.)<\/th>\n<td data-th=\"Nopeus (isk.\/min.)\">60<\/td>\n<\/tr>\n<tr>\n<th>Paino akun kanssa (kg)<\/th>\n<td data-th=\"Paino akun kanssa (kg)\">1.9<\/td>\n<\/tr>\n<tr>\n<th>Toimitetaan<\/th>\n<td data-th=\"Toimitetaan\">Muovilaatikko<\/td>\n<\/tr>\n<tr>\n<th>Tuotenumero<\/th>\n<td data-th=\"Tuotenumero\">4933441730<\/td>\n<\/tr>\n<tr>\n<th>Vakiovarustus<\/th>\n<td data-th=\"Vakiovarustus\">Voiteluaine<\/td>\n<\/tr>\n<tr>\n<th>Voltit (V)<\/th>\n<td data-th=\"Voltit (V)\">12<\/td>\n<\/tr>\n<tr class=\"table__accordion-btn\">\n<th colspan=\"2\"><\/th>\n<\/tr>\n<\/tbody>\n<\/table>\n<table class=\"table product__detail-table js-responsive-table\">\n<tbody>\n<tr class=\"table__hidden-area js-hidden-table-area is-active\">\n<th>\u00c4\u00e4nen tehotaso (dB(A))<\/th>\n<td data-th=\"\u00c4\u00e4nen tehotaso (dB(A))\">72<\/td>\n<\/tr>\n<tr class=\"table__hidden-area js-hidden-table-area is-active\">\n<th>\u00c4\u00e4nentehotason ep\u00e4varmuus (dB(A))<\/th>\n<td data-th=\"\u00c4\u00e4nentehotason ep\u00e4varmuus (dB(A))\">3<\/td>\n<\/tr>\n<tr class=\"table__hidden-area js-hidden-table-area is-active\">\n<th>Akustinen paine &#8211; ep\u00e4varmuus (dB(A))<\/th>\n<td data-th=\"Akustinen paine - ep\u00e4varmuus (dB(A))\">3<\/td>\n<\/tr>\n<tr class=\"table__hidden-area js-hidden-table-area is-active\">\n<th>Akustinen paine (dB(A))<\/th>\n<td data-th=\"Akustinen paine (dB(A))\">61<\/td>\n<\/tr>\n<tr class=\"table__hidden-area js-hidden-table-area is-active\">\n<th>T\u00e4rin\u00e4taso (m\/s\u00b2)<\/th>\n<td data-th=\"T\u00e4rin\u00e4taso (m\/s\u00b2)\">&lt;&gt;<\/td>\n<\/tr>\n<tr class=\"table__hidden-area js-hidden-table-area is-active\">\n<th>T\u00e4rin\u00e4taso ep\u00e4varmuus (m\/s\u00b2)<\/th>\n<td data-th=\"T\u00e4rin\u00e4taso ep\u00e4varmuus (m\/s\u00b2)\">1.5<\/td>\n<\/tr>\n<\/tbody>\n<\/table>\n<p><iframe loading=\"lazy\" title=\"Milwaukee\u00ae Introduces Industry&#039;s Fastest Q&amp;E Installation Tools - C12 PXP\" width=\"1080\" height=\"608\" src=\"https:\/\/www.youtube.com\/embed\/kVTL-d530eI?feature=oembed\" frameborder=\"0\" allow=\"accelerometer; autoplay; encrypted-media; gyroscope; picture-in-picture\" allowfullscreen><\/iframe><\/p>\n","protected":false},"excerpt":{"rendered":"<div class=\"woocommerce-product-details__short-description\">\n<div class=\"product__description-content js-product-content\">\n<p>K\u00e4\u00e4ntyv\u00e4 p\u00e4\u00e4 toimii 12 \u2013 32 mm putkien kanssa painev\u00e4lill\u00e4 6-10 bar. REDLINK&#x2122;-ylikuormitussuojan elektroniikka ty\u00f6kaluissa ja akussa tuottaa luokkansa parhaan kest\u00e4vyyden. Jopa 4x nopeampi Q&amp;E-asennus.<br \/>\nMetallivaihteisto ja integroitu runko. Suorakulmamuotoilu mahdollistaa helpot Q&amp;E-asennukset.<\/p>\n<p>Yksitt\u00e4isten akun kennojen valvonta optimoi ty\u00f6kalun k\u00e4ytt\u00f6ajan ja varmistaa akun kest\u00e4vyyden. Virtamittari ja LED-ty\u00f6valo. REDLITHIUM&#x2122;-ION-akun ylivoimainen rakenne, elektroniikka ja jatkuva suorituskyky takaavat pidemm\u00e4n k\u00e4ytt\u00f6ajan ja -i\u00e4n. Toimii kaikilla MILWAUKEE\u00ae M12&#x2122; -akuilla.<\/p>\n<\/div>\n<\/div>\n","protected":false},"featured_media":20484,"template":"","meta":{"_et_pb_use_builder":"off","_et_pb_old_content":"M12 laajennusty\u00f6kalu C12 PXPI10 202C. Laajentaa Uponor:in PEX-putket muutamassa sekunnissa nappia painamalla.\r\nP\u00e4\u00e4 k\u00e4\u00e4ntyy automaattisesti, mik\u00e4 mahdollistaa k\u00e4yt\u00f6n yhdell\u00e4 k\u00e4dell\u00e4. P\u00e4\u00e4t on helppo vaihtaa -\r\npikakiinnitys. Toimii 12-32mm putkien kanssa, painev\u00e4lill\u00e4 6-10 bar. 14mm iskusyvyys. Heavy-Duty\r\nmetallinen vaihdepes\u00e4 tarjoaa kest\u00e4vyytt\u00e4 haastavissa olosuhteissa. Sis\u00e4\u00e4nrakennettu LED-valo\r\nvalaisee ty\u00f6skentelyalueen. Akussa virtamittari. C12 C laturi (40min), 2 x M12 B2 12,0Ah Red Li-Ion-akut,\r\nlaukku. ISO Standardia - 3 x 10 bar laajennusp\u00e4\u00e4t 16\/20\/20mm 14mm iskusyvyydell\u00e4, rasvatuubi","_et_gb_content_width":""},"pwb-brand":[1452],"product_brand":[],"product_cat":[808],"product_tag":[],"class_list":{"0":"post-7558","1":"product","2":"type-product","3":"status-publish","4":"has-post-thumbnail","6":"pwb-brand-milwaukee","7":"product_cat-akkukayttoiset-putken-laajennustyokalut","9":"first","10":"instock","11":"taxable","12":"shipping-taxable","13":"purchasable","14":"product-type-simple"},"brands":[{"id":1452,"name":"Milwaukee","slug":"milwaukee"}],"_links":{"self":[{"href":"https:\/\/silikotek.sapartners.site\/index.php\/wp-json\/wp\/v2\/product\/7558","targetHints":{"allow":["GET"]}}],"collection":[{"href":"https:\/\/silikotek.sapartners.site\/index.php\/wp-json\/wp\/v2\/product"}],"about":[{"href":"https:\/\/silikotek.sapartners.site\/index.php\/wp-json\/wp\/v2\/types\/product"}],"wp:featuredmedia":[{"embeddable":true,"href":"https:\/\/silikotek.sapartners.site\/index.php\/wp-json\/wp\/v2\/media\/20484"}],"wp:attachment":[{"href":"https:\/\/silikotek.sapartners.site\/index.php\/wp-json\/wp\/v2\/media?parent=7558"}],"wp:term":[{"taxonomy":"pwb-brand","embeddable":true,"href":"https:\/\/silikotek.sapartners.site\/index.php\/wp-json\/wp\/v2\/pwb-brand?post=7558"},{"taxonomy":"product_brand","embeddable":true,"href":"https:\/\/silikotek.sapartners.site\/index.php\/wp-json\/wp\/v2\/product_brand?post=7558"},{"taxonomy":"product_cat","embeddable":true,"href":"https:\/\/silikotek.sapartners.site\/index.php\/wp-json\/wp\/v2\/product_cat?post=7558"},{"taxonomy":"product_tag","embeddable":true,"href":"https:\/\/silikotek.sapartners.site\/index.php\/wp-json\/wp\/v2\/product_tag?post=7558"}],"curies":[{"name":"wp","href":"https:\/\/api.w.org\/{rel}","templated":true}]}}