{"id":7544,"date":"2014-03-31T10:48:09","date_gmt":"2014-03-31T10:48:09","guid":{"rendered":"http:\/\/192.168.100.222\/target_carts\/wordpress\/wordpress495\/wordpress\/?product=poravasara-hd18-hx-402c"},"modified":"2020-04-27T08:22:12","modified_gmt":"2020-04-27T05:22:12","slug":"poravasara-hd18-hx-402c","status":"publish","type":"product","link":"https:\/\/silikotek.sapartners.site\/index.php\/tuote\/poravasara-hd18-hx-402c\/","title":{"rendered":"Milwaukee HD18 HX-402C Poravasara"},"content":{"rendered":"<p>[et_pb_section fb_built=&#8221;1&#8243; _builder_version=&#8221;3.22&#8243; custom_padding=&#8221;0px||||false|false&#8221;][et_pb_row _builder_version=&#8221;3.25&#8243; background_size=&#8221;initial&#8221; background_position=&#8221;top_left&#8221; background_repeat=&#8221;repeat&#8221; width=&#8221;100%&#8221; custom_padding=&#8221;0px||0px||false|false&#8221;][et_pb_column type=&#8221;4_4&#8243; _builder_version=&#8221;3.25&#8243; custom_padding=&#8221;|||&#8221; custom_padding__hover=&#8221;|||&#8221;][et_pb_wc_breadcrumb _builder_version=&#8221;3.0.47&#8243;][\/et_pb_wc_breadcrumb][et_pb_wc_cart_notice _builder_version=&#8221;3.0.47&#8243;][\/et_pb_wc_cart_notice][\/et_pb_column][\/et_pb_row][et_pb_row _builder_version=&#8221;3.25&#8243; background_size=&#8221;initial&#8221; background_position=&#8221;top_left&#8221; background_repeat=&#8221;repeat&#8221; width=&#8221;100%&#8221; custom_padding=&#8221;0px||||false|false&#8221; column_structure=&#8221;1_2,1_2&#8243;][et_pb_column type=&#8221;1_2&#8243; _builder_version=&#8221;3.25&#8243; custom_padding=&#8221;|||&#8221; custom_padding__hover=&#8221;|||&#8221;][et_pb_wc_images _builder_version=&#8221;3.0.47&#8243;][\/et_pb_wc_images][\/et_pb_column][et_pb_column type=&#8221;1_2&#8243; _builder_version=&#8221;3.25&#8243; custom_padding=&#8221;|||&#8221; custom_padding__hover=&#8221;|||&#8221;][et_pb_wc_title _builder_version=&#8221;3.0.47&#8243;][\/et_pb_wc_title][et_pb_wc_rating _builder_version=&#8221;3.0.47&#8243;][\/et_pb_wc_rating][et_pb_wc_price _builder_version=&#8221;3.0.47&#8243;][\/et_pb_wc_price][et_pb_wc_description _builder_version=&#8221;3.0.47&#8243;][\/et_pb_wc_description][et_pb_wc_add_to_cart _builder_version=&#8221;3.0.47&#8243;][\/et_pb_wc_add_to_cart][et_pb_wc_meta _builder_version=&#8221;3.0.47&#8243;][\/et_pb_wc_meta][\/et_pb_column][\/et_pb_row][et_pb_row _builder_version=&#8221;3.25&#8243; background_size=&#8221;initial&#8221; background_position=&#8221;top_left&#8221; background_repeat=&#8221;repeat&#8221; width=&#8221;100%&#8221;][et_pb_column type=&#8221;4_4&#8243; _builder_version=&#8221;3.25&#8243; custom_padding=&#8221;|||&#8221; custom_padding__hover=&#8221;|||&#8221;][et_pb_wc_tabs _builder_version=&#8221;3.0.47&#8243;]\t\t\t\t\t[\/et_pb_wc_tabs][et_pb_wc_upsells _builder_version=&#8221;3.0.47&#8243;][\/et_pb_wc_upsells][et_pb_wc_related_products _builder_version=&#8221;3.0.47&#8243;][\/et_pb_wc_related_products][\/et_pb_column][\/et_pb_row][\/et_pb_section][et_pb_section fb_built=&#8221;1&#8243; _builder_version=&#8221;3.22&#8243;][et_pb_row _builder_version=&#8221;3.25&#8243; background_size=&#8221;initial&#8221; background_position=&#8221;top_left&#8221; background_repeat=&#8221;repeat&#8221;][et_pb_column type=&#8221;4_4&#8243; _builder_version=&#8221;3.25&#8243; custom_padding=&#8221;|||&#8221; custom_padding__hover=&#8221;|||&#8221;][et_pb_text _builder_version=&#8221;3.27.4&#8243; background_size=&#8221;initial&#8221; background_position=&#8221;top_left&#8221; background_repeat=&#8221;repeat&#8221;]<\/p>\n<table class=\"table product__detail-table js-responsive-table\">\n<tbody>\n<tr>\n<th class=\"product__detail-table--no-border table-area-heading\">Tekniset tiedot<\/th>\n<th class=\"product__detail-table--no-border product__detail-table--centered\">HD18 HX-402C<\/th>\n<th class=\"product__detail-table--no-border product__detail-table--centered\"><\/th>\n<\/tr>\n<tr>\n<th>Akkutyyppi<\/th>\n<td data-th=\"Akkutyyppi\">Li-ion<\/td>\n<td data-th=\"Akkutyyppi\"><\/td>\n<\/tr>\n<tr>\n<th>Iskuenergia (EPTA) (J)<\/th>\n<td data-th=\"Iskuenergia (EPTA) (J)\">2.4<\/td>\n<td data-th=\"Iskuenergia (EPTA) (J)\"><\/td>\n<\/tr>\n<tr>\n<th>Kuormittamaton nopeus (r\/min)<\/th>\n<td data-th=\"Kuormittamaton nopeus (r\/min)\">1400<\/td>\n<td data-th=\"Kuormittamaton nopeus (r\/min)\"><\/td>\n<\/tr>\n<tr>\n<th>Maks. iskuluku (iskua\/min)<\/th>\n<td data-th=\"Maks. iskuluku (iskua\/min)\">4200<\/td>\n<td data-th=\"Maks. iskuluku (iskua\/min)\"><\/td>\n<\/tr>\n<tr>\n<th>Maks. poraus betoniin (mm)<\/th>\n<td data-th=\"Maks. poraus betoniin (mm)\">24<\/td>\n<td data-th=\"Maks. poraus betoniin (mm)\"><\/td>\n<\/tr>\n<tr>\n<th>Maks. poraus puuhun (mm)<\/th>\n<td data-th=\"Maks. poraus puuhun (mm)\">30<\/td>\n<td data-th=\"Maks. poraus puuhun (mm)\"><\/td>\n<\/tr>\n<tr>\n<th>Maks. poraus puuhun \/ ter\u00e4kseen \/ betoniin (mm)<\/th>\n<td data-th=\"Maks. poraus puuhun \/ ter\u00e4kseen \/ betoniin (mm)\">30\/ 13\/ 24<\/td>\n<td data-th=\"Maks. poraus puuhun \/ ter\u00e4kseen \/ betoniin (mm)\"><\/td>\n<\/tr>\n<tr>\n<th>Maks. poraus ter\u00e4kseen (mm)<\/th>\n<td data-th=\"Maks. poraus ter\u00e4kseen (mm)\">13<\/td>\n<td data-th=\"Maks. poraus ter\u00e4kseen (mm)\"><\/td>\n<\/tr>\n<tr>\n<th>Mukana laturi<\/th>\n<td data-th=\"Mukana laturi\">80 min<\/td>\n<td data-th=\"Mukana laturi\"><\/td>\n<\/tr>\n<tr>\n<th>Mukana tulevien akkujen m\u00e4\u00e4r\u00e4<\/th>\n<td data-th=\"Mukana tulevien akkujen m\u00e4\u00e4r\u00e4\">2<\/td>\n<td data-th=\"Mukana tulevien akkujen m\u00e4\u00e4r\u00e4\"><\/td>\n<\/tr>\n<tr>\n<th>Optimoitu porauskapasiteetti betoniin [mm]<\/th>\n<td data-th=\"Optimoitu porauskapasiteetti betoniin [mm]\">\u00f8 6 &#8211; 18<\/td>\n<td data-th=\"Optimoitu porauskapasiteetti betoniin [mm]\"><\/td>\n<\/tr>\n<tr>\n<th>Paino (kg)<\/th>\n<td data-th=\"Paino (kg)\">\u2212<\/td>\n<td data-th=\"Paino (kg)\"><\/td>\n<\/tr>\n<tr>\n<th>Paino akun kanssa (kg)<\/th>\n<td data-th=\"Paino akun kanssa (kg)\">3.7<\/td>\n<td data-th=\"Paino akun kanssa (kg)\"><\/td>\n<\/tr>\n<tr>\n<th>Poraust\u00e4r\u00e4htely (m\/s\u00b2)<\/th>\n<td data-th=\"Poraust\u00e4r\u00e4htely (m\/s\u00b2)\">12.2<\/td>\n<td data-th=\"Poraust\u00e4r\u00e4htely (m\/s\u00b2)\"><\/td>\n<\/tr>\n<tr>\n<th>T\u00e4rin\u00e4taso talttaaminen (m\/s\u00b2)<\/th>\n<td data-th=\"T\u00e4rin\u00e4taso talttaaminen (m\/s\u00b2)\">7.4<\/td>\n<td data-th=\"T\u00e4rin\u00e4taso talttaaminen (m\/s\u00b2)\"><\/td>\n<\/tr>\n<tr>\n<th>T\u00e4rin\u00e4taso talttaaminen: ep\u00e4varmuus (m\/s\u00b2)<\/th>\n<td data-th=\"T\u00e4rin\u00e4taso talttaaminen: ep\u00e4varmuus (m\/s\u00b2)\">1.5<\/td>\n<td data-th=\"T\u00e4rin\u00e4taso talttaaminen: ep\u00e4varmuus (m\/s\u00b2)\"><\/td>\n<\/tr>\n<tr>\n<th>Tuotenumero<\/th>\n<td data-th=\"Tuotenumero\">4933441280<\/td>\n<td data-th=\"Tuotenumero\"><\/td>\n<\/tr>\n<tr>\n<th>Vakiovarustus<\/th>\n<td data-th=\"Vakiovarustus\">Sivukahva metallisella syvyysrajoittimella, FIXTEC-istukan adapteri<\/td>\n<td data-th=\"Vakiovarustus\"><\/td>\n<\/tr>\n<tr>\n<th>Voltit (V)<\/th>\n<td data-th=\"Voltit (V)\">18<\/td>\n<td data-th=\"Voltit (V)\"><\/td>\n<\/tr>\n<tr class=\"table__accordion-btn\">\n<th colspan=\"3\"><\/th>\n<\/tr>\n<\/tbody>\n<\/table>\n<table class=\"table product__detail-table js-responsive-table\">\n<tbody>\n<tr class=\"table__hidden-area js-hidden-table-area is-active\">\n<th>\u00c4\u00e4nen tehotaso (dB(A))<\/th>\n<td data-th=\"\u00c4\u00e4nen tehotaso (dB(A))\">99<\/td>\n<td data-th=\"\u00c4\u00e4nen tehotaso (dB(A))\"><\/td>\n<\/tr>\n<tr class=\"table__hidden-area js-hidden-table-area is-active\">\n<th>\u00c4\u00e4nentehotaso ep\u00e4varmuus (dB(A))<\/th>\n<td data-th=\"\u00c4\u00e4nentehotaso ep\u00e4varmuus (dB(A))\">3<\/td>\n<td data-th=\"\u00c4\u00e4nentehotaso ep\u00e4varmuus (dB(A))\"><\/td>\n<\/tr>\n<tr class=\"table__hidden-area js-hidden-table-area is-active\">\n<th>Akustinen paine (dB(A))<\/th>\n<td data-th=\"Akustinen paine (dB(A))\">88<\/td>\n<td data-th=\"Akustinen paine (dB(A))\"><\/td>\n<\/tr>\n<tr class=\"table__hidden-area js-hidden-table-area is-active\">\n<th>Akustinen paine ep\u00e4varmuus (dB(A))<\/th>\n<td data-th=\"Akustinen paine ep\u00e4varmuus (dB(A))\">3<\/td>\n<td data-th=\"Akustinen paine ep\u00e4varmuus (dB(A))\"><\/td>\n<\/tr>\n<tr class=\"table__hidden-area js-hidden-table-area is-active\">\n<th>T\u00e4rin\u00e4taso betoniin porattaessa (m\/s\u00b2)<\/th>\n<td data-th=\"T\u00e4rin\u00e4taso betoniin porattaessa (m\/s\u00b2)\">12.2<\/td>\n<td data-th=\"T\u00e4rin\u00e4taso betoniin porattaessa (m\/s\u00b2)\"><\/td>\n<\/tr>\n<tr class=\"table__hidden-area js-hidden-table-area is-active\">\n<th>T\u00e4rin\u00e4tasossa betoniin porattaessa: ep\u00e4varmuus (m\/s\u00b2)<\/th>\n<td data-th=\"T\u00e4rin\u00e4tasossa betoniin porattaessa: ep\u00e4varmuus (m\/s\u00b2)\">1.5<\/td>\n<td data-th=\"T\u00e4rin\u00e4tasossa betoniin porattaessa: ep\u00e4varmuus (m\/s\u00b2)\"><\/td>\n<\/tr>\n<\/tbody>\n<\/table>\n<p>[\/et_pb_text][et_pb_video src=&#8221;https:\/\/youtu.be\/U7EQXsjNeJ4&#8243; _builder_version=&#8221;3.25.4&#8243; z_index_tablet=&#8221;500&#8243; box_shadow_horizontal_tablet=&#8221;0px&#8221; box_shadow_vertical_tablet=&#8221;0px&#8221; box_shadow_blur_tablet=&#8221;40px&#8221; box_shadow_spread_tablet=&#8221;0px&#8221;][\/et_pb_video][\/et_pb_column][\/et_pb_row][\/et_pb_section]<\/p>\n","protected":false},"excerpt":{"rendered":"<div class=\"product__description-content js-product-content\">\n<p>Tehokas moottori mahdollistaa s\u00e4hk\u00f6k\u00e4ytt\u00f6isen ty\u00f6kalun suorituskyvyn. REDLINK&#x2122;-ylikuormitussuojan elektroniikka ty\u00f6kaluissa ja akussa tuottaa luokkansa parhaan kest\u00e4vyyden. Tehokas vasarointitoiminto tuottaa jopa 2,4 J iskuvoiman. Kokometallinen vaihteisto lis\u00e4\u00e4 kest\u00e4vyytt\u00e4.<br \/>\n4-toimintoinen: poraus iskulla, poraus ilman iskua, talttaustoiminto ja variolock-toiminto lis\u00e4\u00e4v\u00e4t monipuolisuutta. Vasaratoiminnon lukitus puun ja metallin poraukseen. FIXTEC-j\u00e4rjestelm\u00e4 mahdollistaa nopeat ja avaimettomat ter\u00e4nvaihdot. Mekaaninen kytkin suojaa ty\u00f6kalua jumiutumiselta. T\u00e4rin\u00e4nestoj\u00e4rjestelm\u00e4 lis\u00e4\u00e4 k\u00e4ytt\u00f6mukavuutta.<\/p>\n<p>Yksitt\u00e4isten akun kennojen valvonta optimoi ty\u00f6kalun k\u00e4ytt\u00f6ajan ja varmistaa akun kest\u00e4vyyden. Virtamittari ilmaisee j\u00e4ljell\u00e4 olevan varauksen. REDLITHIUM-ION&#x2122;-akun ylivoimainen rakenne, elektroniikka ja jatkuva suorituskyky takaavat pidemm\u00e4n k\u00e4ytt\u00f6ajan ja -i\u00e4n. Toimii kaikilla Milwaukee\u00ae M18&#x2122; -akuilla.<\/p>\n<\/div>\n","protected":false},"featured_media":20763,"template":"","meta":{"_et_pb_use_builder":"on","_et_pb_old_content":"<table class=\"table product__detail-table js-responsive-table\">\r\n<tbody>\r\n<tr>\r\n<th class=\"product__detail-table--no-border table-area-heading\">Tekniset tiedot<\/th>\r\n<th class=\"product__detail-table--no-border product__detail-table--centered\">HD18 HX-402C<\/th>\r\n<th class=\"product__detail-table--no-border product__detail-table--centered\"><\/th>\r\n<\/tr>\r\n<tr>\r\n<th>Akkutyyppi<\/th>\r\n<td data-th=\"Akkutyyppi\">Li-ion<\/td>\r\n<td data-th=\"Akkutyyppi\"><\/td>\r\n<\/tr>\r\n<tr>\r\n<th>Iskuenergia (EPTA) (J)<\/th>\r\n<td data-th=\"Iskuenergia (EPTA) (J)\">2.4<\/td>\r\n<td data-th=\"Iskuenergia (EPTA) (J)\"><\/td>\r\n<\/tr>\r\n<tr>\r\n<th>Kuormittamaton nopeus (r\/min)<\/th>\r\n<td data-th=\"Kuormittamaton nopeus (r\/min)\">1400<\/td>\r\n<td data-th=\"Kuormittamaton nopeus (r\/min)\"><\/td>\r\n<\/tr>\r\n<tr>\r\n<th>Maks. iskuluku (iskua\/min)<\/th>\r\n<td data-th=\"Maks. iskuluku (iskua\/min)\">4200<\/td>\r\n<td data-th=\"Maks. iskuluku (iskua\/min)\"><\/td>\r\n<\/tr>\r\n<tr>\r\n<th>Maks. poraus betoniin (mm)<\/th>\r\n<td data-th=\"Maks. poraus betoniin (mm)\">24<\/td>\r\n<td data-th=\"Maks. poraus betoniin (mm)\"><\/td>\r\n<\/tr>\r\n<tr>\r\n<th>Maks. poraus puuhun (mm)<\/th>\r\n<td data-th=\"Maks. poraus puuhun (mm)\">30<\/td>\r\n<td data-th=\"Maks. poraus puuhun (mm)\"><\/td>\r\n<\/tr>\r\n<tr>\r\n<th>Maks. poraus puuhun \/ ter\u00e4kseen \/ betoniin (mm)<\/th>\r\n<td data-th=\"Maks. poraus puuhun \/ ter\u00e4kseen \/ betoniin (mm)\">30\/ 13\/ 24<\/td>\r\n<td data-th=\"Maks. poraus puuhun \/ ter\u00e4kseen \/ betoniin (mm)\"><\/td>\r\n<\/tr>\r\n<tr>\r\n<th>Maks. poraus ter\u00e4kseen (mm)<\/th>\r\n<td data-th=\"Maks. poraus ter\u00e4kseen (mm)\">13<\/td>\r\n<td data-th=\"Maks. poraus ter\u00e4kseen (mm)\"><\/td>\r\n<\/tr>\r\n<tr>\r\n<th>Mukana laturi<\/th>\r\n<td data-th=\"Mukana laturi\">80 min<\/td>\r\n<td data-th=\"Mukana laturi\"><\/td>\r\n<\/tr>\r\n<tr>\r\n<th>Mukana tulevien akkujen m\u00e4\u00e4r\u00e4<\/th>\r\n<td data-th=\"Mukana tulevien akkujen m\u00e4\u00e4r\u00e4\">2<\/td>\r\n<td data-th=\"Mukana tulevien akkujen m\u00e4\u00e4r\u00e4\"><\/td>\r\n<\/tr>\r\n<tr>\r\n<th>Optimoitu porauskapasiteetti betoniin [mm]<\/th>\r\n<td data-th=\"Optimoitu porauskapasiteetti betoniin [mm]\">\u00f8 6 - 18<\/td>\r\n<td data-th=\"Optimoitu porauskapasiteetti betoniin [mm]\"><\/td>\r\n<\/tr>\r\n<tr>\r\n<th>Paino (kg)<\/th>\r\n<td data-th=\"Paino (kg)\">\u2212<\/td>\r\n<td data-th=\"Paino (kg)\"><\/td>\r\n<\/tr>\r\n<tr>\r\n<th>Paino akun kanssa (kg)<\/th>\r\n<td data-th=\"Paino akun kanssa (kg)\">3.7<\/td>\r\n<td data-th=\"Paino akun kanssa (kg)\"><\/td>\r\n<\/tr>\r\n<tr>\r\n<th>Poraust\u00e4r\u00e4htely (m\/s\u00b2)<\/th>\r\n<td data-th=\"Poraust\u00e4r\u00e4htely (m\/s\u00b2)\">12.2<\/td>\r\n<td data-th=\"Poraust\u00e4r\u00e4htely (m\/s\u00b2)\"><\/td>\r\n<\/tr>\r\n<tr>\r\n<th>T\u00e4rin\u00e4taso talttaaminen (m\/s\u00b2)<\/th>\r\n<td data-th=\"T\u00e4rin\u00e4taso talttaaminen (m\/s\u00b2)\">7.4<\/td>\r\n<td data-th=\"T\u00e4rin\u00e4taso talttaaminen (m\/s\u00b2)\"><\/td>\r\n<\/tr>\r\n<tr>\r\n<th>T\u00e4rin\u00e4taso talttaaminen: ep\u00e4varmuus (m\/s\u00b2)<\/th>\r\n<td data-th=\"T\u00e4rin\u00e4taso talttaaminen: ep\u00e4varmuus (m\/s\u00b2)\">1.5<\/td>\r\n<td data-th=\"T\u00e4rin\u00e4taso talttaaminen: ep\u00e4varmuus (m\/s\u00b2)\"><\/td>\r\n<\/tr>\r\n<tr>\r\n<th>Tuotenumero<\/th>\r\n<td data-th=\"Tuotenumero\">4933441280<\/td>\r\n<td data-th=\"Tuotenumero\"><\/td>\r\n<\/tr>\r\n<tr>\r\n<th>Vakiovarustus<\/th>\r\n<td data-th=\"Vakiovarustus\">Sivukahva metallisella syvyysrajoittimella, FIXTEC-istukan adapteri<\/td>\r\n<td data-th=\"Vakiovarustus\"><\/td>\r\n<\/tr>\r\n<tr>\r\n<th>Voltit (V)<\/th>\r\n<td data-th=\"Voltit (V)\">18<\/td>\r\n<td data-th=\"Voltit (V)\"><\/td>\r\n<\/tr>\r\n<tr class=\"table__accordion-btn\">\r\n<th colspan=\"3\"><\/th>\r\n<\/tr>\r\n<\/tbody>\r\n<\/table>\r\n<table class=\"table product__detail-table js-responsive-table\">\r\n<tbody>\r\n<tr class=\"table__hidden-area js-hidden-table-area is-active\">\r\n<th>\u00c4\u00e4nen tehotaso (dB(A))<\/th>\r\n<td data-th=\"\u00c4\u00e4nen tehotaso (dB(A))\">99<\/td>\r\n<td data-th=\"\u00c4\u00e4nen tehotaso (dB(A))\"><\/td>\r\n<\/tr>\r\n<tr class=\"table__hidden-area js-hidden-table-area is-active\">\r\n<th>\u00c4\u00e4nentehotaso ep\u00e4varmuus (dB(A))<\/th>\r\n<td data-th=\"\u00c4\u00e4nentehotaso ep\u00e4varmuus (dB(A))\">3<\/td>\r\n<td data-th=\"\u00c4\u00e4nentehotaso ep\u00e4varmuus (dB(A))\"><\/td>\r\n<\/tr>\r\n<tr class=\"table__hidden-area js-hidden-table-area is-active\">\r\n<th>Akustinen paine (dB(A))<\/th>\r\n<td data-th=\"Akustinen paine (dB(A))\">88<\/td>\r\n<td data-th=\"Akustinen paine (dB(A))\"><\/td>\r\n<\/tr>\r\n<tr class=\"table__hidden-area js-hidden-table-area is-active\">\r\n<th>Akustinen paine ep\u00e4varmuus (dB(A))<\/th>\r\n<td data-th=\"Akustinen paine ep\u00e4varmuus (dB(A))\">3<\/td>\r\n<td data-th=\"Akustinen paine ep\u00e4varmuus (dB(A))\"><\/td>\r\n<\/tr>\r\n<tr class=\"table__hidden-area js-hidden-table-area is-active\">\r\n<th>T\u00e4rin\u00e4taso betoniin porattaessa (m\/s\u00b2)<\/th>\r\n<td data-th=\"T\u00e4rin\u00e4taso betoniin porattaessa (m\/s\u00b2)\">12.2<\/td>\r\n<td data-th=\"T\u00e4rin\u00e4taso betoniin porattaessa (m\/s\u00b2)\"><\/td>\r\n<\/tr>\r\n<tr class=\"table__hidden-area js-hidden-table-area is-active\">\r\n<th>T\u00e4rin\u00e4tasossa betoniin porattaessa: ep\u00e4varmuus (m\/s\u00b2)<\/th>\r\n<td data-th=\"T\u00e4rin\u00e4tasossa betoniin porattaessa: ep\u00e4varmuus (m\/s\u00b2)\">1.5<\/td>\r\n<td data-th=\"T\u00e4rin\u00e4tasossa betoniin porattaessa: ep\u00e4varmuus (m\/s\u00b2)\"><\/td>\r\n<\/tr>\r\n<\/tbody>\r\n<\/table>","_et_gb_content_width":""},"pwb-brand":[1452],"product_brand":[],"product_cat":[740],"product_tag":[],"class_list":{"0":"post-7544","1":"product","2":"type-product","3":"status-publish","4":"has-post-thumbnail","6":"pwb-brand-milwaukee","7":"product_cat-akkuporavasarat","9":"first","10":"instock","11":"taxable","12":"shipping-taxable","13":"purchasable","14":"product-type-simple"},"brands":[{"id":1452,"name":"Milwaukee","slug":"milwaukee"}],"_links":{"self":[{"href":"https:\/\/silikotek.sapartners.site\/index.php\/wp-json\/wp\/v2\/product\/7544","targetHints":{"allow":["GET"]}}],"collection":[{"href":"https:\/\/silikotek.sapartners.site\/index.php\/wp-json\/wp\/v2\/product"}],"about":[{"href":"https:\/\/silikotek.sapartners.site\/index.php\/wp-json\/wp\/v2\/types\/product"}],"wp:featuredmedia":[{"embeddable":true,"href":"https:\/\/silikotek.sapartners.site\/index.php\/wp-json\/wp\/v2\/media\/20763"}],"wp:attachment":[{"href":"https:\/\/silikotek.sapartners.site\/index.php\/wp-json\/wp\/v2\/media?parent=7544"}],"wp:term":[{"taxonomy":"pwb-brand","embeddable":true,"href":"https:\/\/silikotek.sapartners.site\/index.php\/wp-json\/wp\/v2\/pwb-brand?post=7544"},{"taxonomy":"product_brand","embeddable":true,"href":"https:\/\/silikotek.sapartners.site\/index.php\/wp-json\/wp\/v2\/product_brand?post=7544"},{"taxonomy":"product_cat","embeddable":true,"href":"https:\/\/silikotek.sapartners.site\/index.php\/wp-json\/wp\/v2\/product_cat?post=7544"},{"taxonomy":"product_tag","embeddable":true,"href":"https:\/\/silikotek.sapartners.site\/index.php\/wp-json\/wp\/v2\/product_tag?post=7544"}],"curies":[{"name":"wp","href":"https:\/\/api.w.org\/{rel}","templated":true}]}}