{"id":7519,"date":"2014-03-31T10:48:09","date_gmt":"2014-03-31T10:48:09","guid":{"rendered":"http:\/\/192.168.100.222\/target_carts\/wordpress\/wordpress495\/wordpress\/?product=muoviputkileikkuri-c12-ppc-0-milwaukee"},"modified":"2020-04-27T08:18:54","modified_gmt":"2020-04-27T05:18:54","slug":"muoviputkileikkuri-c12-ppc-0-milwaukee","status":"publish","type":"product","link":"https:\/\/silikotek.sapartners.site\/index.php\/tuote\/muoviputkileikkuri-c12-ppc-0-milwaukee\/","title":{"rendered":"Milwaukee C12 PPC-0 Muoviputkileikkuri"},"content":{"rendered":"<table class=\"table product__detail-table js-responsive-table\">\n<tbody>\n<tr>\n<th class=\"product__detail-table--no-border table-area-heading\">Tekniset tiedot<\/th>\n<th class=\"product__detail-table--no-border product__detail-table--centered\">C12 PPC-0<\/th>\n<\/tr>\n<tr>\n<th>Akkutyyppi<\/th>\n<td data-th=\"Akkutyyppi\">Li-ion<\/td>\n<\/tr>\n<tr>\n<th>Akun kapasiteetti (Ah)<\/th>\n<td data-th=\"Akun kapasiteetti (Ah)\">\u2212<\/td>\n<\/tr>\n<tr>\n<th>Kuormittamaton nopeus (r\/min)<\/th>\n<td data-th=\"Kuormittamaton nopeus (r\/min)\">0 &#8211; 500<\/td>\n<\/tr>\n<tr>\n<th>Maks. oksan paksuus (mm)<\/th>\n<td data-th=\"Maks. oksan paksuus (mm)\">50<\/td>\n<\/tr>\n<tr>\n<th>Mukana laturi<\/th>\n<td data-th=\"Mukana laturi\">\u2212<\/td>\n<\/tr>\n<tr>\n<th>Mukana tulevien akkujen m\u00e4\u00e4r\u00e4<\/th>\n<td data-th=\"Mukana tulevien akkujen m\u00e4\u00e4r\u00e4\">0<\/td>\n<\/tr>\n<tr>\n<th>Paino (kg)<\/th>\n<td data-th=\"Paino (kg)\">1.72<\/td>\n<\/tr>\n<tr>\n<th>Paino akun kanssa (kg)<\/th>\n<td data-th=\"Paino akun kanssa (kg)\">1.9<\/td>\n<\/tr>\n<tr>\n<th>Toimitetaan<\/th>\n<td data-th=\"Toimitetaan\">\u2212<\/td>\n<\/tr>\n<tr>\n<th>Tuotenumero<\/th>\n<td data-th=\"Tuotenumero\">4933416550<\/td>\n<\/tr>\n<tr>\n<th>Vakiovarustus<\/th>\n<td data-th=\"Vakiovarustus\">runko versio<\/td>\n<\/tr>\n<tr>\n<th>Voltit (V)<\/th>\n<td data-th=\"Voltit (V)\">12<\/td>\n<\/tr>\n<tr class=\"table__accordion-btn\">\n<th colspan=\"2\"><\/th>\n<\/tr>\n<\/tbody>\n<\/table>\n<table class=\"table product__detail-table js-responsive-table\">\n<tbody>\n<tr class=\"table__hidden-area js-hidden-table-area is-active\">\n<th>Akustinen paine (dB(A))<\/th>\n<td data-th=\"Akustinen paine (dB(A))\">&lt;70<\/td>\n<\/tr>\n<tr class=\"table__hidden-area js-hidden-table-area is-active\">\n<th>Akustinen paine ep\u00e4varmuus (dB(A))<\/th>\n<td data-th=\"Akustinen paine ep\u00e4varmuus (dB(A))\">3<\/td>\n<\/tr>\n<tr class=\"table__hidden-area js-hidden-table-area is-active\">\n<th>T\u00e4rin\u00e4taso (m\/s\u00b2)<\/th>\n<td data-th=\"T\u00e4rin\u00e4taso (m\/s\u00b2)\">&lt;2.5<\/td>\n<\/tr>\n<tr class=\"table__hidden-area js-hidden-table-area is-active\">\n<th>T\u00e4rin\u00e4tason ep\u00e4varmuus (m\/s\u00b2)<\/th>\n<td data-th=\"T\u00e4rin\u00e4tason ep\u00e4varmuus (m\/s\u00b2)\">1.5<\/td>\n<\/tr>\n<\/tbody>\n<\/table>\n<p>&nbsp;<\/p>\n","protected":false},"excerpt":{"rendered":"<div class=\"product__description-content js-product-content\">\n<ul>\n<li>Massiivinen katkaisupaine 175 kg\/cm\u00b2<\/li>\n<li>REDLINK&#x2122; ylikuormitussuojaelektroniikka tarjoaa sek\u00e4 ty\u00f6kalulle ett\u00e4 akulle luokkansa parasta kest\u00e4vyytt\u00e4<\/li>\n<li>Tehokas mekanismi leikkaa jopa 50 mm PVC-putkea kolmessa sekunnissa<\/li>\n<li>Heavy Duty t\u00e4ysmetallivaihteisto<\/li>\n<li>Portaaton kierrosluvun s\u00e4\u00e4t\u00f6 antaa kontrollia katkaisuun<\/li>\n<li>Eritt\u00e4in ter\u00e4v\u00e4 leikkuuter\u00e4 j\u00e4tt\u00e4\u00e4 siistin j\u00e4ljen<\/li>\n<li>Eritt\u00e4in tehokas mekanismi, yli 200 katkaisua yhdell\u00e4 latauksella<\/li>\n<li>Yksil\u00f6llinen akkukennojen valvonta optimoi ty\u00f6kalun k\u00e4ytt\u00f6ajan ja takaa sen pitk\u00e4aikaisen kest\u00e4vyyden<\/li>\n<li>Akussa virtamittari ja LED-ty\u00f6valo<\/li>\n<li>Joustava akkuj\u00e4rjestelm\u00e4 &#8211; yhteensopiva kaikkien Milwaukee\u00ae M12&#x2122; akkujen kanssa<\/li>\n<\/ul>\n<\/div>\n","protected":false},"featured_media":19946,"template":"","meta":{"_et_pb_use_builder":"off","_et_pb_old_content":"<table class=\"table product__detail-table js-responsive-table\">\r\n<tbody>\r\n<tr>\r\n<th class=\"product__detail-table--no-border table-area-heading\">Tekniset tiedot<\/th>\r\n<th class=\"product__detail-table--no-border product__detail-table--centered\">C12 PPC-0<\/th>\r\n<\/tr>\r\n<tr>\r\n<th>Akkutyyppi<\/th>\r\n<td data-th=\"Akkutyyppi\">Li-ion<\/td>\r\n<\/tr>\r\n<tr>\r\n<th>Akun kapasiteetti (Ah)<\/th>\r\n<td data-th=\"Akun kapasiteetti (Ah)\">\u2212<\/td>\r\n<\/tr>\r\n<tr>\r\n<th>Kuormittamaton nopeus (r\/min)<\/th>\r\n<td data-th=\"Kuormittamaton nopeus (r\/min)\">0 - 500<\/td>\r\n<\/tr>\r\n<tr>\r\n<th>Maks. oksan paksuus (mm)<\/th>\r\n<td data-th=\"Maks. oksan paksuus (mm)\">50<\/td>\r\n<\/tr>\r\n<tr>\r\n<th>Mukana laturi<\/th>\r\n<td data-th=\"Mukana laturi\">\u2212<\/td>\r\n<\/tr>\r\n<tr>\r\n<th>Mukana tulevien akkujen m\u00e4\u00e4r\u00e4<\/th>\r\n<td data-th=\"Mukana tulevien akkujen m\u00e4\u00e4r\u00e4\">0<\/td>\r\n<\/tr>\r\n<tr>\r\n<th>Paino (kg)<\/th>\r\n<td data-th=\"Paino (kg)\">1.72<\/td>\r\n<\/tr>\r\n<tr>\r\n<th>Paino akun kanssa (kg)<\/th>\r\n<td data-th=\"Paino akun kanssa (kg)\">1.9<\/td>\r\n<\/tr>\r\n<tr>\r\n<th>Toimitetaan<\/th>\r\n<td data-th=\"Toimitetaan\">\u2212<\/td>\r\n<\/tr>\r\n<tr>\r\n<th>Tuotenumero<\/th>\r\n<td data-th=\"Tuotenumero\">4933416550<\/td>\r\n<\/tr>\r\n<tr>\r\n<th>Vakiovarustus<\/th>\r\n<td data-th=\"Vakiovarustus\">runko versio<\/td>\r\n<\/tr>\r\n<tr>\r\n<th>Voltit (V)<\/th>\r\n<td data-th=\"Voltit (V)\">12<\/td>\r\n<\/tr>\r\n<tr class=\"table__accordion-btn\">\r\n<th colspan=\"2\"><\/th>\r\n<\/tr>\r\n<\/tbody>\r\n<\/table>\r\n<table class=\"table product__detail-table js-responsive-table\">\r\n<tbody>\r\n<tr class=\"table__hidden-area js-hidden-table-area is-active\">\r\n<th>Akustinen paine (dB(A))<\/th>\r\n<td data-th=\"Akustinen paine (dB(A))\"><70<\/td>\r\n<\/tr>\r\n<tr class=\"table__hidden-area js-hidden-table-area is-active\">\r\n<th>Akustinen paine ep\u00e4varmuus (dB(A))<\/th>\r\n<td data-th=\"Akustinen paine ep\u00e4varmuus (dB(A))\">3<\/td>\r\n<\/tr>\r\n<tr class=\"table__hidden-area js-hidden-table-area is-active\">\r\n<th>T\u00e4rin\u00e4taso (m\/s\u00b2)<\/th>\r\n<td data-th=\"T\u00e4rin\u00e4taso (m\/s\u00b2)\"><2.5<\/td>\r\n<\/tr>\r\n<tr class=\"table__hidden-area js-hidden-table-area is-active\">\r\n<th>T\u00e4rin\u00e4tason ep\u00e4varmuus (m\/s\u00b2)<\/th>\r\n<td data-th=\"T\u00e4rin\u00e4tason ep\u00e4varmuus (m\/s\u00b2)\">1.5<\/td>\r\n<\/tr>\r\n<\/tbody>\r\n<\/table>","_et_gb_content_width":""},"pwb-brand":[1452],"product_brand":[],"product_cat":[741],"product_tag":[],"class_list":{"0":"post-7519","1":"product","2":"type-product","3":"status-publish","4":"has-post-thumbnail","6":"pwb-brand-milwaukee","7":"product_cat-akkuleikkurit","9":"first","10":"instock","11":"taxable","12":"shipping-taxable","13":"purchasable","14":"product-type-simple"},"brands":[{"id":1452,"name":"Milwaukee","slug":"milwaukee"}],"_links":{"self":[{"href":"https:\/\/silikotek.sapartners.site\/index.php\/wp-json\/wp\/v2\/product\/7519","targetHints":{"allow":["GET"]}}],"collection":[{"href":"https:\/\/silikotek.sapartners.site\/index.php\/wp-json\/wp\/v2\/product"}],"about":[{"href":"https:\/\/silikotek.sapartners.site\/index.php\/wp-json\/wp\/v2\/types\/product"}],"wp:featuredmedia":[{"embeddable":true,"href":"https:\/\/silikotek.sapartners.site\/index.php\/wp-json\/wp\/v2\/media\/19946"}],"wp:attachment":[{"href":"https:\/\/silikotek.sapartners.site\/index.php\/wp-json\/wp\/v2\/media?parent=7519"}],"wp:term":[{"taxonomy":"pwb-brand","embeddable":true,"href":"https:\/\/silikotek.sapartners.site\/index.php\/wp-json\/wp\/v2\/pwb-brand?post=7519"},{"taxonomy":"product_brand","embeddable":true,"href":"https:\/\/silikotek.sapartners.site\/index.php\/wp-json\/wp\/v2\/product_brand?post=7519"},{"taxonomy":"product_cat","embeddable":true,"href":"https:\/\/silikotek.sapartners.site\/index.php\/wp-json\/wp\/v2\/product_cat?post=7519"},{"taxonomy":"product_tag","embeddable":true,"href":"https:\/\/silikotek.sapartners.site\/index.php\/wp-json\/wp\/v2\/product_tag?post=7519"}],"curies":[{"name":"wp","href":"https:\/\/api.w.org\/{rel}","templated":true}]}}