{"id":7517,"date":"2014-03-31T10:48:09","date_gmt":"2014-03-31T10:48:09","guid":{"rendered":"http:\/\/192.168.100.222\/target_carts\/wordpress\/wordpress495\/wordpress\/?product=poravasara-m12-ch-402c"},"modified":"2020-04-27T08:16:42","modified_gmt":"2020-04-27T05:16:42","slug":"poravasara-m12-ch-402c","status":"publish","type":"product","link":"https:\/\/silikotek.sapartners.site\/index.php\/tuote\/poravasara-m12-ch-402c\/","title":{"rendered":"Milwaukee M12 FUEL&#x2122; Kompakti SDS-plus Poravasara CH-402C"},"content":{"rendered":"<table class=\"table product__detail-table js-responsive-table\">\n<tbody>\n<tr>\n<th class=\"product__detail-table--no-border table-area-heading\">Tekniset tiedot<\/th>\n<th class=\"product__detail-table--no-border product__detail-table--centered\">\u00a0M12 CH-402C<\/th>\n<\/tr>\n<tr>\n<th>Akkutyyppi<\/th>\n<td data-th=\"Akkutyyppi\">Li-ion<\/td>\n<\/tr>\n<tr>\n<th>Akun kapasiteetti (Ah)<\/th>\n<td data-th=\"Akun kapasiteetti (Ah)\">4.0<\/td>\n<\/tr>\n<tr>\n<th>Iskuenergia (EPTA) (J)<\/th>\n<td data-th=\"Iskuenergia (EPTA) (J)\">1.1<\/td>\n<\/tr>\n<tr>\n<th>Kuormitettu iskuluku (isk.\/min)<\/th>\n<td data-th=\"Kuormitettu iskuluku (isk.\/min)\">0 &#8211; 6575<\/td>\n<\/tr>\n<tr>\n<th>Kuormittamaton nopeus (r\/min)<\/th>\n<td data-th=\"Kuormittamaton nopeus (r\/min)\">0 &#8211; 900<\/td>\n<\/tr>\n<tr>\n<th>Maks. poraus betoniin (mm)<\/th>\n<td data-th=\"Maks. poraus betoniin (mm)\">13<\/td>\n<\/tr>\n<tr>\n<th>Maks. poraus puuhun (mm)<\/th>\n<td data-th=\"Maks. poraus puuhun (mm)\">13<\/td>\n<\/tr>\n<tr>\n<th>Maks. poraus ter\u00e4kseen (mm)<\/th>\n<td data-th=\"Maks. poraus ter\u00e4kseen (mm)\">10<\/td>\n<\/tr>\n<tr>\n<th>Maks. porauskapasiteetti puuhun\/ter\u00e4kseen\/betoniin (mm)<\/th>\n<td data-th=\"Maks. porauskapasiteetti puuhun\/ter\u00e4kseen\/betoniin (mm)\">\u2212<\/td>\n<\/tr>\n<tr>\n<th>Mukana laturi<\/th>\n<td data-th=\"Mukana laturi\">80 min<\/td>\n<\/tr>\n<tr>\n<th>Mukana tulevien akkujen m\u00e4\u00e4r\u00e4<\/th>\n<td data-th=\"Mukana tulevien akkujen m\u00e4\u00e4r\u00e4\">2<\/td>\n<\/tr>\n<tr>\n<th>Optimoitu porauskapasiteetti betoniin (mm)<\/th>\n<td data-th=\"Optimoitu porauskapasiteetti betoniin (mm)\">\u00f8 5.5 &#8211; 12<\/td>\n<\/tr>\n<tr>\n<th>Paino akun kanssa (kg)<\/th>\n<td data-th=\"Paino akun kanssa (kg)\">1.9<\/td>\n<\/tr>\n<tr>\n<th>Poraust\u00e4r\u00e4htely (m\/s\u00b2)<\/th>\n<td data-th=\"Poraust\u00e4r\u00e4htely (m\/s\u00b2)\">4.4<\/td>\n<\/tr>\n<tr>\n<th>Toimitetaan<\/th>\n<td data-th=\"Toimitetaan\">Muovilaatikko<\/td>\n<\/tr>\n<tr>\n<th>Tuotenumero<\/th>\n<td data-th=\"Tuotenumero\">4933441475<\/td>\n<\/tr>\n<tr>\n<th>Voltit (V)<\/th>\n<td data-th=\"Voltit (V)\">12<\/td>\n<\/tr>\n<tr class=\"table__accordion-btn\">\n<th colspan=\"2\"><\/th>\n<\/tr>\n<\/tbody>\n<\/table>\n<table class=\"table product__detail-table js-responsive-table\">\n<tbody>\n<tr class=\"table__hidden-area js-hidden-table-area is-active\">\n<th>\u00c4\u00e4nen tehotaso (dB(A))<\/th>\n<td data-th=\"\u00c4\u00e4nen tehotaso (dB(A))\">95.5<\/td>\n<\/tr>\n<tr class=\"table__hidden-area js-hidden-table-area is-active\">\n<th>\u00c4\u00e4nentehotaso ep\u00e4varmuus (dB(A))<\/th>\n<td data-th=\"\u00c4\u00e4nentehotaso ep\u00e4varmuus (dB(A))\">3<\/td>\n<\/tr>\n<tr class=\"table__hidden-area js-hidden-table-area is-active\">\n<th>Akustinen paine &#8211; ep\u00e4varmuus (dB(A))<\/th>\n<td data-th=\"Akustinen paine - ep\u00e4varmuus (dB(A))\">3<\/td>\n<\/tr>\n<tr class=\"table__hidden-area js-hidden-table-area is-active\">\n<th>Akustinen paine (dB(A))<\/th>\n<td data-th=\"Akustinen paine (dB(A))\">84.5<\/td>\n<\/tr>\n<tr class=\"table__hidden-area js-hidden-table-area is-active\">\n<th>T\u00e4rin\u00e4tasossa betoniin porattaessa: ep\u00e4varmuus (m\/s\u00b2)<\/th>\n<td data-th=\"T\u00e4rin\u00e4tasossa betoniin porattaessa: ep\u00e4varmuus (m\/s\u00b2)\">1.5<\/td>\n<\/tr>\n<\/tbody>\n<\/table>\n<p><iframe loading=\"lazy\" title=\"Milwaukee Powertools M12 CH M12 FUEL Compact SDS Hammer HEAVY DUTY TESTED\" width=\"1080\" height=\"608\" src=\"https:\/\/www.youtube.com\/embed\/gV_mcqAAVSw?feature=oembed\" frameborder=\"0\" allow=\"accelerometer; autoplay; encrypted-media; gyroscope; picture-in-picture\" allowfullscreen><\/iframe><\/p>\n","protected":false},"excerpt":{"rendered":"<div class=\"product__description-content js-product-content\">\n<div class=\"product__description-content js-product-content\">\n<p>Markkinoiden ensimm\u00e4inen hiiliharjaton 12V poravasara &#8211; 1,1 J (EPTA), 0 &#8211; 6575 isk.\/min. ja 0 &#8211; 900 rpm. Eritt\u00e4in matala 4,4 m\/s\u00b2 t\u00e4rin\u00e4taso mahdollistaa ty\u00f6kalun k\u00e4yt\u00f6n 8 tunnin ajan p\u00e4iv\u00e4ss\u00e4. Poraa yli 60 kpl 50 mm x 6 mm reiki\u00e4 yhdell\u00e4 akun latauksella.<br \/>\nHiiliharjaton POWERSTATE&#x2122;-moottori tarjoaa jopa 3x pidemm\u00e4n moottorin k\u00e4ytt\u00f6i\u00e4n ja jopa 2x enemm\u00e4n k\u00e4ytt\u00f6aikaa.<br \/>\nREDLINK PLUS&#x2122; -elektroniikka tarjoaa kehittyneen digitaalisen ylikuormitussuojan sek\u00e4 ty\u00f6kalulle ett\u00e4 akulle parantaen ainutlaatuisella tavalla ty\u00f6kalun suorituskyky\u00e4 kuormituksessa.<br \/>\n2-toimintoa: valitse joko poraus tai iskuporaus. Optimoitu 6 &#8211; 10 mm poraukseen (maks. 13 mm). 43 mm kaulan koko on yhteensopiva M12 DE -imurin kanssa<\/p>\n<p>REDLITHIUM&#x2122;-ION-akun ylivoimainen rakenne, elektroniikka ja jatkuva suorituskyky takaavat pidemm\u00e4n k\u00e4ytt\u00f6ajan ja -i\u00e4n. Toimii kaikilla MILWAUKEE\u00ae M12&#x2122; -akuilla<\/p>\n<\/div>\n<\/div>\n","protected":false},"featured_media":21998,"template":"","meta":{"_et_pb_use_builder":"off","_et_pb_old_content":"M12 poravasara M12 CH-402C, eritt\u00e4in k\u00e4tev\u00e4 poravasara vaikka s\u00e4hk\u00f6asentajalle ja Lvi asentajalle.\r\n\r\nTEKNISET TIEDOT:\r\nMilwaukeen suunnittelema hiiliharjaton POWERSTATE\u2122 moottori tarjoaa jopa 10x pidemm\u00e4n moottorin k\u00e4ytt\u00f6i\u00e4n ja jopa 2x enemm\u00e4n voimaa ja jopa 2x enemm\u00e4n k\u00e4ytt\u00f6aikaa\r\nLuokassaan ainutlaatuinen teho\/paino suhde 1.1 J EPTA\r\n2-toimintoa: valitse joko poraus tai iskuporaus.\r\nREDLINK PLUS\u2122 elektroniikka j\u00e4rjestelm\u00e4 on edistyksellisin digitaalinen ylikuormitussuoja sek\u00e4 ty\u00f6kalulle ett\u00e4 akulle. J\u00e4rjestelm\u00e4 joka hienos\u00e4\u00e4t\u00e4\u00e4 ty\u00f6kalun suorituskyvyn kuormituksen alla.\r\nMatala t\u00e4rin\u00e4, vain 4.3 m\/s\u00b2\r\nOptimoitua porausta 4 - 10 mm (maks. 13 mm)\r\nTehokas 12-voltin moottori tarjoaa 0 - 900 r\/min ja 0 - 6200 iskua\/min, ainutlaatuista suorituskyky\u00e4\r\nREDLITHIUM-ION\u2122 akku tarjoaa jopa 2x enemm\u00e4n k\u00e4ytt\u00f6aikaa, jopa 20% enemm\u00e4n voimaa, jopa 2x pidemm\u00e4n akun k\u00e4ytt\u00f6i\u00e4n ja se toimii my\u00f6s alhaisissa, jopa -18\u00b0C pakkasessa, miss\u00e4 muut lithium-ion teknologiat eiv\u00e4t p\u00e4rj\u00e4\u00e4 43 mm kaulan koko - yhteensopiva M12 DE imurin kanssa\r\nM12 FUEL SDS plus poravasara hiiliharjattomalla moottorilla, voimakkaampi, kest\u00e4v\u00e4mpi ja pidempi\r\nk\u00e4ytt\u00f6ik\u00e4. Eritt\u00e4in k\u00e4tev\u00e4 k\u00e4sitell\u00e4 kompaktin \"L-muoto rakenteen ansiosta\". Iskuenergia 1,1 J.\r\nKuormittamaton kierrosnopeus 0-900 r\/min. Iskuluku 6 200 iskua\/min. T\u00e4rin\u00e4taso 4,3 m\/s2. Maks\r\nporauskapasiteetti betoniin 13 mm, optimaali 5-10mm porauksiin. Softgrip kahvat. Sis\u00e4\u00e4nrakennettu\r\nLED valo valaisee ty\u00f6st\u00f6alueen. Red Lithium-Ion akku antaa pitk\u00e4n k\u00e4ytt\u00f6ajan ja optimaalisen\r\nkest\u00e4vyyden. Akussa virtamittari. Paino akun kanssa 1,9 kg. Mukana 2 X 4,0 Ah Red Lithium-Ion akku,\r\n80 min laturi ja laukku","_et_gb_content_width":""},"pwb-brand":[1452],"product_brand":[],"product_cat":[740],"product_tag":[],"class_list":{"0":"post-7517","1":"product","2":"type-product","3":"status-publish","4":"has-post-thumbnail","6":"pwb-brand-milwaukee","7":"product_cat-akkuporavasarat","9":"first","10":"instock","11":"taxable","12":"shipping-taxable","13":"purchasable","14":"product-type-simple"},"brands":[{"id":1452,"name":"Milwaukee","slug":"milwaukee"}],"_links":{"self":[{"href":"https:\/\/silikotek.sapartners.site\/index.php\/wp-json\/wp\/v2\/product\/7517","targetHints":{"allow":["GET"]}}],"collection":[{"href":"https:\/\/silikotek.sapartners.site\/index.php\/wp-json\/wp\/v2\/product"}],"about":[{"href":"https:\/\/silikotek.sapartners.site\/index.php\/wp-json\/wp\/v2\/types\/product"}],"wp:featuredmedia":[{"embeddable":true,"href":"https:\/\/silikotek.sapartners.site\/index.php\/wp-json\/wp\/v2\/media\/21998"}],"wp:attachment":[{"href":"https:\/\/silikotek.sapartners.site\/index.php\/wp-json\/wp\/v2\/media?parent=7517"}],"wp:term":[{"taxonomy":"pwb-brand","embeddable":true,"href":"https:\/\/silikotek.sapartners.site\/index.php\/wp-json\/wp\/v2\/pwb-brand?post=7517"},{"taxonomy":"product_brand","embeddable":true,"href":"https:\/\/silikotek.sapartners.site\/index.php\/wp-json\/wp\/v2\/product_brand?post=7517"},{"taxonomy":"product_cat","embeddable":true,"href":"https:\/\/silikotek.sapartners.site\/index.php\/wp-json\/wp\/v2\/product_cat?post=7517"},{"taxonomy":"product_tag","embeddable":true,"href":"https:\/\/silikotek.sapartners.site\/index.php\/wp-json\/wp\/v2\/product_tag?post=7517"}],"curies":[{"name":"wp","href":"https:\/\/api.w.org\/{rel}","templated":true}]}}