{"id":7507,"date":"2014-03-31T10:48:09","date_gmt":"2014-03-31T10:48:09","guid":{"rendered":"http:\/\/192.168.100.222\/target_carts\/wordpress\/wordpress495\/wordpress\/?product=massapuristin-m12-pcg-600a201b"},"modified":"2020-04-27T08:59:07","modified_gmt":"2020-04-27T05:59:07","slug":"massapuristin-m12-pcg-600a201b","status":"publish","type":"product","link":"https:\/\/silikotek.sapartners.site\/index.php\/tuote\/massapuristin-m12-pcg-600a201b\/","title":{"rendered":"Milwaukee M12 PCG\/600A201B Kompakti Massapuristin 600 ml kalvopakkauksille"},"content":{"rendered":"<p>M12 massapuristin jopa 1780 N (180 kg) ty\u00f6nt\u00f6teholla. Optimoitu suorituskyky kaikille saumausaineille ja viile\u00e4mmillekin l\u00e4mp\u00f6tiloille. Standardi putkilon pidike johon sopii 400 ml putkilot. Pys\u00e4htyy v\u00e4litt\u00f6m\u00e4sti kun p\u00e4\u00e4st\u00e4\u00e4 irti liipasimesta, ei valumisia.Toiminnonvalitsin &#8211; 6 eri asetusta mahdollistaa parhaan kontrollin. Suuri, vahva m\u00e4nt\u00e4 mahdollistaa jatkuvan saumausaineen sy\u00f6t\u00f6n. V\u00e4hent\u00e4\u00e4 takaisinvetoa ja tyhjent\u00e4\u00e4 putkilot t\u00e4ysin. REDLINK&#x2122;-elektroniikka. Akussa virtamittari. Mukana toimitetaan 40 min. laturi, 1 x 2,0 Ah REDLITHIUM&#x2122;-ION-akku ja laukku.<\/p>\n","protected":false},"excerpt":{"rendered":"<div class=\"product__description-content js-product-content\">\n<p>Jopa 1750 N ty\u00f6nt\u00f6teho. REDLINK&#x2122;-ylikuormitussuojan elektroniikka ty\u00f6kaluissa ja akussa tuottaa luokkansa parhaan kest\u00e4vyyden.<br \/>\nOptimoitu suorituskyky kaikille saumausaineille jopa alhaisilla l\u00e4mp\u00f6tiloilla. Valumisenestotoiminto est\u00e4\u00e4 materiaalin ulostulon kun kone kytket\u00e4\u00e4n pois p\u00e4\u00e4lt\u00e4.<br \/>\n6-asteinen nopeudens\u00e4\u00e4t\u00f6. Suuri ty\u00f6nnin takaa jatkuvan puristuspaineen saumasusaineille ja ty\u00f6nt\u00e4\u00e4 putkiloista viimeisimm\u00e4tkin rippeet.<\/p>\n<p>Yksitt\u00e4isten akun kennojen valvonta optimoi ty\u00f6kalun k\u00e4ytt\u00f6ajan ja varmistaa akun kest\u00e4vyyden. Virtamittari ilmaisee j\u00e4ljell\u00e4 olevan varauksen. REDLITHIUM&#x2122;-ION-akun ylivoimainen rakenne, elektroniikka ja jatkuva suorituskyky takaavat pidemm\u00e4n k\u00e4ytt\u00f6ajan ja -i\u00e4n. Toimii kaikilla MILWAUKEE\u00ae M12&#x2122; -akuilla.<\/p>\n<\/div>\n","protected":false},"featured_media":20684,"template":"","meta":{"_et_pb_use_builder":"","_et_pb_old_content":"","_et_gb_content_width":""},"pwb-brand":[1452],"product_brand":[],"product_cat":[739,945],"product_tag":[],"class_list":{"0":"post-7507","1":"product","2":"type-product","3":"status-publish","4":"has-post-thumbnail","6":"pwb-brand-milwaukee","7":"product_cat-akkumassapuristimet","8":"product_cat-silikoni-ja-massapuristimet","10":"first","11":"instock","12":"taxable","13":"shipping-taxable","14":"purchasable","15":"product-type-simple"},"brands":[{"id":1452,"name":"Milwaukee","slug":"milwaukee"}],"_links":{"self":[{"href":"https:\/\/silikotek.sapartners.site\/index.php\/wp-json\/wp\/v2\/product\/7507","targetHints":{"allow":["GET"]}}],"collection":[{"href":"https:\/\/silikotek.sapartners.site\/index.php\/wp-json\/wp\/v2\/product"}],"about":[{"href":"https:\/\/silikotek.sapartners.site\/index.php\/wp-json\/wp\/v2\/types\/product"}],"wp:featuredmedia":[{"embeddable":true,"href":"https:\/\/silikotek.sapartners.site\/index.php\/wp-json\/wp\/v2\/media\/20684"}],"wp:attachment":[{"href":"https:\/\/silikotek.sapartners.site\/index.php\/wp-json\/wp\/v2\/media?parent=7507"}],"wp:term":[{"taxonomy":"pwb-brand","embeddable":true,"href":"https:\/\/silikotek.sapartners.site\/index.php\/wp-json\/wp\/v2\/pwb-brand?post=7507"},{"taxonomy":"product_brand","embeddable":true,"href":"https:\/\/silikotek.sapartners.site\/index.php\/wp-json\/wp\/v2\/product_brand?post=7507"},{"taxonomy":"product_cat","embeddable":true,"href":"https:\/\/silikotek.sapartners.site\/index.php\/wp-json\/wp\/v2\/product_cat?post=7507"},{"taxonomy":"product_tag","embeddable":true,"href":"https:\/\/silikotek.sapartners.site\/index.php\/wp-json\/wp\/v2\/product_tag?post=7507"}],"curies":[{"name":"wp","href":"https:\/\/api.w.org\/{rel}","templated":true}]}}