{"id":7009,"date":"2014-03-31T10:48:09","date_gmt":"2014-03-31T07:48:09","guid":{"rendered":"http:\/\/192.168.100.222\/target_carts\/wordpress\/wordpress495\/wordpress\/?product=hylsysarja-kstools-1-4-3-8-1-2-classic-917-0779"},"modified":"2024-09-30T09:53:14","modified_gmt":"2024-09-30T06:53:14","slug":"hylsysarja-kstools-1-4-3-8-1-2-classic-917-0779","status":"publish","type":"product","link":"https:\/\/silikotek.sapartners.site\/index.php\/tuote\/hylsysarja-kstools-1-4-3-8-1-2-classic-917-0779\/","title":{"rendered":"Kstools 179-osainen Classic Hylsysarja  1\/4&#8243;+3\/8&#8243;+1\/2&#8243;, 917.0779"},"content":{"rendered":"<h2 class=\"h4\">Ominaisuudet<\/h2>\n<div class=\"product--properties panel\">\n<table class=\"product--properties-table\">\n<tbody>\n<tr class=\"product--properties-item\">\n<td class=\"product--properties-label\">Profiili1:<\/td>\n<td><span class=\"product--properties-value\">6-kulmainen<\/span><\/td>\n<\/tr>\n<tr class=\"product--properties-item\">\n<td class=\"product--properties-label\">Pakkaus:<\/td>\n<td><span class=\"product--properties-value\">Muovilaukku, eritt\u00e4in tukeva<\/span><\/td>\n<\/tr>\n<tr class=\"product--properties-item\">\n<td class=\"product--properties-label\">Muoto:<\/td>\n<td><span class=\"product--properties-value\">Py\u00e4lletty<\/span><\/td>\n<\/tr>\n<tr class=\"product--properties-item\">\n<td class=\"product--properties-label\">Materiaali1:<\/td>\n<td><span class=\"product--properties-value\">Hieno kromivanadiiniter\u00e4s, matta, satinoitu, kromattu<\/span><\/td>\n<\/tr>\n<tr class=\"product--properties-item\">\n<td class=\"product--properties-label\">R\u00e4ikk\u00e4:<\/td>\n<td><span class=\"product--properties-value\">Kyll\u00e4<\/span><\/td>\n<\/tr>\n<tr class=\"product--properties-item\">\n<td class=\"product--properties-label\">K\u00e4\u00e4nt\u00f6kulma taakse:<\/td>\n<td><span class=\"product--properties-value\">5\u00b0<\/span><\/td>\n<\/tr>\n<tr class=\"product--properties-item\">\n<td class=\"product--properties-label\">Pakkauksen sis\u00e4lt\u00f6:<\/td>\n<td><span class=\"product--properties-value\">1<\/span><\/td>\n<\/tr>\n<tr class=\"product--properties-item\">\n<td class=\"product--properties-label\">Osia sarjassa:<\/td>\n<td><span class=\"product--properties-value\">179<\/span><\/td>\n<\/tr>\n<tr class=\"product--properties-item\">\n<td class=\"product--properties-label\">Hammas:<\/td>\n<td><span class=\"product--properties-value\">72<\/span><\/td>\n<\/tr>\n<tr class=\"product--properties-item\">\n<td class=\"product--properties-label\">Toimintoattribuutti 1:<\/td>\n<td><span class=\"product--properties-value\">Pikairrotustoiminto<\/span><\/td>\n<\/tr>\n<tr class=\"product--properties-item\">\n<td class=\"product--properties-label\">Toimintoattribuutti 2:<\/td>\n<td><span class=\"product--properties-value\">Vaihdettava<\/span><\/td>\n<\/tr>\n<tr class=\"product--properties-item\">\n<td class=\"product--properties-label\">Nelikantav\u00e4\u00e4nti\u00f6, tuuma:<\/td>\n<td><span class=\"product--properties-value\">1\/4&#8243;+3\/8&#8243;+1\/2&#8243;<\/span><\/td>\n<\/tr>\n<tr class=\"product--properties-item\">\n<td class=\"product--properties-label\">Paino g:<\/td>\n<td><span class=\"product--properties-value\">9000<\/span><\/td>\n<\/tr>\n<\/tbody>\n<\/table>\n<\/div>\n<p>1\/4&#8243; hylsyt: 4, 4,5, 5, 5,5, 6, 7, 8, 9, 10, 11, 12, 13, 14 mm<br \/>\n1\/4&#8243; hylsyt: E4, E5, E6, E7, E8<br \/>\n1\/4&#8243; hylsyt, pitk\u00e4: 4, 5, 6, 7, 8, 9, 10 mm<br \/>\n1\/4&#8243; jatkokappaleet: 50, 100 mm<br \/>\n1\/4&#8243; vaihtok\u00e4rjet: TX: T8, T9, T10, T15, T20, T25, T27, T30 TX,<br \/>\nt\u00e4htireik\u00e4: TB8, TB9, TB10, TB15, TB20, TB25, TB27, TB30 PH: PH0, PH1, PH2 PZ: PZ0, PZ1, PZ2<br \/>\nkuusikolo: 3, 4, 5, 6 mm ura: 4,5, 5, 6,5, 7 mm<br \/>\n1\/4&#8243; kardaaninivel<br \/>\n1\/4&#8243; nelikulmaruuvitaltta<br \/>\n1\/4&#8243; Kaksisuuntainen r\u00e4ikk\u00e4,<\/p>\n<p>hienohampainen 72 hampaan r\u00e4ikk\u00e4mekanismi 3\/8&#8243;:<br \/>\n3\/8&#8243; hylsyt: 10, 11, 12, 13, 14, 15, 16, 17, 18, 19 mm<br \/>\n3\/8&#8243; hylsyt: E10, E11, E12, E14, E16, E18 3\/8&#8243; hylsyt, pitk\u00e4: 10, 11, 12, 13, 14, 15 mm<br \/>\n3\/8&#8243; sytytystulppahylsy: 18 mm<br \/>\n3\/8&#8243; jatkokappale: 125 mm<br \/>\n3\/8&#8243; sovitin 8 mm k\u00e4rkipaloille<br \/>\n3\/8&#8243; kardaaninivel<br \/>\n3\/8&#8243; Kaksisuuntainen r\u00e4ikk\u00e4,<\/p>\n<p>hienohampainen 72 hampaan r\u00e4ikk\u00e4mekanismi 1\/2&#8243;:<br \/>\n1\/2&#8243; hylsyt: 10, 11, 12, 13, 14, 15, 16, 17, 18, 19, 20, 21, 22, 24, 27, 30, 32 mm<br \/>\n1\/2&#8243; hylsyt: E20, E24<br \/>\n1\/2&#8243; hylsyt, pitk\u00e4: 16, 17, 18, 19, 22 mm<br \/>\n1\/2&#8243; sytytystulppahylsyt: 16, 21 mm<br \/>\n1\/2&#8243; jatkokappale: 125 mm<br \/>\n1\/2&#8243; sovitin 8 mm k\u00e4rkipaloille<br \/>\n1\/2&#8243; kardaaninivel<br \/>\n1\/2&#8243; liukukappale k\u00e4ytett\u00e4v\u00e4ksi jatkovarren kanssa<br \/>\n1\/2&#8243; Kaksisuuntainen r\u00e4ikk\u00e4,<\/p>\n<p>hienohampainen 72 hampaan r\u00e4ikk\u00e4mekanismi 1\/4&#8243; x 25 mm<br \/>\nk\u00e4rkipalat: monihammas: M5, M6, M8 TX: T5, T6, T7 TX,<br \/>\nt\u00e4htireik\u00e4: TB7 Ribe: M6, M7, M8, M9<br \/>\nViisit\u00e4hti: IP10, IP15, IP20, IP25, IP27, IP30, IP40, IP45 8 mm x 30 mm<br \/>\nk\u00e4rkipalat: TX: T40, T45, T50, T55, T60, T70 TX,<br \/>\nt\u00e4htireik\u00e4: TB40, TB45, TB50, TB55, TB60, TB70<br \/>\nkuusikolo, 7, 8, 10, 12, 14 mm PH: PH3, PH4 PZ: PZ3, PZ4<br \/>\nura: 8, 10, 12 mm<br \/>\nKulmatappiavain: 1, 1,5, 2, 2,5, 3, 4, 5 mm<\/p>\n","protected":false},"excerpt":{"rendered":"<p>Eritt\u00e4in monipuolinen hylsysarja jossa 1\/4&#8243;, 3\/8&#8243;, 1\/2&#8243; hylsyt ja r\u00e4ik\u00e4t. Sarja sis\u00e4lt\u00e4\u00e4 mm. Xzn, torx, reik\u00e4torx, kuin Ribe bitshylsyt. Kaikki r\u00e4ik\u00e4t 72 hampaisia. Laadultaan ammattik\u00e4ytt\u00f6\u00f6n soveltuva, mutta hinnaltaan nyt my\u00f6s harrastajalle sopiva.<span style=\"line-height: 1.6;\">\u00a0<\/span><\/p>\n","protected":false},"featured_media":21444,"template":"","meta":{"_et_pb_use_builder":"","_et_pb_old_content":"","_et_gb_content_width":""},"pwb-brand":[1454],"product_brand":[],"product_cat":[1619],"product_tag":[1478,1479,1477,1463],"class_list":{"0":"post-7009","1":"product","2":"type-product","3":"status-publish","4":"has-post-thumbnail","6":"pwb-brand-kstools","7":"product_cat-1-43-81-2-hylsysarjat","8":"product_tag-hyva-hylsysarja","9":"product_tag-monipuolinen-hylsysarja","10":"product_tag-paras-hylsysarja","11":"product_tag-tyokalupakki","13":"first","14":"instock","15":"taxable","16":"shipping-taxable","17":"purchasable","18":"product-type-simple"},"brands":[{"id":1454,"name":"Kstools","slug":"kstools"}],"_links":{"self":[{"href":"https:\/\/silikotek.sapartners.site\/index.php\/wp-json\/wp\/v2\/product\/7009","targetHints":{"allow":["GET"]}}],"collection":[{"href":"https:\/\/silikotek.sapartners.site\/index.php\/wp-json\/wp\/v2\/product"}],"about":[{"href":"https:\/\/silikotek.sapartners.site\/index.php\/wp-json\/wp\/v2\/types\/product"}],"wp:featuredmedia":[{"embeddable":true,"href":"https:\/\/silikotek.sapartners.site\/index.php\/wp-json\/wp\/v2\/media\/21444"}],"wp:attachment":[{"href":"https:\/\/silikotek.sapartners.site\/index.php\/wp-json\/wp\/v2\/media?parent=7009"}],"wp:term":[{"taxonomy":"pwb-brand","embeddable":true,"href":"https:\/\/silikotek.sapartners.site\/index.php\/wp-json\/wp\/v2\/pwb-brand?post=7009"},{"taxonomy":"product_brand","embeddable":true,"href":"https:\/\/silikotek.sapartners.site\/index.php\/wp-json\/wp\/v2\/product_brand?post=7009"},{"taxonomy":"product_cat","embeddable":true,"href":"https:\/\/silikotek.sapartners.site\/index.php\/wp-json\/wp\/v2\/product_cat?post=7009"},{"taxonomy":"product_tag","embeddable":true,"href":"https:\/\/silikotek.sapartners.site\/index.php\/wp-json\/wp\/v2\/product_tag?post=7009"}],"curies":[{"name":"wp","href":"https:\/\/api.w.org\/{rel}","templated":true}]}}