{"id":6853,"date":"2014-03-31T10:48:09","date_gmt":"2014-03-31T10:48:09","guid":{"rendered":"http:\/\/192.168.100.222\/target_carts\/wordpress\/wordpress495\/wordpress\/?product=sytytystulppa-avaimet-t-kahvalla"},"modified":"2020-11-02T10:42:40","modified_gmt":"2020-11-02T08:42:40","slug":"sytytystulppa-avaimet-t-kahvalla","status":"publish","type":"product","link":"https:\/\/silikotek.sapartners.site\/index.php\/tuote\/sytytystulppa-avaimet-t-kahvalla\/","title":{"rendered":"Kstools Sytytystulppa avaimet T-kahvalla 517.1130"},"content":{"rendered":"<table class=\"product--properties-table\">\n<tbody>\n<tr class=\"product--properties-item\">\n<td class=\"product--properties-label\">Pakkaus:<\/td>\n<td><span class=\"product--properties-value\">Pahvinen esittelyteline<\/span><\/td>\n<\/tr>\n<tr class=\"product--properties-item\">\n<td class=\"product--properties-label\">Profiili2:<\/td>\n<td><span class=\"product--properties-value\">Metrikoot<\/span><\/td>\n<\/tr>\n<tr class=\"product--properties-item\">\n<td class=\"product--properties-label\">Materiaali1:<\/td>\n<td><span class=\"product--properties-value\">Hieno kromivanadiiniter\u00e4s, matta, satinoitu, kromattu<\/span><\/td>\n<\/tr>\n<tr class=\"product--properties-item\">\n<td class=\"product--properties-label\">Profiili1:<\/td>\n<td><span class=\"product--properties-value\">Flank Traction<\/span><\/td>\n<\/tr>\n<tr class=\"product--properties-item\">\n<td class=\"product--properties-label\">Kahva:<\/td>\n<td><span class=\"product--properties-value\">T-ty\u00f6nt\u00f6kahva<\/span><\/td>\n<\/tr>\n<tr class=\"product--properties-item\">\n<td class=\"product--properties-label\">Pakkauksen sis\u00e4lt\u00f6:<\/td>\n<td><span class=\"product--properties-value\">1<\/span><\/td>\n<\/tr>\n<tr class=\"product--properties-item\">\n<td class=\"product--properties-label\">Osia sarjassa:<\/td>\n<td><span class=\"product--properties-value\">4: 14 mm, 16 mm, 18 mm, 21 mm<br \/>\n<\/span><\/td>\n<\/tr>\n<tr class=\"product--properties-item\">\n<td class=\"product--properties-label\">Paino g:<\/td>\n<td><span class=\"product--properties-value\">2420<\/span><\/td>\n<\/tr>\n<\/tbody>\n<\/table>\n<p>&nbsp;<\/p>\n","protected":false},"excerpt":{"rendered":"<div class=\"product--description\">\n<ul>\n<li class=\"liste\">12-kulmainen<\/li>\n<li class=\"liste\">12-kulmainen profiili mahdollistaa kuusi- ja 12-kulmaisten sytytystulppien k\u00e4sittelyn<\/li>\n<li class=\"liste\">vaikeasti p\u00e4\u00e4st\u00e4viin paikkoihin<\/li>\n<li class=\"liste\">yleisk\u00e4ytt\u00f6inen<\/li>\n<li class=\"liste\">nivelletty<\/li>\n<li class=\"liste\">kuminen osa sytytystulppien pit\u00e4miseen<\/li>\n<li class=\"liste\">matta, satinoitu<\/li>\n<li class=\"liste\">kromivanadiinia<\/li>\n<\/ul>\n<\/div>\n","protected":false},"featured_media":23573,"template":"","meta":{"_et_pb_use_builder":"","_et_pb_old_content":"","_et_gb_content_width":""},"pwb-brand":[1454],"product_brand":[],"product_cat":[928,751,753],"product_tag":[],"class_list":{"0":"post-6853","1":"product","2":"type-product","3":"status-publish","4":"has-post-thumbnail","6":"pwb-brand-kstools","7":"product_cat-sytytystulppahylsyt","8":"product_cat-moottori-tyokalut","9":"product_cat-autosahkotyokalut","11":"first","12":"instock","13":"taxable","14":"shipping-taxable","15":"purchasable","16":"product-type-simple"},"brands":[{"id":1454,"name":"Kstools","slug":"kstools"}],"_links":{"self":[{"href":"https:\/\/silikotek.sapartners.site\/index.php\/wp-json\/wp\/v2\/product\/6853","targetHints":{"allow":["GET"]}}],"collection":[{"href":"https:\/\/silikotek.sapartners.site\/index.php\/wp-json\/wp\/v2\/product"}],"about":[{"href":"https:\/\/silikotek.sapartners.site\/index.php\/wp-json\/wp\/v2\/types\/product"}],"wp:featuredmedia":[{"embeddable":true,"href":"https:\/\/silikotek.sapartners.site\/index.php\/wp-json\/wp\/v2\/media\/23573"}],"wp:attachment":[{"href":"https:\/\/silikotek.sapartners.site\/index.php\/wp-json\/wp\/v2\/media?parent=6853"}],"wp:term":[{"taxonomy":"pwb-brand","embeddable":true,"href":"https:\/\/silikotek.sapartners.site\/index.php\/wp-json\/wp\/v2\/pwb-brand?post=6853"},{"taxonomy":"product_brand","embeddable":true,"href":"https:\/\/silikotek.sapartners.site\/index.php\/wp-json\/wp\/v2\/product_brand?post=6853"},{"taxonomy":"product_cat","embeddable":true,"href":"https:\/\/silikotek.sapartners.site\/index.php\/wp-json\/wp\/v2\/product_cat?post=6853"},{"taxonomy":"product_tag","embeddable":true,"href":"https:\/\/silikotek.sapartners.site\/index.php\/wp-json\/wp\/v2\/product_tag?post=6853"}],"curies":[{"name":"wp","href":"https:\/\/api.w.org\/{rel}","templated":true}]}}