{"id":6836,"date":"2014-03-31T10:48:09","date_gmt":"2014-03-31T10:48:09","guid":{"rendered":"http:\/\/192.168.100.222\/target_carts\/wordpress\/wordpress495\/wordpress\/?product=laakereiden-asennus-ja-irroitustyokalusarja"},"modified":"2022-03-23T14:01:33","modified_gmt":"2022-03-23T12:01:33","slug":"laakereiden-asennus-ja-irroitustyokalusarja","status":"publish","type":"product","link":"https:\/\/silikotek.sapartners.site\/index.php\/tuote\/laakereiden-asennus-ja-irroitustyokalusarja\/","title":{"rendered":"Laakereiden asennus ja irroitusty\u00f6kalusarja"},"content":{"rendered":"<p>&#8211; Purkamiseen ja kokoamiseen<br \/>\n&#8211; Jousitusta ja vetoakselin nivelt\u00e4 ei en\u00e4\u00e4 tarvitse irroittaa<br \/>\n&#8211; 300 mm karalla<br \/>\n&#8211; Paine laakeri suojaa kitkalta prosessin aikana<br \/>\n&#8211; Erikoister\u00e4st\u00e4<\/p>\n<p>K\u00e4ytt\u00f6alue:<\/p>\n<p>VW, Audi, Opel, Mercedes Benz, Peugeot, Citroen, Renault, Ford, Honda, Mazda, Mitsubishi, Nissan, Toyota, Austin-Maestro BMW<\/p>\n","protected":false},"excerpt":{"rendered":"<p>Py\u00f6r\u00e4n laakereiden asennus ja irroitussarja<\/p>\n","protected":false},"featured_media":6835,"template":"","meta":{"_et_pb_use_builder":"","_et_pb_old_content":"","_et_gb_content_width":""},"pwb-brand":[1454],"product_brand":[],"product_cat":[769],"product_tag":[],"class_list":{"0":"post-6836","1":"product","2":"type-product","3":"status-publish","4":"has-post-thumbnail","6":"pwb-brand-kstools","7":"product_cat-vaihteisto-ja-voimansiirto","9":"first","10":"instock","11":"taxable","12":"shipping-taxable","13":"purchasable","14":"product-type-simple"},"brands":[{"id":1454,"name":"Kstools","slug":"kstools"}],"_links":{"self":[{"href":"https:\/\/silikotek.sapartners.site\/index.php\/wp-json\/wp\/v2\/product\/6836","targetHints":{"allow":["GET"]}}],"collection":[{"href":"https:\/\/silikotek.sapartners.site\/index.php\/wp-json\/wp\/v2\/product"}],"about":[{"href":"https:\/\/silikotek.sapartners.site\/index.php\/wp-json\/wp\/v2\/types\/product"}],"wp:featuredmedia":[{"embeddable":true,"href":"https:\/\/silikotek.sapartners.site\/index.php\/wp-json\/wp\/v2\/media\/6835"}],"wp:attachment":[{"href":"https:\/\/silikotek.sapartners.site\/index.php\/wp-json\/wp\/v2\/media?parent=6836"}],"wp:term":[{"taxonomy":"pwb-brand","embeddable":true,"href":"https:\/\/silikotek.sapartners.site\/index.php\/wp-json\/wp\/v2\/pwb-brand?post=6836"},{"taxonomy":"product_brand","embeddable":true,"href":"https:\/\/silikotek.sapartners.site\/index.php\/wp-json\/wp\/v2\/product_brand?post=6836"},{"taxonomy":"product_cat","embeddable":true,"href":"https:\/\/silikotek.sapartners.site\/index.php\/wp-json\/wp\/v2\/product_cat?post=6836"},{"taxonomy":"product_tag","embeddable":true,"href":"https:\/\/silikotek.sapartners.site\/index.php\/wp-json\/wp\/v2\/product_tag?post=6836"}],"curies":[{"name":"wp","href":"https:\/\/api.w.org\/{rel}","templated":true}]}}