{"id":6806,"date":"2014-03-31T10:48:09","date_gmt":"2014-03-31T10:48:09","guid":{"rendered":"http:\/\/192.168.100.222\/target_carts\/wordpress\/wordpress495\/wordpress\/?product=jarrumannan-puristustyokalusarja"},"modified":"2014-04-22T21:17:51","modified_gmt":"2014-04-22T21:17:51","slug":"jarrumannan-puristustyokalusarja","status":"publish","type":"product","link":"https:\/\/silikotek.sapartners.site\/index.php\/tuote\/jarrumannan-puristustyokalusarja\/","title":{"rendered":"Jarrum\u00e4nn\u00e4n puristusty\u00f6kalusarja"},"content":{"rendered":"<p>K\u00e4ytt\u00f6alue:<br \/>0 &#8211; Yleismoottorit<br \/>2 &#8211; Citroen XM, Xantia, jne.<br \/>3 &#8211; Alfa Romeo, Audi, Austin, BMW, Ford, Honda, Jaquar<br \/>4 &#8211; Alfra Romeo 164 2,0, Ford, Mazda, Saab 9000, Subaru<br \/>5 &#8211; Adapteri 3\/8&#8243;<br \/>6 &#8211; Nissan Primera, VW Golf IV<br \/>7 &#8211; Audi 80\/90\/100\/V8, Ford Sierra ABS + Scorpio after 85, Honda Prelude, Nissan Silvia 1.8 Turbo, Rover<br \/>8 &#8211; Yleismoottorit<br \/>9 &#8211; Yleismoottorit<br \/>G &#8211; Opel Astra<br \/>Z &#8211; Renault<br \/>M &#8211; Ford<br \/>N &#8211; Saab Honda<\/p>\n","protected":false},"excerpt":{"rendered":"<p>Ty\u00f6kalusarja jarrum\u00e4nn\u00e4n puristamiseen py\u00f6ritt\u00e4miseen<\/p>\n","protected":false},"featured_media":6805,"template":"","meta":{"_et_pb_use_builder":"","_et_pb_old_content":"","_et_gb_content_width":""},"pwb-brand":[],"product_brand":[],"product_cat":[748],"product_tag":[],"class_list":{"0":"post-6806","1":"product","2":"type-product","3":"status-publish","4":"has-post-thumbnail","6":"product_cat-jarru-tyokalut","8":"first","9":"instock","10":"sale","11":"taxable","12":"shipping-taxable","13":"purchasable","14":"product-type-simple"},"brands":[],"_links":{"self":[{"href":"https:\/\/silikotek.sapartners.site\/index.php\/wp-json\/wp\/v2\/product\/6806","targetHints":{"allow":["GET"]}}],"collection":[{"href":"https:\/\/silikotek.sapartners.site\/index.php\/wp-json\/wp\/v2\/product"}],"about":[{"href":"https:\/\/silikotek.sapartners.site\/index.php\/wp-json\/wp\/v2\/types\/product"}],"wp:featuredmedia":[{"embeddable":true,"href":"https:\/\/silikotek.sapartners.site\/index.php\/wp-json\/wp\/v2\/media\/6805"}],"wp:attachment":[{"href":"https:\/\/silikotek.sapartners.site\/index.php\/wp-json\/wp\/v2\/media?parent=6806"}],"wp:term":[{"taxonomy":"pwb-brand","embeddable":true,"href":"https:\/\/silikotek.sapartners.site\/index.php\/wp-json\/wp\/v2\/pwb-brand?post=6806"},{"taxonomy":"product_brand","embeddable":true,"href":"https:\/\/silikotek.sapartners.site\/index.php\/wp-json\/wp\/v2\/product_brand?post=6806"},{"taxonomy":"product_cat","embeddable":true,"href":"https:\/\/silikotek.sapartners.site\/index.php\/wp-json\/wp\/v2\/product_cat?post=6806"},{"taxonomy":"product_tag","embeddable":true,"href":"https:\/\/silikotek.sapartners.site\/index.php\/wp-json\/wp\/v2\/product_tag?post=6806"}],"curies":[{"name":"wp","href":"https:\/\/api.w.org\/{rel}","templated":true}]}}