{"id":6804,"date":"2014-03-31T10:48:09","date_gmt":"2014-03-31T10:48:09","guid":{"rendered":"http:\/\/192.168.100.222\/target_carts\/wordpress\/wordpress495\/wordpress\/?product=auton-renkaiden-vulkanointi-korjaussarja"},"modified":"2024-09-30T09:52:56","modified_gmt":"2024-09-30T06:52:56","slug":"auton-renkaiden-vulkanointi-korjaussarja","status":"publish","type":"product","link":"https:\/\/silikotek.sapartners.site\/index.php\/tuote\/auton-renkaiden-vulkanointi-korjaussarja\/","title":{"rendered":"Kstools Auton renkaiden vulkanointi ja paikkaussarja 150.1070"},"content":{"rendered":"<p>Sis\u00e4lt\u00e4\u00e4 vulkanointineste 70 g, vulkanointi lakritsat 60 kpl, vulkanointi neula, vulkanointi reik\u00e4ty\u00f6kalu ja vulkanointipuukko. T\u00e4ss\u00e4 t\u00e4ydellinen sarja renkaan reikien vulkanointiin. Hyv\u00e4 olla mukana autossa varalla jos rengas puhkeaa.<\/p>\n","protected":false},"excerpt":{"rendered":"<p>Renkaan paikkaussarja. <b>K\u00e4ytt\u00f6kohteet:<\/b>\u00a0henkil\u00f6autot, moottoripy\u00f6r\u00e4t, pakettiautot ja suuret limusiinit<\/p>\n","protected":false},"featured_media":17769,"template":"","meta":{"_et_pb_use_builder":"","_et_pb_old_content":"","_et_gb_content_width":""},"pwb-brand":[1454],"product_brand":[],"product_cat":[752],"product_tag":[1751,1749,1750],"class_list":{"0":"post-6804","1":"product","2":"type-product","3":"status-publish","4":"has-post-thumbnail","6":"pwb-brand-kstools","7":"product_cat-rengas-tyokalut","8":"product_tag-paikkaussarja","9":"product_tag-renkaan-paikkaus","10":"product_tag-tubeless","12":"first","13":"instock","14":"taxable","15":"shipping-taxable","16":"purchasable","17":"product-type-simple"},"brands":[{"id":1454,"name":"Kstools","slug":"kstools"}],"_links":{"self":[{"href":"https:\/\/silikotek.sapartners.site\/index.php\/wp-json\/wp\/v2\/product\/6804","targetHints":{"allow":["GET"]}}],"collection":[{"href":"https:\/\/silikotek.sapartners.site\/index.php\/wp-json\/wp\/v2\/product"}],"about":[{"href":"https:\/\/silikotek.sapartners.site\/index.php\/wp-json\/wp\/v2\/types\/product"}],"wp:featuredmedia":[{"embeddable":true,"href":"https:\/\/silikotek.sapartners.site\/index.php\/wp-json\/wp\/v2\/media\/17769"}],"wp:attachment":[{"href":"https:\/\/silikotek.sapartners.site\/index.php\/wp-json\/wp\/v2\/media?parent=6804"}],"wp:term":[{"taxonomy":"pwb-brand","embeddable":true,"href":"https:\/\/silikotek.sapartners.site\/index.php\/wp-json\/wp\/v2\/pwb-brand?post=6804"},{"taxonomy":"product_brand","embeddable":true,"href":"https:\/\/silikotek.sapartners.site\/index.php\/wp-json\/wp\/v2\/product_brand?post=6804"},{"taxonomy":"product_cat","embeddable":true,"href":"https:\/\/silikotek.sapartners.site\/index.php\/wp-json\/wp\/v2\/product_cat?post=6804"},{"taxonomy":"product_tag","embeddable":true,"href":"https:\/\/silikotek.sapartners.site\/index.php\/wp-json\/wp\/v2\/product_tag?post=6804"}],"curies":[{"name":"wp","href":"https:\/\/api.w.org\/{rel}","templated":true}]}}