{"id":6795,"date":"2014-03-31T10:48:09","date_gmt":"2014-03-31T10:48:09","guid":{"rendered":"http:\/\/192.168.100.222\/target_carts\/wordpress\/wordpress495\/wordpress\/?product=momentinmuunnin-4000-nm-5-os-sarja"},"modified":"2014-04-23T14:27:24","modified_gmt":"2014-04-23T14:27:24","slug":"momentinmuunnin-4000-nm-5-os-sarja","status":"publish","type":"product","link":"https:\/\/silikotek.sapartners.site\/index.php\/tuote\/momentinmuunnin-4000-nm-5-os-sarja\/","title":{"rendered":"Momentinmuunnin 4000 Nm 5-os sarja"},"content":{"rendered":"<p>Eritt\u00e4in voimakas momentinmuunnin. 5-os sarja. Sis\u00e4lt\u00e4\u00e4 jatkovarren ja hylsyt 30 mm ja 32 mm. Ulostuleva voima 4000 Nm<\/p>\n","protected":false},"excerpt":{"rendered":"<p>Momentinmuunnin 1&#8243; 4000 Nm<\/p>\n","protected":false},"featured_media":6794,"template":"","meta":{"_et_pb_use_builder":"","_et_pb_old_content":"","_et_gb_content_width":""},"pwb-brand":[],"product_brand":[],"product_cat":[748,769],"product_tag":[],"class_list":{"0":"post-6795","1":"product","2":"type-product","3":"status-publish","4":"has-post-thumbnail","6":"product_cat-jarru-tyokalut","7":"product_cat-vaihteisto-ja-voimansiirto","9":"first","10":"instock","11":"sale","12":"taxable","13":"shipping-taxable","14":"purchasable","15":"product-type-simple"},"brands":[],"_links":{"self":[{"href":"https:\/\/silikotek.sapartners.site\/index.php\/wp-json\/wp\/v2\/product\/6795","targetHints":{"allow":["GET"]}}],"collection":[{"href":"https:\/\/silikotek.sapartners.site\/index.php\/wp-json\/wp\/v2\/product"}],"about":[{"href":"https:\/\/silikotek.sapartners.site\/index.php\/wp-json\/wp\/v2\/types\/product"}],"wp:featuredmedia":[{"embeddable":true,"href":"https:\/\/silikotek.sapartners.site\/index.php\/wp-json\/wp\/v2\/media\/6794"}],"wp:attachment":[{"href":"https:\/\/silikotek.sapartners.site\/index.php\/wp-json\/wp\/v2\/media?parent=6795"}],"wp:term":[{"taxonomy":"pwb-brand","embeddable":true,"href":"https:\/\/silikotek.sapartners.site\/index.php\/wp-json\/wp\/v2\/pwb-brand?post=6795"},{"taxonomy":"product_brand","embeddable":true,"href":"https:\/\/silikotek.sapartners.site\/index.php\/wp-json\/wp\/v2\/product_brand?post=6795"},{"taxonomy":"product_cat","embeddable":true,"href":"https:\/\/silikotek.sapartners.site\/index.php\/wp-json\/wp\/v2\/product_cat?post=6795"},{"taxonomy":"product_tag","embeddable":true,"href":"https:\/\/silikotek.sapartners.site\/index.php\/wp-json\/wp\/v2\/product_tag?post=6795"}],"curies":[{"name":"wp","href":"https:\/\/api.w.org\/{rel}","templated":true}]}}