{"id":6780,"date":"2014-03-31T10:48:09","date_gmt":"2014-03-31T10:48:09","guid":{"rendered":"http:\/\/192.168.100.222\/target_carts\/wordpress\/wordpress495\/wordpress\/?product=vetoniittipihdit-niittimutteripihdit-sarja"},"modified":"2023-01-04T23:26:01","modified_gmt":"2023-01-04T21:26:01","slug":"vetoniittipihdit-niittimutteripihdit-sarja","status":"publish","type":"product","link":"https:\/\/silikotek.sapartners.site\/index.php\/tuote\/vetoniittipihdit-niittimutteripihdit-sarja\/","title":{"rendered":"Vetoniittipihdit\/niittimutteripihdit sarja"},"content":{"rendered":"<p>&#8211; 360\u00b0 k\u00e4\u00e4ntyv\u00e4 p\u00e4\u00e4, eritt\u00e4in k\u00e4tev\u00e4 ahtaissa paikoissa.<br \/>\n&#8211; Suoriutuu hyvin vaikeasti p\u00e4\u00e4st\u00e4ville alueille<br \/>\n&#8211; Valettu metallirunko<\/p>\n<p>Niitit: 2,4 &#8211; 3,2 &#8211; 4,0 &#8211; 4,8, niittimutterit M3, M4, M5 ja M6<\/p>\n","protected":false},"excerpt":{"rendered":"<p>Vetiniittipihtisarja\/niittimutteripihtisarja k\u00e4\u00e4ntyv\u00e4ll\u00e4 p\u00e4\u00e4ll\u00e4.<\/p>\n","protected":false},"featured_media":6779,"template":"","meta":{"_et_pb_use_builder":"","_et_pb_old_content":"","_et_gb_content_width":""},"pwb-brand":[],"product_brand":[],"product_cat":[754,765],"product_tag":[],"class_list":{"0":"post-6780","1":"product","2":"type-product","3":"status-publish","4":"has-post-thumbnail","6":"product_cat-kori-tyokalut","7":"product_cat-niittauspihdit","9":"first","10":"instock","11":"taxable","12":"shipping-taxable","13":"purchasable","14":"product-type-simple"},"brands":[],"_links":{"self":[{"href":"https:\/\/silikotek.sapartners.site\/index.php\/wp-json\/wp\/v2\/product\/6780","targetHints":{"allow":["GET"]}}],"collection":[{"href":"https:\/\/silikotek.sapartners.site\/index.php\/wp-json\/wp\/v2\/product"}],"about":[{"href":"https:\/\/silikotek.sapartners.site\/index.php\/wp-json\/wp\/v2\/types\/product"}],"wp:featuredmedia":[{"embeddable":true,"href":"https:\/\/silikotek.sapartners.site\/index.php\/wp-json\/wp\/v2\/media\/6779"}],"wp:attachment":[{"href":"https:\/\/silikotek.sapartners.site\/index.php\/wp-json\/wp\/v2\/media?parent=6780"}],"wp:term":[{"taxonomy":"pwb-brand","embeddable":true,"href":"https:\/\/silikotek.sapartners.site\/index.php\/wp-json\/wp\/v2\/pwb-brand?post=6780"},{"taxonomy":"product_brand","embeddable":true,"href":"https:\/\/silikotek.sapartners.site\/index.php\/wp-json\/wp\/v2\/product_brand?post=6780"},{"taxonomy":"product_cat","embeddable":true,"href":"https:\/\/silikotek.sapartners.site\/index.php\/wp-json\/wp\/v2\/product_cat?post=6780"},{"taxonomy":"product_tag","embeddable":true,"href":"https:\/\/silikotek.sapartners.site\/index.php\/wp-json\/wp\/v2\/product_tag?post=6780"}],"curies":[{"name":"wp","href":"https:\/\/api.w.org\/{rel}","templated":true}]}}