{"id":6778,"date":"2014-03-31T10:48:09","date_gmt":"2014-03-31T10:48:09","guid":{"rendered":"http:\/\/192.168.100.222\/target_carts\/wordpress\/wordpress495\/wordpress\/?product=vetoniittipihti-pitkavartinen"},"modified":"2014-04-22T21:50:41","modified_gmt":"2014-04-22T21:50:41","slug":"vetoniittipihti-pitkavartinen","status":"publish","type":"product","link":"https:\/\/silikotek.sapartners.site\/index.php\/tuote\/vetoniittipihti-pitkavartinen\/","title":{"rendered":"Vetoniittipihti pitk\u00e4vartinen"},"content":{"rendered":"<p>Soveltuu niiteille 2,4, 3,2, 4,0 ja 4,8 mm. Kahden puristuskahvan ansiosta tarvii v\u00e4hemm\u00e4n voimaa puristamiseen kuin perinteiset niittipihdit.<\/p>\n","protected":false},"excerpt":{"rendered":"<p>Vetoniitipihti.<\/p>\n","protected":false},"featured_media":6777,"template":"","meta":{"_et_pb_use_builder":"","_et_pb_old_content":"","_et_gb_content_width":""},"pwb-brand":[],"product_brand":[],"product_cat":[754,765],"product_tag":[],"class_list":{"0":"post-6778","1":"product","2":"type-product","3":"status-publish","4":"has-post-thumbnail","6":"product_cat-kori-tyokalut","7":"product_cat-niittauspihdit","9":"first","10":"instock","11":"sale","12":"taxable","13":"shipping-taxable","14":"purchasable","15":"product-type-simple"},"brands":[],"_links":{"self":[{"href":"https:\/\/silikotek.sapartners.site\/index.php\/wp-json\/wp\/v2\/product\/6778","targetHints":{"allow":["GET"]}}],"collection":[{"href":"https:\/\/silikotek.sapartners.site\/index.php\/wp-json\/wp\/v2\/product"}],"about":[{"href":"https:\/\/silikotek.sapartners.site\/index.php\/wp-json\/wp\/v2\/types\/product"}],"wp:featuredmedia":[{"embeddable":true,"href":"https:\/\/silikotek.sapartners.site\/index.php\/wp-json\/wp\/v2\/media\/6777"}],"wp:attachment":[{"href":"https:\/\/silikotek.sapartners.site\/index.php\/wp-json\/wp\/v2\/media?parent=6778"}],"wp:term":[{"taxonomy":"pwb-brand","embeddable":true,"href":"https:\/\/silikotek.sapartners.site\/index.php\/wp-json\/wp\/v2\/pwb-brand?post=6778"},{"taxonomy":"product_brand","embeddable":true,"href":"https:\/\/silikotek.sapartners.site\/index.php\/wp-json\/wp\/v2\/product_brand?post=6778"},{"taxonomy":"product_cat","embeddable":true,"href":"https:\/\/silikotek.sapartners.site\/index.php\/wp-json\/wp\/v2\/product_cat?post=6778"},{"taxonomy":"product_tag","embeddable":true,"href":"https:\/\/silikotek.sapartners.site\/index.php\/wp-json\/wp\/v2\/product_tag?post=6778"}],"curies":[{"name":"wp","href":"https:\/\/api.w.org\/{rel}","templated":true}]}}