{"id":6758,"date":"2014-03-31T10:48:09","date_gmt":"2014-03-31T10:48:09","guid":{"rendered":"http:\/\/192.168.100.222\/target_carts\/wordpress\/wordpress495\/wordpress\/?product=kstools-118-0055-reiitys-pihdit"},"modified":"2014-04-24T16:14:55","modified_gmt":"2014-04-24T16:14:55","slug":"kstools-118-0055-reiitys-pihdit","status":"publish","type":"product","link":"https:\/\/silikotek.sapartners.site\/index.php\/tuote\/kstools-118-0055-reiitys-pihdit\/","title":{"rendered":"KSTools 118.0055 Rei&#8217;itys pihdit"},"content":{"rendered":"<p>&#8211; Itse aukeava<br \/>&#8211; Nopea muuntaminen k\u00e4\u00e4nt\u00e4m\u00e4ll\u00e4 p\u00e4\u00e4t\u00e4<br \/>&#8211; L\u00e4vist\u00e4\u00e4 1,25mm paksuuteen asti<br \/>&#8211; Rei\u00e4n halkaisija 5 mm<br \/>&#8211; Erikoisty\u00f6kaluter\u00e4st\u00e4<\/p>\n","protected":false},"excerpt":{"rendered":"<p>&#8211; Itse aukeava&#8211; Nopea muuntaminen k\u00e4\u00e4nt\u00e4m\u00e4ll\u00e4 p\u00e4\u00e4t\u00e4&#8211; L\u00e4vist\u00e4\u00e4 1,25mm paksuuteen asti&#8211; Rei\u00e4n halkaisija 5 mm&#8211; Erikoisty\u00f6kaluter\u00e4st\u00e4<\/p>\n","protected":false},"featured_media":6757,"template":"","meta":{"_et_pb_use_builder":"","_et_pb_old_content":"","_et_gb_content_width":""},"pwb-brand":[],"product_brand":[],"product_cat":[754],"product_tag":[],"class_list":{"0":"post-6758","1":"product","2":"type-product","3":"status-publish","4":"has-post-thumbnail","6":"product_cat-kori-tyokalut","8":"first","9":"instock","10":"sale","11":"taxable","12":"shipping-taxable","13":"purchasable","14":"product-type-simple"},"brands":[],"_links":{"self":[{"href":"https:\/\/silikotek.sapartners.site\/index.php\/wp-json\/wp\/v2\/product\/6758","targetHints":{"allow":["GET"]}}],"collection":[{"href":"https:\/\/silikotek.sapartners.site\/index.php\/wp-json\/wp\/v2\/product"}],"about":[{"href":"https:\/\/silikotek.sapartners.site\/index.php\/wp-json\/wp\/v2\/types\/product"}],"wp:featuredmedia":[{"embeddable":true,"href":"https:\/\/silikotek.sapartners.site\/index.php\/wp-json\/wp\/v2\/media\/6757"}],"wp:attachment":[{"href":"https:\/\/silikotek.sapartners.site\/index.php\/wp-json\/wp\/v2\/media?parent=6758"}],"wp:term":[{"taxonomy":"pwb-brand","embeddable":true,"href":"https:\/\/silikotek.sapartners.site\/index.php\/wp-json\/wp\/v2\/pwb-brand?post=6758"},{"taxonomy":"product_brand","embeddable":true,"href":"https:\/\/silikotek.sapartners.site\/index.php\/wp-json\/wp\/v2\/product_brand?post=6758"},{"taxonomy":"product_cat","embeddable":true,"href":"https:\/\/silikotek.sapartners.site\/index.php\/wp-json\/wp\/v2\/product_cat?post=6758"},{"taxonomy":"product_tag","embeddable":true,"href":"https:\/\/silikotek.sapartners.site\/index.php\/wp-json\/wp\/v2\/product_tag?post=6758"}],"curies":[{"name":"wp","href":"https:\/\/api.w.org\/{rel}","templated":true}]}}